{"id":11158,"date":"2025-02-18T12:29:00","date_gmt":"2025-02-18T11:29:00","guid":{"rendered":"https:\/\/wiejskieprzysmaki.estima.site\/produkt\/papier-ryzowy-na-spring-rollsy-i-sajgonki-bezglutenowy-bio-10-szt-100-g-amaizin\/"},"modified":"2025-02-18T12:29:06","modified_gmt":"2025-02-18T11:29:06","slug":"papier-ryzowy-na-spring-rollsy-i-sajgonki-bezglutenowy-bio-10-szt-100-g-amaizin","status":"publish","type":"product","link":"https:\/\/wiejskieprzysmaki.estima.site\/en\/product\/papier-ryzowy-na-spring-rollsy-i-sajgonki-bezglutenowy-bio-10-szt-100-g-amaizin\/","title":{"rendered":"PAPIER RY\u017bOWY NA SPRING ROLLSY I SAJGONKI BEZGLUTENOWY BIO (10 szt.) 100 g &#8211; AMAIZIN"},"content":{"rendered":"<p>SK\u0141ADNIKI<br \/>skrobia z tapioki* 89,3 %, ry\u017c* 10 %, s\u00f3l 0,7 %. (*certyfikowany sk\u0142adnik ekologiczny)<\/p>\n<p>OPIS<br \/>Papier ry\u017cowy do spring rolls czy sajgonek to produkt, dzi\u0119ki kt\u00f3remu mo\u017cna przygotowa\u0107 jeden z najpopularniejszych przysmak\u00f3w kuchni chi\u0144skiej. Wytwarzany jest on z m\u0105ki ry\u017cowej. Mo\u017cna w nim umie\u015bci\u0107 farsz, by przygotowa\u0107 wyj\u0105tkowe i jedyne w swoim rodzaju spring rolls czy sajgonki.<br \/>W opakowaniu jest 10 sztuk. <\/p>\n<p>SPOS\u00d3B PRZYGOTOWANIA <br \/>Jak przygotowa\u0107 10 sajgonek?<br \/>Krok 1: Pokr\u00f3j 300 g warzyw w cienkie paski. U\u017cyj np. og\u00f3rka, marchwi i kie\u0142ki fasoli (kie\u0142ki fasoli nale\u017cy najpierw zblanszowa\u0107)<br \/>Krok 2: Wybierz m.in. tofu, krewetki czy kurczaka. Podsma\u017c 150 g na patelni i w razie potrzeby pokr\u00f3j w cienkie paski<br \/>Krok 3: Przygotuj 50 g makaronu ry\u017cowego zgodnie z instrukcj\u0105 na opakowaniu producenta, pami\u0119taj aby makaron przep\u0142uka\u0107 zimn\u0105 wod\u0105<br \/>Krok 4: Wybierz przyprawy np. kolendr\u0119, szczypiorek lub mi\u0119t\u0119<br \/>Krok 5: Namocz papier jeden po drugim w p\u0142askim naczyniu z letni\u0105 wod\u0105 na 10 sekund, a\u017c b\u0119dzie mi\u0119kki. Nast\u0119pnie umie\u015b\u0107 je na p\u0142askiej powierzchni <br \/>Krok 6: Wype\u0142nij papier wszystkimi sk\u0142adnikami i zwi\u0144 go zgodnie z rysunkiem. Podawaj z ulubionym sosem do maczania.<\/p>\n<p>WARTO\u015a\u0106 OD\u017bYWCZA w 100 g <br \/>Warto\u015b\u0107 energetyczna: 1477 kJ\/348 kcal<br \/>T\u0142uszcz: 0,5 g<br \/>w tym kwasy t\u0142uszczowe nasycone: 0,3 g<br \/>W\u0119glowodany: 85 g<br \/>w tym cukry: 0 g<br \/>Bia\u0142ko: 1,0 g<br \/>S\u00f3l: 0,44 g<\/p>\n<p>ZALECANE WARUNKI PRZECHOWYWANIA<br \/>Przechowywa\u0107 w suchym miejscu w temperaturze pokojowej<\/p>","protected":false},"excerpt":{"rendered":"<p>SK\u0141ADNIKIskrobia z tapioki* 89,3 %, ry\u017c* 10 %, s\u00f3l 0,7 %. (*certyfikowany sk\u0142adnik ekologiczny) OPISPapier ry\u017cowy do spring rolls czy sajgonek to produkt, dzi\u0119ki kt\u00f3remu mo\u017cna przygotowa\u0107 jeden z najpopularniejszych przysmak\u00f3w kuchni chi\u0144skiej. Wytwarzany jest on z m\u0105ki ry\u017cowej. Mo\u017cna w nim umie\u015bci\u0107 farsz, by przygotowa\u0107 wyj\u0105tkowe i jedyne w swoim rodzaju spring rolls czy [&hellip;]<\/p>","protected":false},"featured_media":11159,"comment_status":"closed","ping_status":"open","template":"","meta":{"_acf_changed":false},"product_brand":[],"product_cat":[64,1045],"product_tag":[],"class_list":{"0":"post-11158","1":"product","2":"type-product","3":"status-publish","4":"has-post-thumbnail","6":"product_cat-pieczywo","7":"product_cat-tortille-spody-do-pizzy-papier-ryzowy","8":"pa_ean-matka-8424","9":"pa_gwarancja-przydatnosci-311","10":"pa_ilosc-w-opakowaniu-374","11":"pa_jednostka-podstawowa-szt","12":"pa_kod-cn-1905-90-70","13":"pa_masa-netto-242","14":"pa_objetosc-brutto-3877","15":"pa_producent-amaizin-napoje-kokosowe-tortilla-chipsy-inne","16":"pa_producent-nazwa-adres-do-it-consumer-products-bv","17":"pa_tagi-bez-cukru-w-skladnikach","18":"pa_tagi-bez-glutenu-deklaracja","19":"pa_tagi-bez-glutenu-w-skladnikach","20":"pa_tagi-certyfikat-bio","21":"pa_tagi-weganski","22":"pa_tagi-wegetarianski","24":"first","25":"instock","26":"taxable","27":"shipping-taxable","28":"purchasable","29":"product-type-simple"},"acf":[],"_links":{"self":[{"href":"https:\/\/wiejskieprzysmaki.estima.site\/en\/wp-json\/wp\/v2\/product\/11158","targetHints":{"allow":["GET"]}}],"collection":[{"href":"https:\/\/wiejskieprzysmaki.estima.site\/en\/wp-json\/wp\/v2\/product"}],"about":[{"href":"https:\/\/wiejskieprzysmaki.estima.site\/en\/wp-json\/wp\/v2\/types\/product"}],"replies":[{"embeddable":true,"href":"https:\/\/wiejskieprzysmaki.estima.site\/en\/wp-json\/wp\/v2\/comments?post=11158"}],"wp:featuredmedia":[{"embeddable":true,"href":"https:\/\/wiejskieprzysmaki.estima.site\/en\/wp-json\/wp\/v2\/media\/11159"}],"wp:attachment":[{"href":"https:\/\/wiejskieprzysmaki.estima.site\/en\/wp-json\/wp\/v2\/media?parent=11158"}],"wp:term":[{"taxonomy":"product_brand","embeddable":true,"href":"https:\/\/wiejskieprzysmaki.estima.site\/en\/wp-json\/wp\/v2\/product_brand?post=11158"},{"taxonomy":"product_cat","embeddable":true,"href":"https:\/\/wiejskieprzysmaki.estima.site\/en\/wp-json\/wp\/v2\/product_cat?post=11158"},{"taxonomy":"product_tag","embeddable":true,"href":"https:\/\/wiejskieprzysmaki.estima.site\/en\/wp-json\/wp\/v2\/product_tag?post=11158"}],"curies":[{"name":"wp","href":"https:\/\/api.w.org\/{rel}","templated":true}]}}