{"id":1116,"date":"2025-02-18T10:34:30","date_gmt":"2025-02-18T09:34:30","guid":{"rendered":"https:\/\/wiejskieprzysmaki.estima.site\/produkt\/krowki-z-miodem-bezglutenowe-bio-150-g-ekoflorka\/"},"modified":"2025-02-18T10:34:37","modified_gmt":"2025-02-18T09:34:37","slug":"krowki-z-miodem-bezglutenowe-bio-150-g-ekoflorka","status":"publish","type":"product","link":"https:\/\/wiejskieprzysmaki.estima.site\/en\/product\/krowki-z-miodem-bezglutenowe-bio-150-g-ekoflorka\/","title":{"rendered":"KR\u00d3WKI Z MIODEM BEZGLUTENOWE BIO 150 g &#8211; EKOFLORKA"},"content":{"rendered":"<p>SK\u0141ADNIKI<br \/>cukier trzcinowy jasny*, syrop ry\u017cowy*, MLEKO w proszku odt\u0142uszczone*, MAS\u0141O extra*, mi\u00f3d wielokwiatowy* (5 %), olej kokosowy*, wanilia Bourbon* (*certyfikowany sk\u0142adnik ekologiczny)<\/p>\n<p>OPIS<br \/>Kr\u00f3wki BIO nawi\u0105zuj\u0105 do tradycyjnego smaku kr\u00f3wek, s\u0105 r\u0119cznie krojone, formowane i zawijane. Wyprodukowane s\u0105 z certyfikowanych surowc\u00f3w pochodz\u0105cych z upraw rolnictwa ekologicznego z UE i spoza UE.<br \/>Kr\u00f3wki BIO zawieraj\u0105 m.in. nierafinowany cukier trzcinowy bio, mazurskie, \u015bwie\u017ce MAS\u0141O ekologiczne extra oraz aromatyczn\u0105 wanili\u0119 bio Burbon. Ze sk\u0142adu wyeliminowano syrop glukozowy, skrobiowy i utwardzone t\u0142uszcze ro\u015blinne, kt\u00f3re to sk\u0142adniki powszechnie u\u017cywane s\u0105 obecnie do produkcji kr\u00f3wek konwencjonalnych.<br \/>Produkujemy dwa rodzaje kr\u00f3wek:<br \/>&#8211; mi\u0119kkie i ci\u0105gn\u0105ce, kt\u00f3re z up\u0142ywem czasu staj\u0105 si\u0119 kruche i nabieraj\u0105 bardziej intensywnego smaku,<br \/>&#8211; kruche, intensywniej wyrabiane (tzw. &#8220;kulane&#8221;) bez \u0142ezki w \u015brodku<\/p>\n<p>WARTO\u015a\u0106 OD\u017bYWCZA W 100 g <br \/>Warto\u015b\u0107 energetyczna 1570 kJ\/372 kcal <br \/>T\u0142uszcz: 7,3 g <br \/>w tym kwasy nasycone: 4,9 g <br \/>W\u0119glowodany: 71 g <br \/>w tym cukry: 65 g <br \/>Bia\u0142ko: 4,7 g <br \/>S\u00f3l: 0,26 g<\/p>\n<p>ZALECANE WARUNKI PRZECHOWYWANIA<br \/>Przechowywa\u0107 w suchym i ch\u0142odnym miejscu <\/p>","protected":false},"excerpt":{"rendered":"<p>SK\u0141ADNIKIcukier trzcinowy jasny*, syrop ry\u017cowy*, MLEKO w proszku odt\u0142uszczone*, MAS\u0141O extra*, mi\u00f3d wielokwiatowy* (5 %), olej kokosowy*, wanilia Bourbon* (*certyfikowany sk\u0142adnik ekologiczny) OPISKr\u00f3wki BIO nawi\u0105zuj\u0105 do tradycyjnego smaku kr\u00f3wek, s\u0105 r\u0119cznie krojone, formowane i zawijane. Wyprodukowane s\u0105 z certyfikowanych surowc\u00f3w pochodz\u0105cych z upraw rolnictwa ekologicznego z UE i spoza UE.Kr\u00f3wki BIO zawieraj\u0105 m.in. nierafinowany cukier [&hellip;]<\/p>","protected":false},"featured_media":1117,"comment_status":"closed","ping_status":"open","template":"","meta":{"_acf_changed":false},"product_brand":[],"product_cat":[1175,139],"product_tag":[],"class_list":{"0":"post-1116","1":"product","2":"type-product","3":"status-publish","4":"has-post-thumbnail","6":"product_cat-cukierki-lizaki","7":"product_cat-slodycze-i-przekaski","8":"pa_ean-matka-1176","9":"pa_gwarancja-przydatnosci-1171","10":"pa_ilosc-w-opakowaniu-1170","11":"pa_jednostka-podstawowa-szt","12":"pa_kod-cn-1704-90-75","13":"pa_masa-netto-197","14":"pa_objetosc-brutto-1106","15":"pa_producent-ekoflorka-krowki-pierniki","16":"pa_producent-nazwa-adres-amp-dg-spolka-z-ograniczona-odpowiedzialnoscia-dluga-25-39-87-100-torun","17":"pa_tagi-bez-glutenu-deklaracja","18":"pa_tagi-bez-glutenu-w-skladnikach","19":"pa_tagi-certyfikat-bio","20":"pa_tagi-wegetarianski","22":"first","23":"instock","24":"taxable","25":"shipping-taxable","26":"purchasable","27":"product-type-simple"},"acf":[],"_links":{"self":[{"href":"https:\/\/wiejskieprzysmaki.estima.site\/en\/wp-json\/wp\/v2\/product\/1116","targetHints":{"allow":["GET"]}}],"collection":[{"href":"https:\/\/wiejskieprzysmaki.estima.site\/en\/wp-json\/wp\/v2\/product"}],"about":[{"href":"https:\/\/wiejskieprzysmaki.estima.site\/en\/wp-json\/wp\/v2\/types\/product"}],"replies":[{"embeddable":true,"href":"https:\/\/wiejskieprzysmaki.estima.site\/en\/wp-json\/wp\/v2\/comments?post=1116"}],"wp:featuredmedia":[{"embeddable":true,"href":"https:\/\/wiejskieprzysmaki.estima.site\/en\/wp-json\/wp\/v2\/media\/1117"}],"wp:attachment":[{"href":"https:\/\/wiejskieprzysmaki.estima.site\/en\/wp-json\/wp\/v2\/media?parent=1116"}],"wp:term":[{"taxonomy":"product_brand","embeddable":true,"href":"https:\/\/wiejskieprzysmaki.estima.site\/en\/wp-json\/wp\/v2\/product_brand?post=1116"},{"taxonomy":"product_cat","embeddable":true,"href":"https:\/\/wiejskieprzysmaki.estima.site\/en\/wp-json\/wp\/v2\/product_cat?post=1116"},{"taxonomy":"product_tag","embeddable":true,"href":"https:\/\/wiejskieprzysmaki.estima.site\/en\/wp-json\/wp\/v2\/product_tag?post=1116"}],"curies":[{"name":"wp","href":"https:\/\/api.w.org\/{rel}","templated":true}]}}