{"id":11180,"date":"2025-02-18T12:29:10","date_gmt":"2025-02-18T11:29:10","guid":{"rendered":"https:\/\/wiejskieprzysmaki.estima.site\/produkt\/makaron-semolinowy-razowy-lasagne-bio-250-g-la-bio-idea\/"},"modified":"2025-02-18T12:29:19","modified_gmt":"2025-02-18T11:29:19","slug":"makaron-semolinowy-razowy-lasagne-bio-250-g-la-bio-idea","status":"publish","type":"product","link":"https:\/\/wiejskieprzysmaki.estima.site\/en\/product\/makaron-semolinowy-razowy-lasagne-bio-250-g-la-bio-idea\/","title":{"rendered":"MAKARON (SEMOLINOWY RAZOWY) LASAGNE BIO 250 g &#8211; LA BIO IDEA"},"content":{"rendered":"<p>SK\u0141ADNIKI<br \/>semolina (m\u0105ka z PSZENICY durum*). (*certyfikowany sk\u0142adnik ekologiczny)<\/p>\n<p>OPIS<br \/>Lasagne&nbsp;to jedno z najbardziej znanych da\u0144 kuchni w\u0142oskiej.<\/p>\n<p>Propozycja podania:<br \/>P\u0142aty na lasagne nie wymagaj\u0105 wcze\u015bniejszego gotowania. Nagrzej piekarnik do&nbsp;200 \u2103. Nat\u0142u\u015b\u0107 form\u0119 i u\u0142\u00f3\u017c pierwsz\u0105 warstw\u0119 lasagne \u2013 wzd\u0142u\u017c d\u0142u\u017cszej kraw\u0119dzi. R\u00f3wnomiernie rozsmaruj sos beszamel lub sos pomidorowy. Powt\u00f3rz czynno\u015bci, uk\u0142adaj\u0105c p\u0142aty lasagne i sos, a\u017c&nbsp;do wykorzystania wszystkich sk\u0142adnik\u00f3w. Upewnij si\u0119, \u017ce g\u00f3rn\u0105 warstw\u0119 stanowi\u0105 p\u0142aty lasagne, kt\u00f3re s\u0105 pokryte sosem i serem. Piecz lasagne przez 35 minut, a\u017c&nbsp;nabierze z\u0142ocistobr\u0105zowego koloru.<\/p>\n<p>WARTO\u015a\u0106 OD\u017bYWCZA w 100 g<br \/>Warto\u015b\u0107 energetyczna: 1530 kJ \/361 kcal<br \/>T\u0142uszcz: 2,0 g<br \/>w tym kwasy t\u0142uszczowe nasycone: 0,4 g<br \/>W\u0119glowodany: 70 g<br \/>w tym cukry: 2,8 g<br \/>B\u0142onnik: 8,0 g<br \/>Bia\u0142ko: 12 g<br \/>S\u00f3l: &lt;0,05 g<\/p>\n<p>INFORMACJA ALERGENNA<br \/>Mo\u017ce zawiera\u0107 JAJA, GORCZYC\u0118 i soj\u0119.<\/p>\n<p>ZALECANE WARUNKI PRZECHOWYWANIA<br \/>Przechowywa\u0107 w suchym i ch\u0142odnym miejscu<\/p>","protected":false},"excerpt":{"rendered":"<p>SK\u0141ADNIKIsemolina (m\u0105ka z PSZENICY durum*). (*certyfikowany sk\u0142adnik ekologiczny) OPISLasagne&nbsp;to jedno z najbardziej znanych da\u0144 kuchni w\u0142oskiej. Propozycja podania:P\u0142aty na lasagne nie wymagaj\u0105 wcze\u015bniejszego gotowania. Nagrzej piekarnik do&nbsp;200 \u2103. Nat\u0142u\u015b\u0107 form\u0119 i u\u0142\u00f3\u017c pierwsz\u0105 warstw\u0119 lasagne \u2013 wzd\u0142u\u017c d\u0142u\u017cszej kraw\u0119dzi. R\u00f3wnomiernie rozsmaruj sos beszamel lub sos pomidorowy. Powt\u00f3rz czynno\u015bci, uk\u0142adaj\u0105c p\u0142aty lasagne i sos, a\u017c&nbsp;do wykorzystania [&hellip;]<\/p>","protected":false},"featured_media":11181,"comment_status":"closed","ping_status":"open","template":"","meta":{"_acf_changed":false},"product_brand":[],"product_cat":[1162,1246],"product_tag":[],"class_list":{"0":"post-11180","1":"product","2":"type-product","3":"status-publish","4":"has-post-thumbnail","6":"product_cat-makarony","7":"product_cat-zbozowe-z-glutenem","8":"pa_ean-matka-8435","9":"pa_gwarancja-przydatnosci-320","10":"pa_ilosc-w-opakowaniu-374","11":"pa_jednostka-podstawowa-szt","12":"pa_kod-cn-1902-19-10","13":"pa_masa-netto-480","14":"pa_objetosc-brutto-2098","15":"pa_producent-la-bio-idea-makarony-straczkowesosy-pomidorowe","16":"pa_producent-nazwa-adres-do-it-consumer-products-bv","17":"pa_tagi-bez-cukru-w-skladnikach","18":"pa_tagi-certyfikat-bio","19":"pa_tagi-weganski","20":"pa_tagi-wegetarianski","22":"first","23":"instock","24":"taxable","25":"shipping-taxable","26":"purchasable","27":"product-type-simple"},"acf":[],"_links":{"self":[{"href":"https:\/\/wiejskieprzysmaki.estima.site\/en\/wp-json\/wp\/v2\/product\/11180","targetHints":{"allow":["GET"]}}],"collection":[{"href":"https:\/\/wiejskieprzysmaki.estima.site\/en\/wp-json\/wp\/v2\/product"}],"about":[{"href":"https:\/\/wiejskieprzysmaki.estima.site\/en\/wp-json\/wp\/v2\/types\/product"}],"replies":[{"embeddable":true,"href":"https:\/\/wiejskieprzysmaki.estima.site\/en\/wp-json\/wp\/v2\/comments?post=11180"}],"wp:featuredmedia":[{"embeddable":true,"href":"https:\/\/wiejskieprzysmaki.estima.site\/en\/wp-json\/wp\/v2\/media\/11181"}],"wp:attachment":[{"href":"https:\/\/wiejskieprzysmaki.estima.site\/en\/wp-json\/wp\/v2\/media?parent=11180"}],"wp:term":[{"taxonomy":"product_brand","embeddable":true,"href":"https:\/\/wiejskieprzysmaki.estima.site\/en\/wp-json\/wp\/v2\/product_brand?post=11180"},{"taxonomy":"product_cat","embeddable":true,"href":"https:\/\/wiejskieprzysmaki.estima.site\/en\/wp-json\/wp\/v2\/product_cat?post=11180"},{"taxonomy":"product_tag","embeddable":true,"href":"https:\/\/wiejskieprzysmaki.estima.site\/en\/wp-json\/wp\/v2\/product_tag?post=11180"}],"curies":[{"name":"wp","href":"https:\/\/api.w.org\/{rel}","templated":true}]}}