{"id":11182,"date":"2025-02-18T12:29:10","date_gmt":"2025-02-18T11:29:10","guid":{"rendered":"https:\/\/wiejskieprzysmaki.estima.site\/produkt\/kukurydza-slodka-w-zalewie-bio-200-g-140-g-amaizin\/"},"modified":"2025-02-18T12:29:20","modified_gmt":"2025-02-18T11:29:20","slug":"kukurydza-slodka-w-zalewie-bio-200-g-140-g-amaizin","status":"publish","type":"product","link":"https:\/\/wiejskieprzysmaki.estima.site\/en\/product\/kukurydza-slodka-w-zalewie-bio-200-g-140-g-amaizin\/","title":{"rendered":"KUKURYDZA S\u0141ODKA W ZALEWIE BIO 200 g (140 g) &#8211; AMAIZIN"},"content":{"rendered":"<p>SK\u0141ADNIKI<br \/>kukurydza*, woda, s\u00f3l morska. (*certyfikowany sk\u0142adnik ekologiczny)<\/p>\n<p>OPIS<br \/>Mo\u017ce stanowi\u0107 dodatek do zimnych lub ciep\u0142ych da\u0144. <\/p>\n<p>WARTO\u015a\u0106 OD\u017bYWCZA W 100 g po ods\u0105czeniu<br \/>Warto\u015b\u0107 energetyczna: 269 kJ\/64 kcal<br \/>T\u0142uszcz: 1,5 g<br \/>w tym kwasy t\u0142uszczowe nasycone: 0,8 g<br \/>W\u0119glowodany: 9,2 g<br \/>w tym cukry: 3,8 g<br \/>B\u0142onnik: 2,2 g<br \/>Bia\u0142ko: 2,3 g<br \/>S\u00f3l: 0,3 g<\/p>\n<p>ZALECANE WARUNKI PRZECHOWYWANIA<br \/>Przechowywa\u0107 w suchym i ch\u0142odnym miejscu. <\/p>","protected":false},"excerpt":{"rendered":"<p>SK\u0141ADNIKIkukurydza*, woda, s\u00f3l morska. (*certyfikowany sk\u0142adnik ekologiczny) OPISMo\u017ce stanowi\u0107 dodatek do zimnych lub ciep\u0142ych da\u0144. WARTO\u015a\u0106 OD\u017bYWCZA W 100 g po ods\u0105czeniuWarto\u015b\u0107 energetyczna: 269 kJ\/64 kcalT\u0142uszcz: 1,5 gw tym kwasy t\u0142uszczowe nasycone: 0,8 gW\u0119glowodany: 9,2 gw tym cukry: 3,8 gB\u0142onnik: 2,2 gBia\u0142ko: 2,3 gS\u00f3l: 0,3 g ZALECANE WARUNKI PRZECHOWYWANIAPrzechowywa\u0107 w suchym i ch\u0142odnym miejscu.<\/p>","protected":false},"featured_media":11183,"comment_status":"closed","ping_status":"open","template":"","meta":{"_acf_changed":false},"product_brand":[],"product_cat":[1061,180],"product_tag":[],"class_list":{"0":"post-11182","1":"product","2":"type-product","3":"status-publish","4":"has-post-thumbnail","6":"product_cat-marynowane-kiszone","7":"product_cat-warzywa-i-grzyby-przetworzone","8":"pa_ean-matka-8436","9":"pa_gwarancja-przydatnosci-522","10":"pa_ilosc-w-opakowaniu-374","11":"pa_jednostka-podstawowa-szt","12":"pa_kod-cn-2005-80-00","13":"pa_masa-netto-354","14":"pa_objetosc-brutto-7554","15":"pa_producent-amaizin-napoje-kokosowe-tortilla-chipsy-inne","16":"pa_producent-nazwa-adres-do-it-consumer-products-bv","17":"pa_tagi-bez-cukru-w-skladnikach","18":"pa_tagi-bez-glutenu-w-skladnikach","19":"pa_tagi-certyfikat-bio","20":"pa_tagi-weganski","21":"pa_tagi-wegetarianski","23":"first","24":"instock","25":"taxable","26":"shipping-taxable","27":"purchasable","28":"product-type-simple"},"acf":[],"_links":{"self":[{"href":"https:\/\/wiejskieprzysmaki.estima.site\/en\/wp-json\/wp\/v2\/product\/11182","targetHints":{"allow":["GET"]}}],"collection":[{"href":"https:\/\/wiejskieprzysmaki.estima.site\/en\/wp-json\/wp\/v2\/product"}],"about":[{"href":"https:\/\/wiejskieprzysmaki.estima.site\/en\/wp-json\/wp\/v2\/types\/product"}],"replies":[{"embeddable":true,"href":"https:\/\/wiejskieprzysmaki.estima.site\/en\/wp-json\/wp\/v2\/comments?post=11182"}],"wp:featuredmedia":[{"embeddable":true,"href":"https:\/\/wiejskieprzysmaki.estima.site\/en\/wp-json\/wp\/v2\/media\/11183"}],"wp:attachment":[{"href":"https:\/\/wiejskieprzysmaki.estima.site\/en\/wp-json\/wp\/v2\/media?parent=11182"}],"wp:term":[{"taxonomy":"product_brand","embeddable":true,"href":"https:\/\/wiejskieprzysmaki.estima.site\/en\/wp-json\/wp\/v2\/product_brand?post=11182"},{"taxonomy":"product_cat","embeddable":true,"href":"https:\/\/wiejskieprzysmaki.estima.site\/en\/wp-json\/wp\/v2\/product_cat?post=11182"},{"taxonomy":"product_tag","embeddable":true,"href":"https:\/\/wiejskieprzysmaki.estima.site\/en\/wp-json\/wp\/v2\/product_tag?post=11182"}],"curies":[{"name":"wp","href":"https:\/\/api.w.org\/{rel}","templated":true}]}}