{"id":11198,"date":"2025-02-18T12:29:22","date_gmt":"2025-02-18T11:29:22","guid":{"rendered":"https:\/\/wiejskieprzysmaki.estima.site\/produkt\/inozytol-complex-100-kapsulek-biowen\/"},"modified":"2025-02-20T15:11:42","modified_gmt":"2025-02-20T14:11:42","slug":"inozytol-complex-100-kapsulek-biowen","status":"publish","type":"product","link":"https:\/\/wiejskieprzysmaki.estima.site\/en\/product\/inozytol-complex-100-kapsulek-biowen\/","title":{"rendered":"INOZYTOL COMPLEX+ 100 KAPSU\u0141EK &#8211; BIOWEN"},"content":{"rendered":"<p>SK\u0141ADNIKI <br \/>inozytol, w tym myo-inozytol, D-chiro-inozytol, scyllo-inozytol, witamina B6 (P-5-P pirodoksalo-5-fosforan), otoczka kapsu\u0142ki: hydroksypropylometyloceluloza. <\/p>\n<p>Sk\u0142ad w 1 kapsu\u0142ce<br \/>inozytol &#8211; 700 mg <br \/>w tym myo-inozytol &#8211; 677 mg<br \/>w tym d-chiro-inozytol &#8211; 18 mg<br \/>w tym scyllo-inozytol &#8211; 5 mg<br \/>witamina B6 (P-5-P) &#8211; 2 mg (143 %)*<br \/>*dzienna referencyjna warto\u015b\u0107 spo\u017cycia<\/p>\n<p>OPIS <br \/>Inozytol Complex+ Biowen jest wyj\u0105tkowym produktem w skali rynku, kt\u00f3ry \u0142\u0105czy w sobie a\u017c trzy formy inozytolu: Myo-, D-chiro- oraz Scyllo-inozytol! Dodatkowo suplement diety zosta\u0142 wzbogacony cenn\u0105 witamin\u0105 B6! Jedna kapsu\u0142ka zawiera a\u017c 702 mg tych substancji! <\/p>\n<p>Dzia\u0142anie:<br \/>-witamina B6 pomaga w prawid\u0142owym funkcjonowaniu uk\u0142adu nerwowego oraz w utrzymaniu prawid\u0142owych funkcji psychologicznych<br \/>-witamina B6 przyczynia si\u0119 do regulacji aktywno\u015bci hormonalnej<br \/>-witamina B6 pomaga w utrzymaniu prawid\u0142owego metabolizmu homocysteiny<\/p>\n<p>ZALECANE SPO\u017bYCIE I INNE UWAGI <br \/>Zalecana porcja do spo\u017cycia w ci\u0105gu dnia niezb\u0119dna do uzyskania korzystnego dzia\u0142ania: 1 kapsu\u0142ka dziennie w trakcie posi\u0142ku. <br \/>Nie nale\u017cy przekraczaj zalecanej porcji do spo\u017cycia w ci\u0105gu dnia. <br \/>Suplementy diety nie mog\u0105 by\u0107 stosowane jako substytut (zamiennik) zr\u00f3\u017cnicowanej diety. <br \/>Zr\u00f3\u017cnicowany spos\u00f3b \u017cywienia oraz zdrowy tryb \u017cycia s\u0105 podstaw\u0105 prawid\u0142owego funkcjonowania organizmu.<\/p>\n<p>ZALECANE WARUNKI PRZECHOWYWANIA <br \/>Przechowywa\u0107 w temperaturze pokojowej w spos\u00f3b niedost\u0119pny dla ma\u0142ych dzieci. Chroni\u0107 przed wilgoci\u0105 oraz dzia\u0142aniem promieni s\u0142onecznych. <\/p>","protected":false},"excerpt":{"rendered":"<p>SK\u0141ADNIKI inozytol, w tym myo-inozytol, D-chiro-inozytol, scyllo-inozytol, witamina B6 (P-5-P pirodoksalo-5-fosforan), otoczka kapsu\u0142ki: hydroksypropylometyloceluloza. Sk\u0142ad w 1 kapsu\u0142ceinozytol &#8211; 700 mg w tym myo-inozytol &#8211; 677 mgw tym d-chiro-inozytol &#8211; 18 mgw tym scyllo-inozytol &#8211; 5 mgwitamina B6 (P-5-P) &#8211; 2 mg (143 %)**dzienna referencyjna warto\u015b\u0107 spo\u017cycia OPIS Inozytol Complex+ Biowen jest wyj\u0105tkowym produktem w [&hellip;]<\/p>","protected":false},"featured_media":11199,"comment_status":"closed","ping_status":"open","template":"","meta":{"_acf_changed":false},"product_brand":[],"product_cat":[1497,9057],"product_tag":[],"class_list":{"0":"post-11198","1":"product","2":"type-product","3":"status-publish","4":"has-post-thumbnail","6":"product_cat-kapsulki-tabletki","7":"product_cat-suplementy-diety","8":"pa_ean-matka-8448","9":"pa_gwarancja-przydatnosci-320","10":"pa_ilosc-w-opakowaniu-327","11":"pa_jednostka-podstawowa-szt","12":"pa_kod-cn-2106-90-92","13":"pa_masa-netto-7169","14":"pa_objetosc-brutto-7198","15":"pa_producent-biowen-suplementy-diety","16":"pa_producent-nazwa-adres-biodio-sp-z-o-o-sp-k-ul-choroszczanska-24-15-732-bialystok","17":"pa_tagi-bez-cukru-w-skladnikach","18":"pa_tagi-bez-glutenu-w-skladnikach","19":"pa_tagi-weganski","20":"pa_tagi-wegetarianski","22":"first","23":"instock","24":"taxable","25":"shipping-taxable","26":"purchasable","27":"product-type-simple"},"acf":[],"_links":{"self":[{"href":"https:\/\/wiejskieprzysmaki.estima.site\/en\/wp-json\/wp\/v2\/product\/11198","targetHints":{"allow":["GET"]}}],"collection":[{"href":"https:\/\/wiejskieprzysmaki.estima.site\/en\/wp-json\/wp\/v2\/product"}],"about":[{"href":"https:\/\/wiejskieprzysmaki.estima.site\/en\/wp-json\/wp\/v2\/types\/product"}],"replies":[{"embeddable":true,"href":"https:\/\/wiejskieprzysmaki.estima.site\/en\/wp-json\/wp\/v2\/comments?post=11198"}],"wp:featuredmedia":[{"embeddable":true,"href":"https:\/\/wiejskieprzysmaki.estima.site\/en\/wp-json\/wp\/v2\/media\/11199"}],"wp:attachment":[{"href":"https:\/\/wiejskieprzysmaki.estima.site\/en\/wp-json\/wp\/v2\/media?parent=11198"}],"wp:term":[{"taxonomy":"product_brand","embeddable":true,"href":"https:\/\/wiejskieprzysmaki.estima.site\/en\/wp-json\/wp\/v2\/product_brand?post=11198"},{"taxonomy":"product_cat","embeddable":true,"href":"https:\/\/wiejskieprzysmaki.estima.site\/en\/wp-json\/wp\/v2\/product_cat?post=11198"},{"taxonomy":"product_tag","embeddable":true,"href":"https:\/\/wiejskieprzysmaki.estima.site\/en\/wp-json\/wp\/v2\/product_tag?post=11198"}],"curies":[{"name":"wp","href":"https:\/\/api.w.org\/{rel}","templated":true}]}}