{"id":1120,"date":"2025-02-18T10:34:30","date_gmt":"2025-02-18T09:34:30","guid":{"rendered":"https:\/\/wiejskieprzysmaki.estima.site\/produkt\/czekoladki-belgijskie-trufle-z-gorzka-czekolada-fair-trade-bezglutenowe-bio-100-g-belvas\/"},"modified":"2025-02-18T10:34:39","modified_gmt":"2025-02-18T09:34:39","slug":"czekoladki-belgijskie-trufle-z-gorzka-czekolada-fair-trade-bezglutenowe-bio-100-g-belvas","status":"publish","type":"product","link":"https:\/\/wiejskieprzysmaki.estima.site\/en\/product\/czekoladki-belgijskie-trufle-z-gorzka-czekolada-fair-trade-bezglutenowe-bio-100-g-belvas\/","title":{"rendered":"CZEKOLADKI BELGIJSKIE TRUFLE Z GORZK\u0104 CZEKOLAD\u0104 FAIR TRADE BEZGLUTENOWE BIO 100 g &#8211; BELVAS"},"content":{"rendered":"<p>SK\u0141ADNIKI <br \/>miazga kakaowa*, nierafinowany cukier trzcinowy*, ORZECHY LASKOWE*, t\u0142uszcz kakaowy*, olej kokosowy*, skrobia ziemniaczana*, wanilia* (*certyfikowany sk\u0142adnik ekologiczny)<\/p>\n<p>WARTO\u015a\u0106 OD\u017bYWCZA W 100 g <br \/>Warto\u015b\u0107 energetyczna 2358 kJ \/ 564 kcal  <br \/>T\u0142uszcz: 41 g  <br \/>w tym kwasy nasycone: 20 g  <br \/>W\u0119glowodany: 38 g  <br \/>w tym cukry: 35 g  <br \/>Bia\u0142ko: 7,7 g  <br \/>S\u00f3l: 0,08 g<\/p>\n<p>INFORMACJA ALERGENNA <br \/>Produkt mo\u017ce zawiera\u0107 PISTACJE, MIGDA\u0141Y, MLEKO (\u0142\u0105cznie z LAKTOZ\u0104), SOJ\u0118.<\/p>\n<p>ZALECANE WARUNKI PRZECHOWYWANIA <br \/>Przechowywa\u0107 w suchym i ch\u0142odnym miejscu.<\/p>","protected":false},"excerpt":{"rendered":"<p>SK\u0141ADNIKI miazga kakaowa*, nierafinowany cukier trzcinowy*, ORZECHY LASKOWE*, t\u0142uszcz kakaowy*, olej kokosowy*, skrobia ziemniaczana*, wanilia* (*certyfikowany sk\u0142adnik ekologiczny) WARTO\u015a\u0106 OD\u017bYWCZA W 100 g Warto\u015b\u0107 energetyczna 2358 kJ \/ 564 kcal T\u0142uszcz: 41 g w tym kwasy nasycone: 20 g W\u0119glowodany: 38 g w tym cukry: 35 g Bia\u0142ko: 7,7 g S\u00f3l: 0,08 g INFORMACJA ALERGENNA [&hellip;]<\/p>","protected":false},"featured_media":1121,"comment_status":"closed","ping_status":"open","template":"","meta":{"_acf_changed":false},"product_brand":[],"product_cat":[1187,139],"product_tag":[],"class_list":{"0":"post-1120","1":"product","2":"type-product","3":"status-publish","4":"has-post-thumbnail","6":"product_cat-czekolady-i-czekoladki","7":"product_cat-slodycze-i-przekaski","8":"pa_ean-matka-1186","9":"pa_gwarancja-przydatnosci-324","10":"pa_ilosc-w-opakowaniu-298","11":"pa_jednostka-podstawowa-szt","12":"pa_kod-cn-1806-90-19","13":"pa_kraj-pochodzenia-skladnikow-turcja","14":"pa_masa-netto-242","15":"pa_objetosc-brutto-1184","16":"pa_producent-belvas-belgijskie-czekoladki","17":"pa_producent-nazwa-adres-belvas-s-p-r-l-chemin-du-fundus-7-7822-ghislenghien","18":"pa_tagi-bez-glutenu-deklaracja","19":"pa_tagi-bez-glutenu-w-skladnikach","20":"pa_tagi-certyfikat-bio","21":"pa_tagi-weganski","22":"pa_tagi-wegetarianski","24":"first","25":"instock","26":"taxable","27":"shipping-taxable","28":"purchasable","29":"product-type-simple"},"acf":[],"_links":{"self":[{"href":"https:\/\/wiejskieprzysmaki.estima.site\/en\/wp-json\/wp\/v2\/product\/1120","targetHints":{"allow":["GET"]}}],"collection":[{"href":"https:\/\/wiejskieprzysmaki.estima.site\/en\/wp-json\/wp\/v2\/product"}],"about":[{"href":"https:\/\/wiejskieprzysmaki.estima.site\/en\/wp-json\/wp\/v2\/types\/product"}],"replies":[{"embeddable":true,"href":"https:\/\/wiejskieprzysmaki.estima.site\/en\/wp-json\/wp\/v2\/comments?post=1120"}],"wp:featuredmedia":[{"embeddable":true,"href":"https:\/\/wiejskieprzysmaki.estima.site\/en\/wp-json\/wp\/v2\/media\/1121"}],"wp:attachment":[{"href":"https:\/\/wiejskieprzysmaki.estima.site\/en\/wp-json\/wp\/v2\/media?parent=1120"}],"wp:term":[{"taxonomy":"product_brand","embeddable":true,"href":"https:\/\/wiejskieprzysmaki.estima.site\/en\/wp-json\/wp\/v2\/product_brand?post=1120"},{"taxonomy":"product_cat","embeddable":true,"href":"https:\/\/wiejskieprzysmaki.estima.site\/en\/wp-json\/wp\/v2\/product_cat?post=1120"},{"taxonomy":"product_tag","embeddable":true,"href":"https:\/\/wiejskieprzysmaki.estima.site\/en\/wp-json\/wp\/v2\/product_tag?post=1120"}],"curies":[{"name":"wp","href":"https:\/\/api.w.org\/{rel}","templated":true}]}}