{"id":11216,"date":"2025-02-18T12:29:33","date_gmt":"2025-02-18T11:29:33","guid":{"rendered":"https:\/\/wiejskieprzysmaki.estima.site\/produkt\/betaina-hcl-complex-90-kapsulek-biowen\/"},"modified":"2025-02-20T15:11:40","modified_gmt":"2025-02-20T14:11:40","slug":"betaina-hcl-complex-90-kapsulek-biowen","status":"publish","type":"product","link":"https:\/\/wiejskieprzysmaki.estima.site\/en\/product\/betaina-hcl-complex-90-kapsulek-biowen\/","title":{"rendered":"BETAINA HCL COMPLEX 90 KAPSU\u0141EK &#8211; BIOWEN"},"content":{"rendered":"<p>SK\u0141ADNIKI <br \/>Betaina HCL, pepsyna 3000 NF, ekstrakt z li\u015bci mi\u0119ty pieprzowej [DER 10:1], hydroksypropylometyloceluloza (otoczka kapsu\u0142ki). <\/p>\n<p>Sk\u0142ad w 1 kapsu\u0142ce<br \/>Betaina HCL &#8211; 520 mg<br \/>Pepsyna 3000 NF &#8211; 120 mg<br \/>Ekstrakt z li\u015bci mi\u0119ty pieprzowej [DER 10:1] &#8211; 50 mg<\/p>\n<p>OPIS <br \/>Betaina HCL wraz z pepsyn\u0105 i mi\u0119t\u0105 pieprzow\u0105 to suplement w kapsu\u0142kach marki Biowen, kt\u00f3ry ma kr\u00f3tki sk\u0142ad, bez zb\u0119dnych dodatk\u00f3w. W szklanym s\u0142oiczku, kt\u00f3ry chroni suplement przed zanieczyszczeniem mikroplastikami, zamkn\u0119li\u015bmy 90 kapsu\u0142ek zawieraj\u0105cych te trzy sk\u0142adniki. I nic wi\u0119cej! \u017badnych przeciwzbrylaczy, aromat\u00f3w, barwnik\u00f3w czy wype\u0142niaczy! Wybieraj\u0105c mark\u0119 Biowen, wspierasz sw\u00f3j organizm w bezpieczny spos\u00f3b. <\/p>\n<p>Dzia\u0142anie:<br \/>-mi\u0119ta pieprzowa wspiera prawid\u0142owe funkcjonowanie uk\u0142adu trawiennego i w\u0105troby<br \/>-mi\u0119ta pieprzowa wspiera dobre samopoczucie psychiczne i fizyczne<br \/>-mi\u0119ta pieprzowa wspiera prawid\u0142owe funkcjonowanie uk\u0142adu odporno\u015bciowego<\/p>\n<p>ZALECANE SPO\u017bYCIE I INNE UWAGI <br \/>Aby cieszy\u0107 si\u0119 pe\u0142ni\u0105 w\u0142a\u015bciwo\u015bci sk\u0142adnik\u00f3w tego suplementu, nale\u017cy spo\u017cy\u0107 1 kapsu\u0142k\u0119 w trakcie posi\u0142ku, raz dziennie. <br \/>Nie nale\u017cy przekraczaj zalecanej porcji do spo\u017cycia w ci\u0105gu dnia. <br \/>Suplementy diety nie mog\u0105 by\u0107 stosowane jako substytut (zamiennik) zr\u00f3\u017cnicowanej diety. <br \/>Zr\u00f3\u017cnicowany spos\u00f3b \u017cywienia oraz zdrowy tryb \u017cycia s\u0105 podstaw\u0105 prawid\u0142owego funkcjonowania organizmu.<\/p>\n<p>ZALECANE WARUNKI PRZECHOWYWANIA<br \/>Przechowywa\u0107 w temperaturze pokojowej w spos\u00f3b niedost\u0119pny dla ma\u0142ych dzieci. Chroni\u0107 przed wilgoci\u0105 oraz dzia\u0142aniem promieni s\u0142onecznych. <\/p>","protected":false},"excerpt":{"rendered":"<p>SK\u0141ADNIKI Betaina HCL, pepsyna 3000 NF, ekstrakt z li\u015bci mi\u0119ty pieprzowej [DER 10:1], hydroksypropylometyloceluloza (otoczka kapsu\u0142ki). Sk\u0142ad w 1 kapsu\u0142ceBetaina HCL &#8211; 520 mgPepsyna 3000 NF &#8211; 120 mgEkstrakt z li\u015bci mi\u0119ty pieprzowej [DER 10:1] &#8211; 50 mg OPIS Betaina HCL wraz z pepsyn\u0105 i mi\u0119t\u0105 pieprzow\u0105 to suplement w kapsu\u0142kach marki Biowen, kt\u00f3ry ma [&hellip;]<\/p>","protected":false},"featured_media":11217,"comment_status":"closed","ping_status":"open","template":"","meta":{"_acf_changed":false},"product_brand":[],"product_cat":[1497,9057],"product_tag":[],"class_list":{"0":"post-11216","1":"product","2":"type-product","3":"status-publish","4":"has-post-thumbnail","6":"product_cat-kapsulki-tabletki","7":"product_cat-suplementy-diety","8":"pa_ean-matka-8457","9":"pa_gwarancja-przydatnosci-320","10":"pa_ilosc-w-opakowaniu-327","11":"pa_jednostka-podstawowa-szt","12":"pa_kod-cn-2106-90-92","13":"pa_masa-netto-2837","14":"pa_objetosc-brutto-7198","15":"pa_producent-biowen-suplementy-diety","16":"pa_producent-nazwa-adres-biodio-sp-z-o-o-sp-k-ul-choroszczanska-24-15-732-bialystok","17":"pa_tagi-bez-cukru-w-skladnikach","18":"pa_tagi-bez-glutenu-w-skladnikach","20":"first","21":"instock","22":"taxable","23":"shipping-taxable","24":"purchasable","25":"product-type-simple"},"acf":[],"_links":{"self":[{"href":"https:\/\/wiejskieprzysmaki.estima.site\/en\/wp-json\/wp\/v2\/product\/11216","targetHints":{"allow":["GET"]}}],"collection":[{"href":"https:\/\/wiejskieprzysmaki.estima.site\/en\/wp-json\/wp\/v2\/product"}],"about":[{"href":"https:\/\/wiejskieprzysmaki.estima.site\/en\/wp-json\/wp\/v2\/types\/product"}],"replies":[{"embeddable":true,"href":"https:\/\/wiejskieprzysmaki.estima.site\/en\/wp-json\/wp\/v2\/comments?post=11216"}],"wp:featuredmedia":[{"embeddable":true,"href":"https:\/\/wiejskieprzysmaki.estima.site\/en\/wp-json\/wp\/v2\/media\/11217"}],"wp:attachment":[{"href":"https:\/\/wiejskieprzysmaki.estima.site\/en\/wp-json\/wp\/v2\/media?parent=11216"}],"wp:term":[{"taxonomy":"product_brand","embeddable":true,"href":"https:\/\/wiejskieprzysmaki.estima.site\/en\/wp-json\/wp\/v2\/product_brand?post=11216"},{"taxonomy":"product_cat","embeddable":true,"href":"https:\/\/wiejskieprzysmaki.estima.site\/en\/wp-json\/wp\/v2\/product_cat?post=11216"},{"taxonomy":"product_tag","embeddable":true,"href":"https:\/\/wiejskieprzysmaki.estima.site\/en\/wp-json\/wp\/v2\/product_tag?post=11216"}],"curies":[{"name":"wp","href":"https:\/\/api.w.org\/{rel}","templated":true}]}}