{"id":11220,"date":"2025-02-18T12:29:33","date_gmt":"2025-02-18T11:29:33","guid":{"rendered":"https:\/\/wiejskieprzysmaki.estima.site\/produkt\/zupa-instant-czosnek-i-pieprz-bezglutenowa-bio-85-g-perfect-earth\/"},"modified":"2025-02-18T12:29:41","modified_gmt":"2025-02-18T11:29:41","slug":"zupa-instant-czosnek-i-pieprz-bezglutenowa-bio-85-g-perfect-earth","status":"publish","type":"product","link":"https:\/\/wiejskieprzysmaki.estima.site\/en\/product\/zupa-instant-czosnek-i-pieprz-bezglutenowa-bio-85-g-perfect-earth\/","title":{"rendered":"ZUPA INSTANT CZOSNEK I PIEPRZ BEZGLUTENOWA BIO 85 g  &#8211; PERFECT EARTH"},"content":{"rendered":"<p>SK\u0141ADNIKI<br \/>makaron ry\u017cowy* 82 % (m\u0105ka z br\u0105zowego ry\u017cu*, woda), przyprawy w proszku* 18 % (maltodekstryna*, cukier*, s\u00f3l, czosnek* 7 %, szalotka*, ekstrakt dro\u017cd\u017cowy, pieprz* 3 %, dymka*). (*certyfikowany sk\u0142adnik ekologiczny)<\/p>\n<p>OPIS<br \/>Zanurz si\u0119 w intensywnym smaku Dalekiego Wschodu z nasz\u0105 BIO zup\u0105 instant Garlic &amp; Pepper od Perfect Earth! Ta doskonale przyrz\u0105dzona zupa instant to idealny posi\u0142ek dla mi\u0142o\u015bnik\u00f3w ostrego jedzenia, kt\u00f3rzy ceni\u0105 sobie zdrowe sk\u0142adniki oraz wygod\u0119 szybkiego przygotowania. Dzi\u0119ki po\u0142\u0105czeniu \u015bwie\u017cych zi\u00f3\u0142, aromatycznych przypraw i ekologicznych sk\u0142adnik\u00f3w, nasza zupa wyr\u00f3\u017cnia si\u0119 wyj\u0105tkowym, egzotycznym smakiem, kt\u00f3ry zachwyci Twoje kubki smakowe.<\/p>\n<p>SPOS\u00d3B PRZYGOTOWANIA<br \/>Do miski wsypa\u0107 zawarto\u015b\u0107 saszetki, zala\u0107 350 ml wrz\u0105cej wody i przykry\u0107. Pozostawi\u0107 na 5 minut, nast\u0119pnie wymiesza\u0107 i pozostawi\u0107 do ostygni\u0119cia na kolejne 2 minuty.&nbsp;<\/p>\n<p>WARTO\u015a\u0106 OD\u017bYWCZA w 100 g<br \/>Warto\u015b\u0107 energetyczna: 1473 kJ \/ 348 kcal<br \/>T\u0142uszcz: 2,4 g<br \/>w tym kwasy t\u0142uszczowe nasycone: 0,7 g<br \/>W\u0119glowodany: 72 g<br \/>w tym cukry: 5,8 g<br \/>Bia\u0142ko: 7,7 g<br \/>S\u00f3l: 3,1 g<\/p>\n<p>ZALECANE WARUNKI PRZECHOWYWANIA<br \/>Przechowywa\u0107 w ch\u0142odnym i suchym miejscu.<\/p>","protected":false},"excerpt":{"rendered":"<p>SK\u0141ADNIKImakaron ry\u017cowy* 82 % (m\u0105ka z br\u0105zowego ry\u017cu*, woda), przyprawy w proszku* 18 % (maltodekstryna*, cukier*, s\u00f3l, czosnek* 7 %, szalotka*, ekstrakt dro\u017cd\u017cowy, pieprz* 3 %, dymka*). (*certyfikowany sk\u0142adnik ekologiczny) OPISZanurz si\u0119 w intensywnym smaku Dalekiego Wschodu z nasz\u0105 BIO zup\u0105 instant Garlic &amp; Pepper od Perfect Earth! Ta doskonale przyrz\u0105dzona zupa instant to idealny [&hellip;]<\/p>","protected":false},"featured_media":11221,"comment_status":"closed","ping_status":"open","template":"","meta":{"_acf_changed":false},"product_brand":[],"product_cat":[1139],"product_tag":[],"class_list":{"0":"post-11220","1":"product","2":"type-product","3":"status-publish","4":"has-post-thumbnail","6":"product_cat-dania-gotowe","7":"pa_ean-matka-8461","8":"pa_gwarancja-przydatnosci-324","9":"pa_ilosc-w-opakowaniu-374","10":"pa_jednostka-podstawowa-szt","11":"pa_kod-cn-1902-30-10","12":"pa_masa-netto-7406","13":"pa_objetosc-brutto-3040","14":"pa_producent-perfect-earth-zupy-instant","15":"pa_producent-nazwa-adres-kreyenhopkluge-industriestrase-40-42-28876-oyten-niemcy","16":"pa_tagi-bez-glutenu-deklaracja","17":"pa_tagi-bez-glutenu-w-skladnikach","18":"pa_tagi-certyfikat-bio","19":"pa_tagi-weganski","20":"pa_tagi-wegetarianski","22":"first","23":"instock","24":"taxable","25":"shipping-taxable","26":"purchasable","27":"product-type-simple"},"acf":[],"_links":{"self":[{"href":"https:\/\/wiejskieprzysmaki.estima.site\/en\/wp-json\/wp\/v2\/product\/11220","targetHints":{"allow":["GET"]}}],"collection":[{"href":"https:\/\/wiejskieprzysmaki.estima.site\/en\/wp-json\/wp\/v2\/product"}],"about":[{"href":"https:\/\/wiejskieprzysmaki.estima.site\/en\/wp-json\/wp\/v2\/types\/product"}],"replies":[{"embeddable":true,"href":"https:\/\/wiejskieprzysmaki.estima.site\/en\/wp-json\/wp\/v2\/comments?post=11220"}],"wp:featuredmedia":[{"embeddable":true,"href":"https:\/\/wiejskieprzysmaki.estima.site\/en\/wp-json\/wp\/v2\/media\/11221"}],"wp:attachment":[{"href":"https:\/\/wiejskieprzysmaki.estima.site\/en\/wp-json\/wp\/v2\/media?parent=11220"}],"wp:term":[{"taxonomy":"product_brand","embeddable":true,"href":"https:\/\/wiejskieprzysmaki.estima.site\/en\/wp-json\/wp\/v2\/product_brand?post=11220"},{"taxonomy":"product_cat","embeddable":true,"href":"https:\/\/wiejskieprzysmaki.estima.site\/en\/wp-json\/wp\/v2\/product_cat?post=11220"},{"taxonomy":"product_tag","embeddable":true,"href":"https:\/\/wiejskieprzysmaki.estima.site\/en\/wp-json\/wp\/v2\/product_tag?post=11220"}],"curies":[{"name":"wp","href":"https:\/\/api.w.org\/{rel}","templated":true}]}}