{"id":11262,"date":"2025-02-18T12:30:26","date_gmt":"2025-02-18T11:30:26","guid":{"rendered":"https:\/\/wiejskieprzysmaki.estima.site\/produkt\/kombucha-gruszkowa-bio-750-ml-delikatna\/"},"modified":"2025-02-18T12:30:42","modified_gmt":"2025-02-18T11:30:42","slug":"kombucha-gruszkowa-bio-750-ml-delikatna","status":"publish","type":"product","link":"https:\/\/wiejskieprzysmaki.estima.site\/en\/product\/kombucha-gruszkowa-bio-750-ml-delikatna\/","title":{"rendered":"KOMBUCHA GRUSZKOWA BIO 750 ml &#8211; DELIKATNA"},"content":{"rendered":"<p>SK\u0141ADNIKI <br \/>napar z zielonej herbaty* 72 % (woda, zielona herbata*), zag\u0119szczony sok jab\u0142kowy* 21 %, syrop z gruszki* 6 % (gruszka* 52 %, cukier*, woda), \u017cywe kultury scoby. (*certyfikowany sk\u0142adnik ekologiczny)<\/p>\n<p>OPIS&nbsp;<br \/>Produkt rzemie\u015blniczy, poddany naturalnej fermentacji na bazie naparu z herbaty z dodatkiem syropu z gruszki. Naturalnie musuj\u0105cy. Produkt niepasteryzowany.&nbsp;<br \/>W zwi\u0105zku z procesem fermentacji nap\u00f3j mo\u017ce zawiera\u0107 do 1,2 % alkoholu.<br \/>Zawiesina w produkcie jest zjawiskiem po\u017c\u0105danym i \u015bwiadczy o obecno\u015bci grzyba herbacianego, kt\u00f3rego mo\u017cesz wykorzysta\u0107 do przygotowania w\u0142asnej kombuchy.&nbsp;&nbsp;<\/p>\n<p>WARTO\u015a\u0106 OD\u017bYWCZA W 100 ml<br \/>Warto\u015b\u0107 energetyczna: 101 kJ\/20 kcal&nbsp;<br \/>T\u0142uszcz: &lt;0,1 g&nbsp;<br \/>w tym kwasy t\u0142uszczowe nasycone: 0 g&nbsp;<br \/>W\u0119glowodany: 4,5 g&nbsp;<br \/>w tym cukry: 3,4 g&nbsp;<br \/>Bia\u0142ko: 0 g&nbsp;<br \/>S\u00f3l: 0 g&nbsp;<\/p>\n<p>INFORMACJA ALERGENNA<br \/>Mo\u017ce zawiera\u0107 SOJ\u0118, gorczyc\u0119&nbsp;<\/p>\n<p>ZALECANE WARUNKI PRZECHOWYWANIA<br \/>Przechowywa\u0107 w temperaturze od +2 do +8\u2103. Po otwarciu spo\u017cy\u0107 w ci\u0105gu 7 dni.&nbsp;<\/p>","protected":false},"excerpt":{"rendered":"<p>SK\u0141ADNIKI napar z zielonej herbaty* 72 % (woda, zielona herbata*), zag\u0119szczony sok jab\u0142kowy* 21 %, syrop z gruszki* 6 % (gruszka* 52 %, cukier*, woda), \u017cywe kultury scoby. (*certyfikowany sk\u0142adnik ekologiczny) OPIS&nbsp;Produkt rzemie\u015blniczy, poddany naturalnej fermentacji na bazie naparu z herbaty z dodatkiem syropu z gruszki. Naturalnie musuj\u0105cy. Produkt niepasteryzowany.&nbsp;W zwi\u0105zku z procesem fermentacji nap\u00f3j [&hellip;]<\/p>","protected":false},"featured_media":11263,"comment_status":"closed","ping_status":"open","template":"","meta":{"_acf_changed":false},"product_brand":[],"product_cat":[274,4283],"product_tag":[],"class_list":{"0":"post-11262","1":"product","2":"type-product","3":"status-publish","4":"has-post-thumbnail","6":"product_cat-lodowka-inne","7":"product_cat-napoje-chlodnicze","8":"pa_ean-matka-8490","9":"pa_gwarancja-przydatnosci-324","10":"pa_ilosc-w-opakowaniu-374","11":"pa_jednostka-podstawowa-szt","12":"pa_kod-cn-2202-99-19","13":"pa_kraj-pochodzenia-skladnikow-polska","14":"pa_objetosc-brutto-4925","15":"pa_objetosc-netto-450","16":"pa_producent-delikatna-kombucha-kimchi-zakwas","17":"pa_producent-nazwa-adres-bacillus-sp-z-o-o-zaklad-produkcyjny-ul-stryjska-24-81-506-gdynia","18":"pa_tagi-bez-glutenu-w-skladnikach","19":"pa_tagi-certyfikat-bio","20":"pa_tagi-weganski","21":"pa_tagi-wegetarianski","23":"first","24":"instock","25":"taxable","26":"shipping-taxable","27":"purchasable","28":"product-type-simple"},"acf":[],"_links":{"self":[{"href":"https:\/\/wiejskieprzysmaki.estima.site\/en\/wp-json\/wp\/v2\/product\/11262","targetHints":{"allow":["GET"]}}],"collection":[{"href":"https:\/\/wiejskieprzysmaki.estima.site\/en\/wp-json\/wp\/v2\/product"}],"about":[{"href":"https:\/\/wiejskieprzysmaki.estima.site\/en\/wp-json\/wp\/v2\/types\/product"}],"replies":[{"embeddable":true,"href":"https:\/\/wiejskieprzysmaki.estima.site\/en\/wp-json\/wp\/v2\/comments?post=11262"}],"wp:featuredmedia":[{"embeddable":true,"href":"https:\/\/wiejskieprzysmaki.estima.site\/en\/wp-json\/wp\/v2\/media\/11263"}],"wp:attachment":[{"href":"https:\/\/wiejskieprzysmaki.estima.site\/en\/wp-json\/wp\/v2\/media?parent=11262"}],"wp:term":[{"taxonomy":"product_brand","embeddable":true,"href":"https:\/\/wiejskieprzysmaki.estima.site\/en\/wp-json\/wp\/v2\/product_brand?post=11262"},{"taxonomy":"product_cat","embeddable":true,"href":"https:\/\/wiejskieprzysmaki.estima.site\/en\/wp-json\/wp\/v2\/product_cat?post=11262"},{"taxonomy":"product_tag","embeddable":true,"href":"https:\/\/wiejskieprzysmaki.estima.site\/en\/wp-json\/wp\/v2\/product_tag?post=11262"}],"curies":[{"name":"wp","href":"https:\/\/api.w.org\/{rel}","templated":true}]}}