{"id":1134,"date":"2025-02-18T10:34:30","date_gmt":"2025-02-18T09:34:30","guid":{"rendered":"https:\/\/wiejskieprzysmaki.estima.site\/produkt\/krem-migdalowy-bio-250-g-rapunzel\/"},"modified":"2025-02-18T10:34:45","modified_gmt":"2025-02-18T09:34:45","slug":"krem-migdalowy-bio-250-g-rapunzel","status":"publish","type":"product","link":"https:\/\/wiejskieprzysmaki.estima.site\/en\/product\/krem-migdalowy-bio-250-g-rapunzel\/","title":{"rendered":"KREM MIGDA\u0141OWY BIO 250 g &#8211; RAPUNZEL"},"content":{"rendered":"<p>SK\u0141ADNIKI<br \/>ekologiczne MIGDA\u0141Y. <\/p>\n<p>OPIS<br \/>Naturalny krem wy\u0142\u0105cznie z ekologicznych lekko pra\u017conych migda\u0142\u00f3w. Wysoka zawarto\u015b\u0107 witaminy E i magnezu. \u0179r\u00f3d\u0142o wapnia i \u017celaza. <br \/>W temperaturze pokojowej nabiera delikatnej kremowej konsystencji, kt\u00f3ra doskonale komponuje si\u0119 ze \u015bwie\u017cym pieczywem. Mo\u017ce by\u0107 stosowany zamiast tradycyjnego MAS\u0141A czy margaryny. Polecamy r\u00f3wnie\u017c do sos\u00f3w, dressing\u00f3w, sa\u0142atek, wypiek\u00f3w, deser\u00f3w, musli czy jogurtu.<\/p>\n<p>WARTO\u015a\u0106 OD\u017bYWCZA W 100 g<br \/>Warto\u015b\u0107 energetyczna &#8211; 2680 kJ\/649 kcal<br \/>T\u0142uszcz &#8211; 57 g<br \/>w tym kwasy t\u0142uszczowe nasycone &#8211; 5,5 g<br \/>W\u0119glowodany &#8211; 5 g<br \/>w tym cukry &#8211; 3,9 g<br \/>B\u0142onnik &#8211; 9,3 g<br \/>Bia\u0142ko &#8211; 23 g<br \/>S\u00f3l &#8211; 0,01 g<br \/>Witamina E &#8211; 17 mg (142 %)** <br \/>Wap\u0144 &#8211; 295 mg (37 %)**<br \/>Magnez &#8211; 236 mg (63 %)**<br \/>\u017belazo &#8211; 4,1 mg (29 %)**<br \/>**dzienna referencyjna warto\u015b\u0107 spo\u017cycia witamin (dla osoby doros\u0142ej)<\/p>\n<p>UWAGI <br \/>Rozwarstwienie kremu jest zjawiskiem naturalnym<\/p>\n<p>INFORMACJA ALERGENNA<br \/>Produkt mo\u017ce zawiera\u0107 ORZESZKI ZIEMNE i inne ORZECHY, SEZAM, \u0141UBIN, MLEKO (\u0142\u0105cznie z LAKTOZ\u0104)<\/p>\n<p>ZALECANE WARUNKI PRZECHOWYWANIA<br \/>Konsystencja jest zale\u017cna od temperatury przechowywania.<br \/>Temperatura pokojowa &#8211; konsystencja kremowa.<br \/>Temperatura ch\u0142odnicza &#8211; konsystencja sta\u0142a.<\/p>","protected":false},"excerpt":{"rendered":"<p>SK\u0141ADNIKIekologiczne MIGDA\u0141Y. OPISNaturalny krem wy\u0142\u0105cznie z ekologicznych lekko pra\u017conych migda\u0142\u00f3w. Wysoka zawarto\u015b\u0107 witaminy E i magnezu. \u0179r\u00f3d\u0142o wapnia i \u017celaza. W temperaturze pokojowej nabiera delikatnej kremowej konsystencji, kt\u00f3ra doskonale komponuje si\u0119 ze \u015bwie\u017cym pieczywem. Mo\u017ce by\u0107 stosowany zamiast tradycyjnego MAS\u0141A czy margaryny. Polecamy r\u00f3wnie\u017c do sos\u00f3w, dressing\u00f3w, sa\u0142atek, wypiek\u00f3w, deser\u00f3w, musli czy jogurtu. WARTO\u015a\u0106 OD\u017bYWCZA [&hellip;]<\/p>","protected":false},"featured_media":1135,"comment_status":"closed","ping_status":"open","template":"","meta":{"_acf_changed":false},"product_brand":[],"product_cat":[734],"product_tag":[],"class_list":{"0":"post-1134","1":"product","2":"type-product","3":"status-publish","4":"has-post-thumbnail","6":"product_cat-kremy-orzechowe-czekoladowe-tahini","7":"pa_ean-matka-1207","8":"pa_gwarancja-przydatnosci-324","9":"pa_ilosc-w-opakowaniu-298","10":"pa_jednostka-podstawowa-szt","11":"pa_kod-cn-2008-19-93","12":"pa_kraj-pochodzenia-skladnikow-turcja","13":"pa_masa-netto-480","14":"pa_objetosc-brutto-1206","15":"pa_producent-rapunzel-kremy-orzechowe-ketchupy-czekolady","16":"pa_producent-nazwa-adres-rapunzel-naturkost-gmbh-rapunzelstrabe-1-d-87764-legau","17":"pa_tagi-bez-cukru-w-skladnikach","18":"pa_tagi-bez-glutenu-w-skladnikach","19":"pa_tagi-certyfikat-bio","20":"pa_tagi-weganski","21":"pa_tagi-wegetarianski","23":"first","24":"instock","25":"taxable","26":"shipping-taxable","27":"purchasable","28":"product-type-simple"},"acf":[],"_links":{"self":[{"href":"https:\/\/wiejskieprzysmaki.estima.site\/en\/wp-json\/wp\/v2\/product\/1134","targetHints":{"allow":["GET"]}}],"collection":[{"href":"https:\/\/wiejskieprzysmaki.estima.site\/en\/wp-json\/wp\/v2\/product"}],"about":[{"href":"https:\/\/wiejskieprzysmaki.estima.site\/en\/wp-json\/wp\/v2\/types\/product"}],"replies":[{"embeddable":true,"href":"https:\/\/wiejskieprzysmaki.estima.site\/en\/wp-json\/wp\/v2\/comments?post=1134"}],"wp:featuredmedia":[{"embeddable":true,"href":"https:\/\/wiejskieprzysmaki.estima.site\/en\/wp-json\/wp\/v2\/media\/1135"}],"wp:attachment":[{"href":"https:\/\/wiejskieprzysmaki.estima.site\/en\/wp-json\/wp\/v2\/media?parent=1134"}],"wp:term":[{"taxonomy":"product_brand","embeddable":true,"href":"https:\/\/wiejskieprzysmaki.estima.site\/en\/wp-json\/wp\/v2\/product_brand?post=1134"},{"taxonomy":"product_cat","embeddable":true,"href":"https:\/\/wiejskieprzysmaki.estima.site\/en\/wp-json\/wp\/v2\/product_cat?post=1134"},{"taxonomy":"product_tag","embeddable":true,"href":"https:\/\/wiejskieprzysmaki.estima.site\/en\/wp-json\/wp\/v2\/product_tag?post=1134"}],"curies":[{"name":"wp","href":"https:\/\/api.w.org\/{rel}","templated":true}]}}