{"id":11341,"date":"2025-02-18T12:31:46","date_gmt":"2025-02-18T11:31:46","guid":{"rendered":"https:\/\/wiejskieprzysmaki.estima.site\/produkt\/jajko-niespodzianka-czekoladowe-fair-trade-bezglutenowe-bio-20-g-toddidoo\/"},"modified":"2025-02-18T12:31:53","modified_gmt":"2025-02-18T11:31:53","slug":"jajko-niespodzianka-czekoladowe-fair-trade-bezglutenowe-bio-20-g-toddidoo","status":"publish","type":"product","link":"https:\/\/wiejskieprzysmaki.estima.site\/en\/product\/jajko-niespodzianka-czekoladowe-fair-trade-bezglutenowe-bio-20-g-toddidoo\/","title":{"rendered":"JAJKO NIESPODZIANKA CZEKOLADOWE FAIR TRADE BEZGLUTENOWE BIO 20 g &#8211; TODDIDOO"},"content":{"rendered":"<p>SK\u0141ADNIKI<br \/>cukier trzcinowy*, t\u0142uszcz kakaowy*, MLEKO pe\u0142ne w proszku*, miazga kakaowa*. (*certyfikowany sk\u0142adnik ekologiczny)<br \/>Masa kakaowa min. 38,8 %; masa mleczna 18 %.<\/p>\n<p>OPIS<br \/>Wyr\u00f3b z czekolady mlecznej w kszta\u0142cie jajka z zabawk\u0105.<br \/>Produkt nieodpowiedni dla dzieci w wieku 0 &#8211; 3 lat. <\/p>\n<p>WARTO\u015a\u0106 OD\u017bYWCZA W 100 g<br \/>Warto\u015b\u0107 energetyczna: 2425 kJ \/ 583 kcal<br \/>T\u0142uszcz: 40 g<br \/>w tym kwasy nasycone: 24 g<br \/>W\u0119glowodany: 48 g<br \/>w tym cukry: 47 g<br \/>B\u0142onnik: 2,2 g<br \/>Bia\u0142ko: 6,2 g<br \/>S\u00f3l: 0,17 g<\/p>\n<p>INFORMACJA ALERGENNA<br \/>Mo\u017ce zawiera\u0107 ORZECHY.<\/p>\n<p>UWAGA<br \/>Zabawka w \u015brodku. Zalecany nadz\u00f3r osoby doros\u0142ej. <\/p>\n<p>ZALECANE WARUNKI PRZECHOWYWANIA<br \/>Przechowywa\u0107 w suchym i ch\u0142odnym miejscu, z dala od bezpo\u015bredniego dzia\u0142ania ciep\u0142a. <\/p>","protected":false},"excerpt":{"rendered":"<p>SK\u0141ADNIKIcukier trzcinowy*, t\u0142uszcz kakaowy*, MLEKO pe\u0142ne w proszku*, miazga kakaowa*. (*certyfikowany sk\u0142adnik ekologiczny)Masa kakaowa min. 38,8 %; masa mleczna 18 %. OPISWyr\u00f3b z czekolady mlecznej w kszta\u0142cie jajka z zabawk\u0105.Produkt nieodpowiedni dla dzieci w wieku 0 &#8211; 3 lat. WARTO\u015a\u0106 OD\u017bYWCZA W 100 gWarto\u015b\u0107 energetyczna: 2425 kJ \/ 583 kcalT\u0142uszcz: 40 gw tym kwasy nasycone: [&hellip;]<\/p>","protected":false},"featured_media":11342,"comment_status":"closed","ping_status":"open","template":"","meta":{"_acf_changed":false},"product_brand":[],"product_cat":[1187,139],"product_tag":[],"class_list":{"0":"post-11341","1":"product","2":"type-product","3":"status-publish","4":"has-post-thumbnail","6":"product_cat-czekolady-i-czekoladki","7":"product_cat-slodycze-i-przekaski","8":"pa_ean-matka-8541","9":"pa_gwarancja-przydatnosci-320","10":"pa_ilosc-w-opakowaniu-374","11":"pa_jednostka-podstawowa-szt","12":"pa_kod-cn-1806-90-19","13":"pa_masa-netto-737","14":"pa_objetosc-brutto-2150","15":"pa_producent-toddidoo-jajko-niespodzianka","16":"pa_producent-nazwa-adres-global-sweets-trading-gmbh-via-dellolmo-25-35013-cittadella-pd","17":"pa_tagi-bez-glutenu-deklaracja","18":"pa_tagi-bez-glutenu-w-skladnikach","19":"pa_tagi-certyfikat-bio","20":"pa_tagi-wegetarianski","22":"first","23":"instock","24":"taxable","25":"shipping-taxable","26":"purchasable","27":"product-type-simple"},"acf":[],"_links":{"self":[{"href":"https:\/\/wiejskieprzysmaki.estima.site\/en\/wp-json\/wp\/v2\/product\/11341","targetHints":{"allow":["GET"]}}],"collection":[{"href":"https:\/\/wiejskieprzysmaki.estima.site\/en\/wp-json\/wp\/v2\/product"}],"about":[{"href":"https:\/\/wiejskieprzysmaki.estima.site\/en\/wp-json\/wp\/v2\/types\/product"}],"replies":[{"embeddable":true,"href":"https:\/\/wiejskieprzysmaki.estima.site\/en\/wp-json\/wp\/v2\/comments?post=11341"}],"wp:featuredmedia":[{"embeddable":true,"href":"https:\/\/wiejskieprzysmaki.estima.site\/en\/wp-json\/wp\/v2\/media\/11342"}],"wp:attachment":[{"href":"https:\/\/wiejskieprzysmaki.estima.site\/en\/wp-json\/wp\/v2\/media?parent=11341"}],"wp:term":[{"taxonomy":"product_brand","embeddable":true,"href":"https:\/\/wiejskieprzysmaki.estima.site\/en\/wp-json\/wp\/v2\/product_brand?post=11341"},{"taxonomy":"product_cat","embeddable":true,"href":"https:\/\/wiejskieprzysmaki.estima.site\/en\/wp-json\/wp\/v2\/product_cat?post=11341"},{"taxonomy":"product_tag","embeddable":true,"href":"https:\/\/wiejskieprzysmaki.estima.site\/en\/wp-json\/wp\/v2\/product_tag?post=11341"}],"curies":[{"name":"wp","href":"https:\/\/api.w.org\/{rel}","templated":true}]}}