{"id":11344,"date":"2025-02-18T12:31:46","date_gmt":"2025-02-18T11:31:46","guid":{"rendered":"https:\/\/wiejskieprzysmaki.estima.site\/produkt\/ashwagandha-forte-ekstrakt-bio-600-mg-30-tabletek-physalis\/"},"modified":"2025-02-20T15:11:39","modified_gmt":"2025-02-20T14:11:39","slug":"ashwagandha-forte-ekstrakt-bio-600-mg-30-tabletek-physalis","status":"publish","type":"product","link":"https:\/\/wiejskieprzysmaki.estima.site\/en\/product\/ashwagandha-forte-ekstrakt-bio-600-mg-30-tabletek-physalis\/","title":{"rendered":"ASHWAGANDHA FORTE EKSTRAKT BIO (600 mg) 30 TABLETEK &#8211; PHYSALIS"},"content":{"rendered":"<p>SK\u0141ADNIKI <br \/>ekstrakt z ashwagandhy* (60,3 %), substancja wype\u0142niaj\u0105ca: guma arabska*, proszek bambusowy (Bambusa arundinacea)*, tr\u00f3jglicerydy \u015brednio\u0142a\u0144cuchowe*. (*certyfikowany sk\u0142adnik ekologiczny)<\/p>\n<p>Sk\u0142ad jednej tabletki<br \/>ekstrakt z bio ashwagandhy (Withania somnifera ekstrakt) (KSM-66 Ashwagandha\u00ae, &gt;5% witanolid\u00f3w, &lt;0,1% witaferyny) &#8211; 600 mg<\/p>\n<p>OPIS <br \/>Suplement diety z ro\u015blinami.<br \/>Physalis Ashwagandha forte bio zawiera najwy\u017cszej jako\u015bci ekstrakt z ashwagandhy (indyjskiego \u017ce\u0144-szenia) KSM-66\u00ae. Potrzeba by\u0142o ponad dekady bada\u0144, aby opracowa\u0107 ekstrakt z ashwagandhy o wysokiej standaryzacji na witanolidy, zachowuj\u0105c jednocze\u015bnie wszystkie proporcje wyst\u0119puj\u0105ce w naturze. Jest to najlepiej zbadany i bezpieczny ekstrakt z ashwagandhy o szerokim spektrum dzia\u0142ania na \u015bwiecie. Z jednej strony korze\u0144 ashwagandhy poprawia wydajno\u015b\u0107 fizyczn\u0105 i umys\u0142ow\u0105, zapewnia wi\u0119cej energii i witalno\u015bci oraz optymalizuje koncentracj\u0119 i czujno\u015b\u0107. Z drugiej strony zapewnia zdrowy sen oraz wspiera nas w chwilowych sytuacjach stresowych.<\/p>\n<p>ZALECANE SPO\u017bYCIE I INNE UWAGI <br \/>1 tabletka dziennie. Nale\u017cy przyjmowa\u0107 w czasie posi\u0142ku, popijaj\u0105c niewielk\u0105 ilo\u015bci\u0105 wody.<br \/>Nie nale\u017cy przekracza\u0107 zalecanej porcji do spo\u017cycia w ci\u0105gu dnia. Suplement diety nie mo\u017ce by\u0107 stosowany jako substytut zr\u00f3\u017cnicowanej diety i zdrowego trybu \u017cycia.<\/p>\n<p>ZALECANE WARUNKI PRZECHOWYWANIA<br \/>Przechowywa\u0107 w ch\u0142odnym (maks. 25\u00b0C), suchym i ciemnym miejscu. Przechowywa\u0107 w spos\u00f3b niedost\u0119pny dla ma\u0142ych dzieci.<\/p>","protected":false},"excerpt":{"rendered":"<p>SK\u0141ADNIKI ekstrakt z ashwagandhy* (60,3 %), substancja wype\u0142niaj\u0105ca: guma arabska*, proszek bambusowy (Bambusa arundinacea)*, tr\u00f3jglicerydy \u015brednio\u0142a\u0144cuchowe*. (*certyfikowany sk\u0142adnik ekologiczny) Sk\u0142ad jednej tabletkiekstrakt z bio ashwagandhy (Withania somnifera ekstrakt) (KSM-66 Ashwagandha\u00ae, &gt;5% witanolid\u00f3w, &lt;0,1% witaferyny) &#8211; 600 mg OPIS Suplement diety z ro\u015blinami.Physalis Ashwagandha forte bio zawiera najwy\u017cszej jako\u015bci ekstrakt z ashwagandhy (indyjskiego \u017ce\u0144-szenia) KSM-66\u00ae. Potrzeba [&hellip;]<\/p>","protected":false},"featured_media":11345,"comment_status":"closed","ping_status":"open","template":"","meta":{"_acf_changed":false},"product_brand":[],"product_cat":[1497,9057],"product_tag":[],"class_list":{"0":"post-11344","1":"product","2":"type-product","3":"status-publish","4":"has-post-thumbnail","6":"product_cat-kapsulki-tabletki","7":"product_cat-suplementy-diety","8":"pa_ean-matka-8546","9":"pa_gwarancja-przydatnosci-320","10":"pa_ilosc-w-opakowaniu-8543","11":"pa_jednostka-podstawowa-szt","12":"pa_kod-cn-2106-90-98","13":"pa_masa-netto-2188","14":"pa_objetosc-brutto-8544","15":"pa_producent-physalis-olejki-eteryczne-suplementy","16":"pa_producent-nazwa-adres-keypharm-siemenslaan-11-8020-oostkamp","17":"pa_tagi-bez-cukru-w-skladnikach","18":"pa_tagi-bez-glutenu-w-skladnikach","19":"pa_tagi-certyfikat-bio","20":"pa_tagi-weganski","21":"pa_tagi-wegetarianski","23":"first","24":"instock","25":"taxable","26":"shipping-taxable","27":"purchasable","28":"product-type-simple"},"acf":[],"_links":{"self":[{"href":"https:\/\/wiejskieprzysmaki.estima.site\/en\/wp-json\/wp\/v2\/product\/11344","targetHints":{"allow":["GET"]}}],"collection":[{"href":"https:\/\/wiejskieprzysmaki.estima.site\/en\/wp-json\/wp\/v2\/product"}],"about":[{"href":"https:\/\/wiejskieprzysmaki.estima.site\/en\/wp-json\/wp\/v2\/types\/product"}],"replies":[{"embeddable":true,"href":"https:\/\/wiejskieprzysmaki.estima.site\/en\/wp-json\/wp\/v2\/comments?post=11344"}],"wp:featuredmedia":[{"embeddable":true,"href":"https:\/\/wiejskieprzysmaki.estima.site\/en\/wp-json\/wp\/v2\/media\/11345"}],"wp:attachment":[{"href":"https:\/\/wiejskieprzysmaki.estima.site\/en\/wp-json\/wp\/v2\/media?parent=11344"}],"wp:term":[{"taxonomy":"product_brand","embeddable":true,"href":"https:\/\/wiejskieprzysmaki.estima.site\/en\/wp-json\/wp\/v2\/product_brand?post=11344"},{"taxonomy":"product_cat","embeddable":true,"href":"https:\/\/wiejskieprzysmaki.estima.site\/en\/wp-json\/wp\/v2\/product_cat?post=11344"},{"taxonomy":"product_tag","embeddable":true,"href":"https:\/\/wiejskieprzysmaki.estima.site\/en\/wp-json\/wp\/v2\/product_tag?post=11344"}],"curies":[{"name":"wp","href":"https:\/\/api.w.org\/{rel}","templated":true}]}}