{"id":11352,"date":"2025-02-18T12:31:56","date_gmt":"2025-02-18T11:31:56","guid":{"rendered":"https:\/\/wiejskieprzysmaki.estima.site\/produkt\/kolagen-witamina-c-60-tabletek-physalis\/"},"modified":"2025-02-20T15:11:39","modified_gmt":"2025-02-20T14:11:39","slug":"kolagen-witamina-c-60-tabletek-physalis","status":"publish","type":"product","link":"https:\/\/wiejskieprzysmaki.estima.site\/en\/product\/kolagen-witamina-c-60-tabletek-physalis\/","title":{"rendered":"KOLAGEN + WITAMINA C 60 TABLETEK &#8211; PHYSALIS"},"content":{"rendered":"<p>SK\u0141ADNIKI<br \/>hydrolizowany kolagen (RYBA) (92,3 %), substancje \u017celuj\u0105ce: hydroksypropylometyloceluloza, celuloza, substancja glazuruj\u0105ca: kwasy t\u0142uszczowe, barwnik: w\u0119glan wapnia, witamina C.<\/p>\n<p>Sk\u0142ad na 5 tabletek<br \/>Kolagen (Peptan\u00ae) &#8211; 5000 mg<br \/>Witamina C (kwas L-askorbinowy) &#8211; 60 mg (75 %)*<br \/>*dzienna referencyjna warto\u015b\u0107 spo\u017cycia<\/p>\n<p>OPIS<br \/>Suplement diety zawieraj\u0105cy sk\u0142adniki od\u017cywcze.<br \/>Physalis Kolagen + C to kompleks zawieraj\u0105cy 1000 mg kolagenu w jednej tabletce. Kolagen to bia\u0142ko wchodz\u0105ce w sk\u0142ad tkanki \u0142\u0105cznej sk\u00f3ry, staw\u00f3w, wi\u0119zade\u0142, \u015bci\u0119gien i ko\u015bci. Dodana witamina C pomaga w prawid\u0142owym tworzeniu kolagenu, aby zachowa\u0107 zdrow\u0105 sk\u00f3r\u0119 i chrz\u0105stk\u0119 stawow\u0105. Peptan\u00ae to wysoce czysta forma kolagenu typu I pozyskiwana z RYB, kt\u00f3rej dzia\u0142anie zosta\u0142o potwierdzone r\u00f3\u017cnymi badaniami klinicznymi. Jest wytwarzany w unikalnym procesie wykorzystuj\u0105cym hydroliz\u0119 enzymatyczn\u0105, w wyniku czego powstaje biodost\u0119pna mieszanina kr\u00f3tkich peptyd\u00f3w.<\/p>\n<p>ZALECANE SPO\u017bYCIE I INNE UWAGI<br \/>2 do 5 tabletek dziennie. Nale\u017cy przyjmowa\u0107 w czasie posi\u0142k\u00f3w, popijaj\u0105c niewielk\u0105 ilo\u015bci\u0105 wody.<br \/>Nie nale\u017cy przekracza\u0107 zalecanej porcji do spo\u017cycia w ci\u0105gu dnia. Suplement diety nie mo\u017ce by\u0107 stosowany jako substytut zr\u00f3\u017cnicowanej diety i zdrowego trybu \u017cycia.<\/p>\n<p>ZALECANE WARUNKI PRZECHOWYWANIA<br \/>Przechowywa\u0107 w ch\u0142odnym (maks. 25\u00b0C), suchym i ciemnym miejscu. Przechowywa\u0107 w spos\u00f3b niedost\u0119pny dla ma\u0142ych dzieci.<\/p>","protected":false},"excerpt":{"rendered":"<p>SK\u0141ADNIKIhydrolizowany kolagen (RYBA) (92,3 %), substancje \u017celuj\u0105ce: hydroksypropylometyloceluloza, celuloza, substancja glazuruj\u0105ca: kwasy t\u0142uszczowe, barwnik: w\u0119glan wapnia, witamina C. Sk\u0142ad na 5 tabletekKolagen (Peptan\u00ae) &#8211; 5000 mgWitamina C (kwas L-askorbinowy) &#8211; 60 mg (75 %)**dzienna referencyjna warto\u015b\u0107 spo\u017cycia OPISSuplement diety zawieraj\u0105cy sk\u0142adniki od\u017cywcze.Physalis Kolagen + C to kompleks zawieraj\u0105cy 1000 mg kolagenu w jednej tabletce. Kolagen [&hellip;]<\/p>","protected":false},"featured_media":11353,"comment_status":"closed","ping_status":"open","template":"","meta":{"_acf_changed":false},"product_brand":[],"product_cat":[1497,9057],"product_tag":[],"class_list":{"0":"post-11352","1":"product","2":"type-product","3":"status-publish","4":"has-post-thumbnail","6":"product_cat-kapsulki-tabletki","7":"product_cat-suplementy-diety","8":"pa_ean-matka-8553","9":"pa_gwarancja-przydatnosci-320","10":"pa_ilosc-w-opakowaniu-2428","11":"pa_jednostka-podstawowa-szt","12":"pa_kod-cn-2106-90-98","13":"pa_masa-netto-2837","14":"pa_objetosc-brutto-6941","15":"pa_producent-physalis-olejki-eteryczne-suplementy","16":"pa_producent-nazwa-adres-keypharm-siemenslaan-11-8020-oostkamp","17":"pa_tagi-bez-cukru-w-skladnikach","18":"pa_tagi-bez-glutenu-w-skladnikach","20":"first","21":"instock","22":"taxable","23":"shipping-taxable","24":"purchasable","25":"product-type-simple"},"acf":[],"_links":{"self":[{"href":"https:\/\/wiejskieprzysmaki.estima.site\/en\/wp-json\/wp\/v2\/product\/11352","targetHints":{"allow":["GET"]}}],"collection":[{"href":"https:\/\/wiejskieprzysmaki.estima.site\/en\/wp-json\/wp\/v2\/product"}],"about":[{"href":"https:\/\/wiejskieprzysmaki.estima.site\/en\/wp-json\/wp\/v2\/types\/product"}],"replies":[{"embeddable":true,"href":"https:\/\/wiejskieprzysmaki.estima.site\/en\/wp-json\/wp\/v2\/comments?post=11352"}],"wp:featuredmedia":[{"embeddable":true,"href":"https:\/\/wiejskieprzysmaki.estima.site\/en\/wp-json\/wp\/v2\/media\/11353"}],"wp:attachment":[{"href":"https:\/\/wiejskieprzysmaki.estima.site\/en\/wp-json\/wp\/v2\/media?parent=11352"}],"wp:term":[{"taxonomy":"product_brand","embeddable":true,"href":"https:\/\/wiejskieprzysmaki.estima.site\/en\/wp-json\/wp\/v2\/product_brand?post=11352"},{"taxonomy":"product_cat","embeddable":true,"href":"https:\/\/wiejskieprzysmaki.estima.site\/en\/wp-json\/wp\/v2\/product_cat?post=11352"},{"taxonomy":"product_tag","embeddable":true,"href":"https:\/\/wiejskieprzysmaki.estima.site\/en\/wp-json\/wp\/v2\/product_tag?post=11352"}],"curies":[{"name":"wp","href":"https:\/\/api.w.org\/{rel}","templated":true}]}}