{"id":11354,"date":"2025-02-18T12:31:56","date_gmt":"2025-02-18T11:31:56","guid":{"rendered":"https:\/\/wiejskieprzysmaki.estima.site\/produkt\/tabletki-na-detoksykacje-watroby-30-szt-physalis\/"},"modified":"2025-02-20T15:11:37","modified_gmt":"2025-02-20T14:11:37","slug":"tabletki-na-detoksykacje-watroby-30-szt-physalis","status":"publish","type":"product","link":"https:\/\/wiejskieprzysmaki.estima.site\/en\/product\/tabletki-na-detoksykacje-watroby-30-szt-physalis\/","title":{"rendered":"TABLETKI NA DETOKSYKACJ\u0118 W\u0104TROBY 30 szt. &#8211; PHYSALIS"},"content":{"rendered":"<p>SK\u0141ADNIKI <br \/>ekstrakt z karczocha (23,7 %), ekstrakt z brzozy (17,1 %), ekstrakt z ostropestu plamistego (17,1 %), ekstrakt z mniszka lekarskiego (17,1 %), substancja wype\u0142niaj\u0105ca: guma arabska, ekstrakt z kurkumy (7,1 %), proszek bambusowy (Bambusa arundinacea), substancja \u017celuj\u0105ca: hydroksypropylometyloceluloza, substancja glazuruj\u0105ca: kwasy t\u0142uszczowe, emulgator: glicerol.<\/p>\n<p>Sk\u0142ad na 2 tabletki<br \/>ekstrakt z Cynara scolymus (&gt;5% cynaryna) &#8211; 500 mg<br \/>ekstrakt z Silybum marianum (80% sylimaryna) &#8211; 360 mg<br \/>ekstrakt z Taraxacum officinale (&gt;12% inulina) &#8211; 360 mg<br \/>ekstrakt z Betula pendula (4% flawonoidy) &#8211; 360 mg<br \/>Zoptymalizowany ekstrakt z Curcuma longa (Longvida\u00ae &gt;23% og\u00f3\u0142em kurkuminoid\u00f3w w tym &gt;70 % kurkumina) &#8211; 150 mg<\/p>\n<p>OPIS <br \/>Suplement diety z ro\u015blinami.<br \/>Nasz organizm, a w szczeg\u00f3lno\u015bci w\u0105troba, cz\u0119sto jest obci\u0105\u017cony: zbyt du\u017c\u0105 ilo\u015bci\u0105 i zbyt t\u0142ustym jedzeniem, alkoholem, kaw\u0105, rafinowan\u0105 \u017cywno\u015bci\u0105, zanieczyszczeniem \u015brodowiska itp. Physalis Detox+ to synergistyczny kompleks aktywnych ekstrakt\u00f3w ro\u015blinnych, takich jak karczoch<br \/>i ostropest plamisty (sylimaryna), kt\u00f3re wspomagaj\u0105 detoksykacyjne i oczyszczaj\u0105ce funkcje w\u0105troby. Brzoza wspomaga funkcj\u0119 eliminacyjn\u0105 i filtruj\u0105c\u0105 nerek. Mniszek lekarski wspiera og\u00f3lny stan zdrowia jelit dzi\u0119ki zdolno\u015bci do usuwania \u017c\u00f3\u0142ci i pozytywnemu wp\u0142ywowi na czynno\u015b\u0107 jelit. Wysokiej jako\u015bci ekstrakt z kurkumy pomaga zachowa\u0107 zdrow\u0105 w\u0105trob\u0119 i wspomaga trawienie t\u0142uszcz\u00f3w.<br \/>Opatentowany i intensywnie badany kompleks kurkuminoid\u00f3w (Longvida\u00ae) zapewnia biologiczn\u0105 dost\u0119pno\u015b\u0107 95 razy lepsz\u0105 ni\u017c zwyk\u0142a kurkumina!<br \/>Physalis Detox+ to odpowiedni dodatek do codziennej diety, kt\u00f3ra cz\u0119sto jest bardzo bogata w t\u0142uszcze i stresuj\u0105ca dla organizmu. Alternatywnie mo\u017ce s\u0142u\u017cy\u0107 jako detoksykuj\u0105ca kuracja wiosenno-jesienna.<\/p>\n<p>ZALECANE SPO\u017bYCIE I INNE UWAGI <br \/>1 do 2 tabletek dziennie. Nale\u017cy przyjmowa\u0107 w czasie posi\u0142k\u00f3w, popijaj\u0105c niewielk\u0105 ilo\u015bci\u0105 wody.<br \/>Nie stosowa\u0107 w przypadku nadwra\u017cliwo\u015bci na pochodne salicylan\u00f3w.<br \/>W przypadku jednoczesnego stosowania z lekami przeciwzakrzepowymi nale\u017cy skonsultowa\u0107 si\u0119 z lekarzem lub farmaceut\u0105.<br \/>Nie stosowa\u0107 w czasie ci\u0105\u017cy i w okresie karmienia piersi\u0105 oraz u dzieci poni\u017cej 12. roku \u017cycia.<br \/>Nale\u017cy zasi\u0119gn\u0105\u0107 porady lekarza w przypadku schorze\u0144 w\u0105troby, dr\u00f3g \u017c\u00f3\u0142ciowych lub przy jednoczesnym przyjmowaniu lek\u00f3w.<br \/>Nie nale\u017cy przekracza\u0107 zalecanej porcji do spo\u017cycia w ci\u0105gu dnia. Suplement diety nie mo\u017ce by\u0107 stosowany jako substytut zr\u00f3\u017cnicowanej diety i zdrowego trybu \u017cycia<\/p>\n<p>INFORMACJA ALERGENNA<br \/>Mo\u017ce zawiera\u0107 soj\u0119.<\/p>\n<p>ZALECANE WARUNKI PRZECHOWYWANIA<br \/>Przechowywa\u0107 w ch\u0142odnym (maks. 25\u00b0C), suchym i ciemnym miejscu. Przechowywa\u0107 w spos\u00f3b niedost\u0119pny dla ma\u0142ych dzieci. <\/p>","protected":false},"excerpt":{"rendered":"<p>SK\u0141ADNIKI ekstrakt z karczocha (23,7 %), ekstrakt z brzozy (17,1 %), ekstrakt z ostropestu plamistego (17,1 %), ekstrakt z mniszka lekarskiego (17,1 %), substancja wype\u0142niaj\u0105ca: guma arabska, ekstrakt z kurkumy (7,1 %), proszek bambusowy (Bambusa arundinacea), substancja \u017celuj\u0105ca: hydroksypropylometyloceluloza, substancja glazuruj\u0105ca: kwasy t\u0142uszczowe, emulgator: glicerol. Sk\u0142ad na 2 tabletkiekstrakt z Cynara scolymus (&gt;5% cynaryna) &#8211; [&hellip;]<\/p>","protected":false},"featured_media":11355,"comment_status":"closed","ping_status":"open","template":"","meta":{"_acf_changed":false},"product_brand":[],"product_cat":[1497,9057],"product_tag":[],"class_list":{"0":"post-11354","1":"product","2":"type-product","3":"status-publish","4":"has-post-thumbnail","6":"product_cat-kapsulki-tabletki","7":"product_cat-suplementy-diety","8":"pa_ean-matka-8554","9":"pa_gwarancja-przydatnosci-320","10":"pa_ilosc-w-opakowaniu-8543","11":"pa_jednostka-podstawowa-szt","12":"pa_kod-cn-2106-90-98","13":"pa_masa-netto-232","14":"pa_objetosc-brutto-8544","15":"pa_producent-physalis-olejki-eteryczne-suplementy","16":"pa_producent-nazwa-adres-keypharm-siemenslaan-11-8020-oostkamp","17":"pa_tagi-bez-cukru-w-skladnikach","18":"pa_tagi-bez-glutenu-w-skladnikach","19":"pa_tagi-weganski","20":"pa_tagi-wegetarianski","22":"first","23":"instock","24":"taxable","25":"shipping-taxable","26":"purchasable","27":"product-type-simple"},"acf":[],"_links":{"self":[{"href":"https:\/\/wiejskieprzysmaki.estima.site\/en\/wp-json\/wp\/v2\/product\/11354","targetHints":{"allow":["GET"]}}],"collection":[{"href":"https:\/\/wiejskieprzysmaki.estima.site\/en\/wp-json\/wp\/v2\/product"}],"about":[{"href":"https:\/\/wiejskieprzysmaki.estima.site\/en\/wp-json\/wp\/v2\/types\/product"}],"replies":[{"embeddable":true,"href":"https:\/\/wiejskieprzysmaki.estima.site\/en\/wp-json\/wp\/v2\/comments?post=11354"}],"wp:featuredmedia":[{"embeddable":true,"href":"https:\/\/wiejskieprzysmaki.estima.site\/en\/wp-json\/wp\/v2\/media\/11355"}],"wp:attachment":[{"href":"https:\/\/wiejskieprzysmaki.estima.site\/en\/wp-json\/wp\/v2\/media?parent=11354"}],"wp:term":[{"taxonomy":"product_brand","embeddable":true,"href":"https:\/\/wiejskieprzysmaki.estima.site\/en\/wp-json\/wp\/v2\/product_brand?post=11354"},{"taxonomy":"product_cat","embeddable":true,"href":"https:\/\/wiejskieprzysmaki.estima.site\/en\/wp-json\/wp\/v2\/product_cat?post=11354"},{"taxonomy":"product_tag","embeddable":true,"href":"https:\/\/wiejskieprzysmaki.estima.site\/en\/wp-json\/wp\/v2\/product_tag?post=11354"}],"curies":[{"name":"wp","href":"https:\/\/api.w.org\/{rel}","templated":true}]}}