{"id":1136,"date":"2025-02-18T10:34:30","date_gmt":"2025-02-18T09:34:30","guid":{"rendered":"https:\/\/wiejskieprzysmaki.estima.site\/produkt\/czekolada-gorzka-z-orzechami-laskowymi-bio-100-g-rapunzel\/"},"modified":"2025-02-18T10:34:45","modified_gmt":"2025-02-18T09:34:45","slug":"czekolada-gorzka-z-orzechami-laskowymi-bio-100-g-rapunzel","status":"publish","type":"product","link":"https:\/\/wiejskieprzysmaki.estima.site\/en\/product\/czekolada-gorzka-z-orzechami-laskowymi-bio-100-g-rapunzel\/","title":{"rendered":"CZEKOLADA GORZKA Z ORZECHAMI LASKOWYMI BIO 100 g &#8211; RAPUNZEL"},"content":{"rendered":"<p>SK\u0141ADNIKI<br \/>miazga kakaowa*, cukier trzcinowy Cristallino*, ORZECHY LASKOWE* (20 %), t\u0142uszcz kakaowy*, emulgator: lecytyny (z SOI*), wanilia bourbon*. (*certyfikowany sk\u0142adnik ekologiczny). <br \/>Masa kakaowa minimum 60 %.<\/p>\n<p>OPIS <br \/>Jest to po\u0142\u0105czenie idealne, kt\u00f3re zawsze poprawi humor! Jedzenie czekolady sprzyja wytwarzaniu endorfin, dlatego poprawa humoru jest udowodniona naukowo! Czekolada jest bardzo orzechowa &#8211; chrupi\u0105ce ORZECHY to a\u017c 20 % w ca\u0142ej tabliczce.<\/p>\n<p>WARTO\u015a\u0106 OD\u017bYWCZA W 100 g<br \/>Warto\u015b\u0107 energetyczna: 2470 kJ\/595 kcal<br \/>T\u0142uszcz: 43 g<br \/>w tym kwasy t\u0142uszczowe nasycone: 19 g<br \/>W\u0119glowodany: 39 g<br \/>w tym cukry: 32 g<br \/>B\u0142onnik: 8,1 g<br \/>Bia\u0142ko: 8,9 g<br \/>S\u00f3l: 0,08 g<\/p>\n<p>INFORMACJA ALERGENNA<br \/>Produkt mo\u017ce zawiera\u0107 MLEKO (\u0142\u0105cznie z LAKTOZ\u0104) i inne ORZECHY<\/p>\n<p>ZALECANE WARUNKI PRZECHOWYWANIA <br \/>Przechowywa\u0107 w suchym i ch\u0142odnym miejscu<\/p>","protected":false},"excerpt":{"rendered":"<p>SK\u0141ADNIKImiazga kakaowa*, cukier trzcinowy Cristallino*, ORZECHY LASKOWE* (20 %), t\u0142uszcz kakaowy*, emulgator: lecytyny (z SOI*), wanilia bourbon*. (*certyfikowany sk\u0142adnik ekologiczny). Masa kakaowa minimum 60 %. OPIS Jest to po\u0142\u0105czenie idealne, kt\u00f3re zawsze poprawi humor! Jedzenie czekolady sprzyja wytwarzaniu endorfin, dlatego poprawa humoru jest udowodniona naukowo! Czekolada jest bardzo orzechowa &#8211; chrupi\u0105ce ORZECHY to a\u017c 20 [&hellip;]<\/p>","protected":false},"featured_media":1137,"comment_status":"closed","ping_status":"open","template":"","meta":{"_acf_changed":false},"product_brand":[],"product_cat":[1187,139],"product_tag":[],"class_list":{"0":"post-1136","1":"product","2":"type-product","3":"status-publish","4":"has-post-thumbnail","6":"product_cat-czekolady-i-czekoladki","7":"product_cat-slodycze-i-przekaski","8":"pa_ean-matka-1210","9":"pa_gwarancja-przydatnosci-324","10":"pa_ilosc-w-opakowaniu-374","11":"pa_jednostka-podstawowa-szt","12":"pa_kod-cn-1806-32-10","13":"pa_kraj-pochodzenia-skladnikow-turcja","14":"pa_masa-netto-242","15":"pa_objetosc-brutto-1209","16":"pa_producent-rapunzel-kremy-orzechowe-ketchupy-czekolady","17":"pa_producent-nazwa-adres-rapunzel-naturkost-gmbh-rapunzelstrabe-1-d-87764-legau","18":"pa_tagi-bez-glutenu-w-skladnikach","19":"pa_tagi-certyfikat-bio","20":"pa_tagi-weganski","21":"pa_tagi-wegetarianski","23":"first","24":"instock","25":"taxable","26":"shipping-taxable","27":"purchasable","28":"product-type-simple"},"acf":[],"_links":{"self":[{"href":"https:\/\/wiejskieprzysmaki.estima.site\/en\/wp-json\/wp\/v2\/product\/1136","targetHints":{"allow":["GET"]}}],"collection":[{"href":"https:\/\/wiejskieprzysmaki.estima.site\/en\/wp-json\/wp\/v2\/product"}],"about":[{"href":"https:\/\/wiejskieprzysmaki.estima.site\/en\/wp-json\/wp\/v2\/types\/product"}],"replies":[{"embeddable":true,"href":"https:\/\/wiejskieprzysmaki.estima.site\/en\/wp-json\/wp\/v2\/comments?post=1136"}],"wp:featuredmedia":[{"embeddable":true,"href":"https:\/\/wiejskieprzysmaki.estima.site\/en\/wp-json\/wp\/v2\/media\/1137"}],"wp:attachment":[{"href":"https:\/\/wiejskieprzysmaki.estima.site\/en\/wp-json\/wp\/v2\/media?parent=1136"}],"wp:term":[{"taxonomy":"product_brand","embeddable":true,"href":"https:\/\/wiejskieprzysmaki.estima.site\/en\/wp-json\/wp\/v2\/product_brand?post=1136"},{"taxonomy":"product_cat","embeddable":true,"href":"https:\/\/wiejskieprzysmaki.estima.site\/en\/wp-json\/wp\/v2\/product_cat?post=1136"},{"taxonomy":"product_tag","embeddable":true,"href":"https:\/\/wiejskieprzysmaki.estima.site\/en\/wp-json\/wp\/v2\/product_tag?post=1136"}],"curies":[{"name":"wp","href":"https:\/\/api.w.org\/{rel}","templated":true}]}}