{"id":11362,"date":"2025-02-18T12:31:56","date_gmt":"2025-02-18T11:31:56","guid":{"rendered":"https:\/\/wiejskieprzysmaki.estima.site\/produkt\/maca-forte-bio-30-tabletek-physalis\/"},"modified":"2025-02-20T15:11:38","modified_gmt":"2025-02-20T14:11:38","slug":"maca-forte-bio-30-tabletek-physalis","status":"publish","type":"product","link":"https:\/\/wiejskieprzysmaki.estima.site\/en\/product\/maca-forte-bio-30-tabletek-physalis\/","title":{"rendered":"MACA FORTE BIO 30 TABLETEK &#8211; PHYSALIS"},"content":{"rendered":"<p>SK\u0141ADNIKI <br \/>ekstrakt z maca* (36,9 %), \u017celatynizowany proszek z maca* (36,9 %), substancja wype\u0142niaj\u0105ca: guma arabska*, proszek bambusowy (Bambusa arundinacea)*, tr\u00f3jglicerydy \u015brednio\u0142a\u0144cuchowe*, skrobia (Zea mays)*, substancja \u017celuj\u0105ca: guma guar*, emulgatory: lecytyny (Helianthus annuus)*, glicerol*. (*certyfikowany sk\u0142adnik ekologiczny)<\/p>\n<p>Sk\u0142ad na 2 tabletki<br \/>ekstrakt z bio maca peruwia\u0144ska (Lepidium meyenii) (MaQaBoost\u00ae) &#8211; 1300 mg<\/p>\n<p>OPIS <br \/>Suplement diety z ro\u015blinami.<br \/>Physalis Maca forte bio zawiera MaQaBoost\u00ae, unikaln\u0105 skoncentrowan\u0105 mieszank\u0119 ze 100 % organicznymi ekstraktami z maca. <br \/>Maca peruwia\u0144ska (Lepidium meyenii) to silna i bardzo odporna ro\u015blina, kt\u00f3ra ro\u015bnie na du\u017cych wysoko\u015bciach (4000 m) w Andach. Maca \u2013 znana r\u00f3wnie\u017c jako \u017ce\u0144-sze\u0144 peruwia\u0144ski \u2013 jest u\u017cywana przez miejscow\u0105 ludno\u015b\u0107 od ponad 2000 lat jako \u015brodek wspomagaj\u0105cy sprawno\u015b\u0107 fizyczn\u0105 i umys\u0142ow\u0105. Przyczynia si\u0119 r\u00f3wnie\u017c do wytrzyma\u0142o\u015bci, witalno\u015bci i p\u0142odno\u015bci. Jedna dzienna porcja odpowiada nie mniej ni\u017c 26 g \u015bwie\u017cego korzenia maca.<\/p>\n<p>ZALECANE SPO\u017bYCIE I INNE UWAGI <br \/>1 do 2 tabletek dziennie. Nale\u017cy przyjmowa\u0107 w czasie posi\u0142k\u00f3w, popijaj\u0105c niewielk\u0105 ilo\u015bci\u0105 wody.<br \/>Nie stosowa\u0107 w okresie ci\u0105\u017cy oraz w okresie karmienia piersi\u0105.<br \/>Nie nale\u017cy przekracza\u0107 zalecanej porcji do spo\u017cycia w ci\u0105gu dnia. Suplement diety nie mo\u017ce by\u0107 stosowany jako substytut zr\u00f3\u017cnicowanej diety i zdrowego trybu \u017cycia.<\/p>\n<p>ZALECANE WARUNKI PRZECHOWYWANIA<br \/>Przechowywa\u0107 w spos\u00f3b niedost\u0119pny dla ma\u0142ych dzieci. <\/p>","protected":false},"excerpt":{"rendered":"<p>SK\u0141ADNIKI ekstrakt z maca* (36,9 %), \u017celatynizowany proszek z maca* (36,9 %), substancja wype\u0142niaj\u0105ca: guma arabska*, proszek bambusowy (Bambusa arundinacea)*, tr\u00f3jglicerydy \u015brednio\u0142a\u0144cuchowe*, skrobia (Zea mays)*, substancja \u017celuj\u0105ca: guma guar*, emulgatory: lecytyny (Helianthus annuus)*, glicerol*. (*certyfikowany sk\u0142adnik ekologiczny) Sk\u0142ad na 2 tabletkiekstrakt z bio maca peruwia\u0144ska (Lepidium meyenii) (MaQaBoost\u00ae) &#8211; 1300 mg OPIS Suplement diety z [&hellip;]<\/p>","protected":false},"featured_media":11363,"comment_status":"closed","ping_status":"open","template":"","meta":{"_acf_changed":false},"product_brand":[],"product_cat":[1497,9057],"product_tag":[],"class_list":{"0":"post-11362","1":"product","2":"type-product","3":"status-publish","4":"has-post-thumbnail","6":"product_cat-kapsulki-tabletki","7":"product_cat-suplementy-diety","8":"pa_ean-matka-8558","9":"pa_gwarancja-przydatnosci-320","10":"pa_ilosc-w-opakowaniu-8543","11":"pa_jednostka-podstawowa-szt","12":"pa_kod-cn-2106-90-98","13":"pa_masa-netto-1124","14":"pa_objetosc-brutto-6941","15":"pa_producent-physalis-olejki-eteryczne-suplementy","16":"pa_producent-nazwa-adres-keypharm-siemenslaan-11-8020-oostkamp","17":"pa_tagi-bez-cukru-w-skladnikach","18":"pa_tagi-bez-glutenu-w-skladnikach","19":"pa_tagi-certyfikat-bio","20":"pa_tagi-weganski","21":"pa_tagi-wegetarianski","23":"first","24":"instock","25":"taxable","26":"shipping-taxable","27":"purchasable","28":"product-type-simple"},"acf":[],"_links":{"self":[{"href":"https:\/\/wiejskieprzysmaki.estima.site\/en\/wp-json\/wp\/v2\/product\/11362","targetHints":{"allow":["GET"]}}],"collection":[{"href":"https:\/\/wiejskieprzysmaki.estima.site\/en\/wp-json\/wp\/v2\/product"}],"about":[{"href":"https:\/\/wiejskieprzysmaki.estima.site\/en\/wp-json\/wp\/v2\/types\/product"}],"replies":[{"embeddable":true,"href":"https:\/\/wiejskieprzysmaki.estima.site\/en\/wp-json\/wp\/v2\/comments?post=11362"}],"wp:featuredmedia":[{"embeddable":true,"href":"https:\/\/wiejskieprzysmaki.estima.site\/en\/wp-json\/wp\/v2\/media\/11363"}],"wp:attachment":[{"href":"https:\/\/wiejskieprzysmaki.estima.site\/en\/wp-json\/wp\/v2\/media?parent=11362"}],"wp:term":[{"taxonomy":"product_brand","embeddable":true,"href":"https:\/\/wiejskieprzysmaki.estima.site\/en\/wp-json\/wp\/v2\/product_brand?post=11362"},{"taxonomy":"product_cat","embeddable":true,"href":"https:\/\/wiejskieprzysmaki.estima.site\/en\/wp-json\/wp\/v2\/product_cat?post=11362"},{"taxonomy":"product_tag","embeddable":true,"href":"https:\/\/wiejskieprzysmaki.estima.site\/en\/wp-json\/wp\/v2\/product_tag?post=11362"}],"curies":[{"name":"wp","href":"https:\/\/api.w.org\/{rel}","templated":true}]}}