{"id":11364,"date":"2025-02-18T12:31:56","date_gmt":"2025-02-18T11:31:56","guid":{"rendered":"https:\/\/wiejskieprzysmaki.estima.site\/produkt\/magnez-forte-60-tabletek-physalis\/"},"modified":"2025-02-20T15:11:38","modified_gmt":"2025-02-20T14:11:38","slug":"magnez-forte-60-tabletek-physalis","status":"publish","type":"product","link":"https:\/\/wiejskieprzysmaki.estima.site\/en\/product\/magnez-forte-60-tabletek-physalis\/","title":{"rendered":"MAGNEZ FORTE 60 TABLETEK &#8211; PHYSALIS"},"content":{"rendered":"<p>SK\u0141ADNIKI <br \/>diglicynian magnezu, substancja wype\u0142niaj\u0105ca: guma arabska, glicerofosforan magnezu, Aquamin\u00ae Mg (wodorotlenek magnezu), substancja glazuruj\u0105ca: kwasy t\u0142uszczowe, substancje \u017celuj\u0105ce: hydroksypropylometyloceluloza, celuloza, barwnik: w\u0119glan wapnia, witamina B6, witamina B12<\/p>\n<p>Sk\u0142ad na 2 tabletki<br \/>Magnez &#8211; 200 mg (53 %)*<br \/>Witamina B6 (pirydoksalo-5-fosforan) &#8211; 2,8 mg (200 %)*<br \/>Witamina B12 (MecobalActive\u00ae, metylokobalamina) &#8211; 50 \u03bcg (2000 %)*<br \/>*dzienna referencyjna warto\u015b\u0107 spo\u017cycia<\/p>\n<p>OPIS <br \/>Suplement diety zawieraj\u0105cy sk\u0142adniki od\u017cywcze.<br \/>Magnez jest niezwykle wa\u017cnym minera\u0142em dla organizmu cz\u0142owieka. Jest ogniwem, kt\u00f3rego nie mo\u017cna pomin\u0105\u0107 w licznych procesach fizjologicznych. W okresach, gdy stawiamy du\u017ce wymagania naszemu organizmowi, zapotrzebowanie na magnez wzrasta! Magnez przyczynia si\u0119 do zmniejszenia uczucia zm\u0119czenia oraz wspiera prawid\u0142owe funkcjonowanie uk\u0142adu nerwowego i mi\u0119\u015bni. Physalis Magnez forte zawiera synergi\u0119 trzech \u0142atwo przyswajalnych form magnezu: diglicynian magnezu, glicerofosforan magnezu i magnez z bogatej w minera\u0142y wody morskiej (Aquamin\u00aeMg). Dodatkowo t\u0119 synergi\u0119 uzupe\u0142niaj\u0105 witaminy B6 i B12 w ich bioaktywnej formie, kt\u00f3re pomagaj\u0105 zmniejszy\u0107 zm\u0119czenie.<\/p>\n<p>ZALECANE SPO\u017bYCIE I INNE UWAGI <br \/>1 do 2 tabletek dziennie. Nale\u017cy przyjmowa\u0107 w czasie posi\u0142k\u00f3w, popijaj\u0105c niewielk\u0105 ilo\u015bci\u0105 wody.<br \/>Nie nale\u017cy przekracza\u0107 zalecanej porcji do spo\u017cycia w ci\u0105gu dnia. Suplement diety nie mo\u017ce by\u0107 stosowany jako substytut zr\u00f3\u017cnicowanej diety i zdrowego trybu \u017cycia.<\/p>\n<p>ZALECANE WARUNKI PRZECHOWYWANIA<br \/>Przechowywa\u0107 w ch\u0142odnym (maks. 25\u00b0C), suchym i ciemnym miejscu. Przechowywa\u0107 w spos\u00f3b niedost\u0119pny dla ma\u0142ych dzieci.<\/p>","protected":false},"excerpt":{"rendered":"<p>SK\u0141ADNIKI diglicynian magnezu, substancja wype\u0142niaj\u0105ca: guma arabska, glicerofosforan magnezu, Aquamin\u00ae Mg (wodorotlenek magnezu), substancja glazuruj\u0105ca: kwasy t\u0142uszczowe, substancje \u017celuj\u0105ce: hydroksypropylometyloceluloza, celuloza, barwnik: w\u0119glan wapnia, witamina B6, witamina B12 Sk\u0142ad na 2 tabletkiMagnez &#8211; 200 mg (53 %)*Witamina B6 (pirydoksalo-5-fosforan) &#8211; 2,8 mg (200 %)*Witamina B12 (MecobalActive\u00ae, metylokobalamina) &#8211; 50 \u03bcg (2000 %)**dzienna referencyjna warto\u015b\u0107 spo\u017cycia [&hellip;]<\/p>","protected":false},"featured_media":11365,"comment_status":"closed","ping_status":"open","template":"","meta":{"_acf_changed":false},"product_brand":[],"product_cat":[1497,9057],"product_tag":[],"class_list":{"0":"post-11364","1":"product","2":"type-product","3":"status-publish","4":"has-post-thumbnail","6":"product_cat-kapsulki-tabletki","7":"product_cat-suplementy-diety","8":"pa_ean-matka-8559","9":"pa_gwarancja-przydatnosci-320","10":"pa_ilosc-w-opakowaniu-8543","11":"pa_jednostka-podstawowa-szt","12":"pa_kod-cn-2106-90-98","13":"pa_masa-netto-4413","14":"pa_objetosc-brutto-8544","15":"pa_producent-physalis-olejki-eteryczne-suplementy","16":"pa_producent-nazwa-adres-keypharm-siemenslaan-11-8020-oostkamp","17":"pa_tagi-bez-cukru-w-skladnikach","18":"pa_tagi-bez-glutenu-w-skladnikach","19":"pa_tagi-weganski","20":"pa_tagi-wegetarianski","22":"first","23":"instock","24":"taxable","25":"shipping-taxable","26":"purchasable","27":"product-type-simple"},"acf":[],"_links":{"self":[{"href":"https:\/\/wiejskieprzysmaki.estima.site\/en\/wp-json\/wp\/v2\/product\/11364","targetHints":{"allow":["GET"]}}],"collection":[{"href":"https:\/\/wiejskieprzysmaki.estima.site\/en\/wp-json\/wp\/v2\/product"}],"about":[{"href":"https:\/\/wiejskieprzysmaki.estima.site\/en\/wp-json\/wp\/v2\/types\/product"}],"replies":[{"embeddable":true,"href":"https:\/\/wiejskieprzysmaki.estima.site\/en\/wp-json\/wp\/v2\/comments?post=11364"}],"wp:featuredmedia":[{"embeddable":true,"href":"https:\/\/wiejskieprzysmaki.estima.site\/en\/wp-json\/wp\/v2\/media\/11365"}],"wp:attachment":[{"href":"https:\/\/wiejskieprzysmaki.estima.site\/en\/wp-json\/wp\/v2\/media?parent=11364"}],"wp:term":[{"taxonomy":"product_brand","embeddable":true,"href":"https:\/\/wiejskieprzysmaki.estima.site\/en\/wp-json\/wp\/v2\/product_brand?post=11364"},{"taxonomy":"product_cat","embeddable":true,"href":"https:\/\/wiejskieprzysmaki.estima.site\/en\/wp-json\/wp\/v2\/product_cat?post=11364"},{"taxonomy":"product_tag","embeddable":true,"href":"https:\/\/wiejskieprzysmaki.estima.site\/en\/wp-json\/wp\/v2\/product_tag?post=11364"}],"curies":[{"name":"wp","href":"https:\/\/api.w.org\/{rel}","templated":true}]}}