{"id":11368,"date":"2025-02-18T12:32:06","date_gmt":"2025-02-18T11:32:06","guid":{"rendered":"https:\/\/wiejskieprzysmaki.estima.site\/produkt\/multivit-a-z-45-tabletek-physalis\/"},"modified":"2025-02-20T15:11:36","modified_gmt":"2025-02-20T14:11:36","slug":"multivit-a-z-45-tabletek-physalis","status":"publish","type":"product","link":"https:\/\/wiejskieprzysmaki.estima.site\/en\/product\/multivit-a-z-45-tabletek-physalis\/","title":{"rendered":"MULTIVIT A &#8211; Z 45 TABLETEK &#8211; PHYSALIS"},"content":{"rendered":"<p>SK\u0141ADNIKI <br \/>diglicynian magnezu, substancja wype\u0142niaj\u0105ca: celuloza, witamina C, diglicynian cynku, substancje przeciwzbrylaj\u0105ce: fosforan dwuwapniowy, trifosforan wapnia, talk, substancja glazuruj\u0105ca: kwasy t\u0142uszczowe, witamina E, diglicynian \u017celaza (II), niacyna, substancje \u017celuj\u0105ce: hydroksypropylometyloceluloza, szelak, polidekstroza, witamina A, kwas pantotenowy, L-selenometionina, barwnik: w\u0119glan wapnia, diglicynian miedzi, witamina D3, witamina B6, emulgator: glikol polietylenowy, tiamina, ryboflawina, m\u0105ka ry\u017cowa (Oryza sativa), cytrynian manganu, jodek potasu, \u017cywno\u015b\u0107 barwi\u0105ca: koncentrat z krokosza barwierskiego, jab\u0142ka, czarnej porzeczki, rzodkwi, spiruliny, pikolinian chromu, tr\u00f3jglicerydy \u015brednio\u0142a\u0144cuchowe, molibdenian sodu, biotyna, kwas pteroilomonoglutaminowy, witamina B12. <\/p>\n<p>Sk\u0142ad na 2 tabletki<br \/>Witamina A (beta-karoten) &#8211; 800 \u03bcg (100 %)*<br \/>Biotyna &#8211; 450 \u03bcg (900 %)*<br \/>Chrom &#8211; 187,5 \u03bcg (469 %)*<br \/>Kwas foliowy &#8211; 400 \u03bcg (200 %)*<br \/>\u017belazo &#8211; 14 mg (100 %)*<br \/>Jod &#8211; 225 mg (150 %)*<br \/>Mied\u017a &#8211; 1,65 mg (165 %)*<br \/>Magnez &#8211; 75 mg (20 %)*<br \/>Mangan &#8211; 1 mg (50 %)*<br \/>Molibden &#8211; 225 \u03bcg (450 %)*<br \/>Selen &#8211; 105 \u03bcg (191 %)*<br \/>Tiamina (monoazotan tiaminy) &#8211; 4,2 mg (382 %)*<br \/>Ryboflawina (ryboflawina) &#8211; 4,8 mg (343 %)*<br \/>Niacyna (amid kwasu nikotynowego) &#8211; 54 mg (337,5 %)*<br \/>kwas pantotenowy (D-pantotenian wapnia) &#8211; 18 mg (300 %)*<br \/>Witamina B6 (chlorowodorek pirydoksyny) &#8211; 6 mg (429 %)*<br \/>Witamina B12 (MecobalActive\u00ae, metylokobalamina) &#8211; 3 \u03bcg (120 %)*<br \/>Witamina C (kwas L-askorbinowy) &#8211; 180 mg (225 %)*<br \/>Witamina D3 (cholekalcyferol) &#8211; 25 \u03bcg (500 %)*<br \/>Witamina E (octan D-alfa-tokoferylu) &#8211; 30 mg (250 %)*<br \/>Cynk &#8211; 22,5 mg (225 %)*<br \/>*dzienna referencyjna warto\u015b\u0107 spo\u017cycia<\/p>\n<p>OPIS <br \/>Suplement diety zawieraj\u0105cy sk\u0142adniki od\u017cywcze.<br \/>Physalis Multivit A-Z zapewnia optymaln\u0105 dzienn\u0105 dawk\u0119 a\u017c 12 witamin i 9 minera\u0142\u00f3w! To kompletny i odpowiedzialny suplement diety, kt\u00f3ry doskonale komponuje si\u0119 ze zbilansowan\u0105 diet\u0105 i zdrowym trybem \u017cycia. Opr\u00f3cz wszystkich witamin z grupy B zawiera tak\u017ce witaminy A, C, D i E, a tak\u017ce kluczowe minera\u0142y, takie jak \u017celazo, mied\u017a, magnez i cynk, w ich organicznej i biodost\u0119pnej formie chelatu.<\/p>\n<p>ZALECANE SPO\u017bYCIE I INNE UWAGI <br \/>2 x 1 tabletka dziennie. Nale\u017cy przyjmowa\u0107 w czasie posi\u0142k\u00f3w, popijaj\u0105c niewielk\u0105 ilo\u015bci\u0105 wody.<br \/>Spo\u017cycie nale\u017cy ograniczy\u0107 do kilku tygodni\/miesi\u0119cy.<br \/>Nie nale\u017cy przekracza\u0107 zalecanej porcji do spo\u017cycia w ci\u0105gu dnia. Suplement diety nie mo\u017ce by\u0107 stosowany jako substytut zr\u00f3\u017cnicowanej diety i zdrowego trybu \u017cycia.<\/p>\n<p>ZALECANE WARUNKI PRZECHOWYWANIA<br \/>Przechowywa\u0107 w ch\u0142odnym (maks. 25\u00b0C), suchym i ciemnym miejscu. Przechowywa\u0107 w spos\u00f3b niedost\u0119pny dla ma\u0142ych dzieci. <\/p>","protected":false},"excerpt":{"rendered":"<p>SK\u0141ADNIKI diglicynian magnezu, substancja wype\u0142niaj\u0105ca: celuloza, witamina C, diglicynian cynku, substancje przeciwzbrylaj\u0105ce: fosforan dwuwapniowy, trifosforan wapnia, talk, substancja glazuruj\u0105ca: kwasy t\u0142uszczowe, witamina E, diglicynian \u017celaza (II), niacyna, substancje \u017celuj\u0105ce: hydroksypropylometyloceluloza, szelak, polidekstroza, witamina A, kwas pantotenowy, L-selenometionina, barwnik: w\u0119glan wapnia, diglicynian miedzi, witamina D3, witamina B6, emulgator: glikol polietylenowy, tiamina, ryboflawina, m\u0105ka ry\u017cowa (Oryza sativa), [&hellip;]<\/p>","protected":false},"featured_media":11369,"comment_status":"closed","ping_status":"open","template":"","meta":{"_acf_changed":false},"product_brand":[],"product_cat":[1497,9057],"product_tag":[],"class_list":{"0":"post-11368","1":"product","2":"type-product","3":"status-publish","4":"has-post-thumbnail","6":"product_cat-kapsulki-tabletki","7":"product_cat-suplementy-diety","8":"pa_ean-matka-8562","9":"pa_gwarancja-przydatnosci-320","10":"pa_ilosc-w-opakowaniu-8543","11":"pa_jednostka-podstawowa-szt","12":"pa_kod-cn-2106-90-98","13":"pa_masa-netto-8561","14":"pa_objetosc-brutto-8544","15":"pa_producent-physalis-olejki-eteryczne-suplementy","16":"pa_producent-nazwa-adres-keypharm-siemenslaan-11-8020-oostkamp","17":"pa_tagi-bez-cukru-w-skladnikach","18":"pa_tagi-bez-glutenu-w-skladnikach","19":"pa_tagi-wegetarianski","21":"first","22":"instock","23":"taxable","24":"shipping-taxable","25":"purchasable","26":"product-type-simple"},"acf":[],"_links":{"self":[{"href":"https:\/\/wiejskieprzysmaki.estima.site\/en\/wp-json\/wp\/v2\/product\/11368","targetHints":{"allow":["GET"]}}],"collection":[{"href":"https:\/\/wiejskieprzysmaki.estima.site\/en\/wp-json\/wp\/v2\/product"}],"about":[{"href":"https:\/\/wiejskieprzysmaki.estima.site\/en\/wp-json\/wp\/v2\/types\/product"}],"replies":[{"embeddable":true,"href":"https:\/\/wiejskieprzysmaki.estima.site\/en\/wp-json\/wp\/v2\/comments?post=11368"}],"wp:featuredmedia":[{"embeddable":true,"href":"https:\/\/wiejskieprzysmaki.estima.site\/en\/wp-json\/wp\/v2\/media\/11369"}],"wp:attachment":[{"href":"https:\/\/wiejskieprzysmaki.estima.site\/en\/wp-json\/wp\/v2\/media?parent=11368"}],"wp:term":[{"taxonomy":"product_brand","embeddable":true,"href":"https:\/\/wiejskieprzysmaki.estima.site\/en\/wp-json\/wp\/v2\/product_brand?post=11368"},{"taxonomy":"product_cat","embeddable":true,"href":"https:\/\/wiejskieprzysmaki.estima.site\/en\/wp-json\/wp\/v2\/product_cat?post=11368"},{"taxonomy":"product_tag","embeddable":true,"href":"https:\/\/wiejskieprzysmaki.estima.site\/en\/wp-json\/wp\/v2\/product_tag?post=11368"}],"curies":[{"name":"wp","href":"https:\/\/api.w.org\/{rel}","templated":true}]}}