{"id":11370,"date":"2025-02-18T12:32:06","date_gmt":"2025-02-18T11:32:06","guid":{"rendered":"https:\/\/wiejskieprzysmaki.estima.site\/produkt\/omega-3-forte-60-kapsulek-physalis\/"},"modified":"2025-02-20T15:11:36","modified_gmt":"2025-02-20T14:11:36","slug":"omega-3-forte-60-kapsulek-physalis","status":"publish","type":"product","link":"https:\/\/wiejskieprzysmaki.estima.site\/en\/product\/omega-3-forte-60-kapsulek-physalis\/","title":{"rendered":"OMEGA-3 FORTE 60 KAPSU\u0141EK &#8211; PHYSALIS"},"content":{"rendered":"<p>SK\u0141ADNIKI <br \/>olej RYBNY, \u017celatyna RYBNA, substancja \u017celuj\u0105ca: glicerol, witamina E, przeciwutleniacz: ekstrakt bogaty w tokoferol.<\/p>\n<p>Sk\u0142ad na 3 kapsu\u0142ki<br \/>Olej RYBNY &#8211; 1500 mg<br \/>EPA &#8211; 540 mg<br \/>DHA &#8211; 360 mg<br \/>Witamina E (D-alfa-tokoferol) &#8211; 30 mg (250 %)*<br \/>*dzienna referencyjna warto\u015b\u0107 spo\u017cycia<\/p>\n<p>OPIS <br \/>Suplement diety zawieraj\u0105cy sk\u0142adniki od\u017cywcze.<br \/>Produkt zawiera wielonienasycone kwasy t\u0142uszczowe omega-3 EPA (36 %) i DHA (24 %) o naturalnym stosunku EPA\/DHA wynosz\u0105cym 1:5. Proporcjonalnie nasza codzienna dieta dostarcza nam zbyt du\u017co omega-6, a za ma\u0142o omega-3, dlatego bardzo wskazane s\u0105 suplementy zawieraj\u0105ce EPA i DHA, kt\u00f3re przyczyniaj\u0105 si\u0119 do prawid\u0142owego funkcjonowania m\u00f3zgu i dobrego wzroku. EPA i DHA pomagaj\u0105 w utrzymaniu prawid\u0142owego ci\u015bnienia krwi i poziomu tr\u00f3jgliceryd\u00f3w (uzyskuje si\u0119 korzystne dzia\u0142anie przy dawce dziennej odpowiednio 3 g i 2 g EPA i DHA).<br \/>Korzystny efekt osi\u0105ga si\u0119 przy dziennym spo\u017cyciu 250 mg EPA i DHA.<br \/>Korzystny efekt osi\u0105ga si\u0119 przy dziennym spo\u017cyciu 250 mg DHA.<br \/>Testowany na dioksyny, PCB, WWA i metale ci\u0119\u017ckie. Nie zawiera heksanu.<\/p>\n<p>ZALECANE SPO\u017bYCIE I INNE UWAGI <br \/>Funkcjonowanie serca &#8211; 1 kapsu\u0142ka dziennie<br \/>Rozw\u00f3j oczu i m\u00f3zgu p\u0142odu i niemowl\u0119cia &#8211; 2 kapsu\u0142ki dziennie <br \/>Funkcjonowanie m\u00f3zgu &#8211; wzroku &#8211; 3 kapsu\u0142ki dziennie<br \/>Nale\u017cy przyjmowa\u0107 w czasie posi\u0142k\u00f3w, popijaj\u0105c niewielk\u0105 ilo\u015bci\u0105 wody.<br \/>Korzystny efekt uzyskuje si\u0119 przy spo\u017cyciu co najmniej 200 mg DHA opr\u00f3cz dziennego zapotrzebowania dla doros\u0142ych na 250 mg EPA + DHA.<br \/>Odpowiedni dla dzieci, kobiet w ci\u0105\u017cy i karmi\u0105cych piersi\u0105.<br \/>W przypadku jednoczesnego stosowania z lekami przeciwzakrzepowymi nale\u017cy skonsultowa\u0107 si\u0119 z lekarzem lub farmaceut\u0105.<br \/>Dzienne spo\u017cycie EPA + DHA nie mo\u017ce przekracza\u0107 5 g.<br \/>Nie nale\u017cy przekracza\u0107 zalecanej porcji do spo\u017cycia w ci\u0105gu dnia. Suplement diety nie mo\u017ce by\u0107 stosowany jako substytut zr\u00f3\u017cnicowanej diety i zdrowego trybu \u017cycia.<\/p>\n<p>ZALECANE WARUNKI PRZECHOWYWANIA<br \/>Przechowywa\u0107 w ch\u0142odnym (maks. 25\u00b0C), suchym i ciemnym miejscu. Przechowywa\u0107 w spos\u00f3b niedost\u0119pny dla ma\u0142ych dzieci. <\/p>","protected":false},"excerpt":{"rendered":"<p>SK\u0141ADNIKI olej RYBNY, \u017celatyna RYBNA, substancja \u017celuj\u0105ca: glicerol, witamina E, przeciwutleniacz: ekstrakt bogaty w tokoferol. Sk\u0142ad na 3 kapsu\u0142kiOlej RYBNY &#8211; 1500 mgEPA &#8211; 540 mgDHA &#8211; 360 mgWitamina E (D-alfa-tokoferol) &#8211; 30 mg (250 %)**dzienna referencyjna warto\u015b\u0107 spo\u017cycia OPIS Suplement diety zawieraj\u0105cy sk\u0142adniki od\u017cywcze.Produkt zawiera wielonienasycone kwasy t\u0142uszczowe omega-3 EPA (36 %) i DHA [&hellip;]<\/p>","protected":false},"featured_media":11371,"comment_status":"closed","ping_status":"open","template":"","meta":{"_acf_changed":false},"product_brand":[],"product_cat":[1497,9057],"product_tag":[],"class_list":{"0":"post-11370","1":"product","2":"type-product","3":"status-publish","4":"has-post-thumbnail","6":"product_cat-kapsulki-tabletki","7":"product_cat-suplementy-diety","8":"pa_ean-matka-8563","9":"pa_gwarancja-przydatnosci-320","10":"pa_ilosc-w-opakowaniu-8543","11":"pa_jednostka-podstawowa-szt","12":"pa_kod-cn-2106-90-98","13":"pa_masa-netto-8561","14":"pa_objetosc-brutto-8544","15":"pa_producent-physalis-olejki-eteryczne-suplementy","16":"pa_producent-nazwa-adres-keypharm-siemenslaan-11-8020-oostkamp","17":"pa_tagi-bez-cukru-w-skladnikach","18":"pa_tagi-bez-glutenu-w-skladnikach","20":"first","21":"instock","22":"taxable","23":"shipping-taxable","24":"purchasable","25":"product-type-simple"},"acf":[],"_links":{"self":[{"href":"https:\/\/wiejskieprzysmaki.estima.site\/en\/wp-json\/wp\/v2\/product\/11370","targetHints":{"allow":["GET"]}}],"collection":[{"href":"https:\/\/wiejskieprzysmaki.estima.site\/en\/wp-json\/wp\/v2\/product"}],"about":[{"href":"https:\/\/wiejskieprzysmaki.estima.site\/en\/wp-json\/wp\/v2\/types\/product"}],"replies":[{"embeddable":true,"href":"https:\/\/wiejskieprzysmaki.estima.site\/en\/wp-json\/wp\/v2\/comments?post=11370"}],"wp:featuredmedia":[{"embeddable":true,"href":"https:\/\/wiejskieprzysmaki.estima.site\/en\/wp-json\/wp\/v2\/media\/11371"}],"wp:attachment":[{"href":"https:\/\/wiejskieprzysmaki.estima.site\/en\/wp-json\/wp\/v2\/media?parent=11370"}],"wp:term":[{"taxonomy":"product_brand","embeddable":true,"href":"https:\/\/wiejskieprzysmaki.estima.site\/en\/wp-json\/wp\/v2\/product_brand?post=11370"},{"taxonomy":"product_cat","embeddable":true,"href":"https:\/\/wiejskieprzysmaki.estima.site\/en\/wp-json\/wp\/v2\/product_cat?post=11370"},{"taxonomy":"product_tag","embeddable":true,"href":"https:\/\/wiejskieprzysmaki.estima.site\/en\/wp-json\/wp\/v2\/product_tag?post=11370"}],"curies":[{"name":"wp","href":"https:\/\/api.w.org\/{rel}","templated":true}]}}