{"id":11372,"date":"2025-02-18T12:32:06","date_gmt":"2025-02-18T11:32:06","guid":{"rendered":"https:\/\/wiejskieprzysmaki.estima.site\/produkt\/propolis-forte-bio-30-tabletek-physalis\/"},"modified":"2025-02-20T15:11:36","modified_gmt":"2025-02-20T14:11:36","slug":"propolis-forte-bio-30-tabletek-physalis","status":"publish","type":"product","link":"https:\/\/wiejskieprzysmaki.estima.site\/en\/product\/propolis-forte-bio-30-tabletek-physalis\/","title":{"rendered":"PROPOLIS FORTE BIO 30 TABLETEK &#8211; PHYSALIS"},"content":{"rendered":"<p>SK\u0141ADNIKI <br \/>ekstrakt z propolisu* (29 %), ekstrakt z aceroli* (26,2%), liofilizowane mleczko pszczele* (24,2 %), substancja wype\u0142niaj\u0105ca: guma arabska*, proszek<br \/>bambusowy (Bambusa arundinacea)*, tr\u00f3jglicerydy \u015brednio\u0142a\u0144cuchowe*, skrobia (Zea mays)*, substancja zag\u0119szczaj\u0105ca: guma guar*, substancja glazuruj\u0105ca: lecytyny (Helianthus annuus)*, emulgator: glicerol*. (*certyfikowany sk\u0142adnik ekologiczny)<\/p>\n<p>Sk\u0142ad 2 tabletek<br \/>Propolis bio &#8211; 600 mg<br \/>Mleczko pszczele bio &#8211; 500 mg<br \/>Witamina C (Malpighia glabra ekstrakt bio) &#8211; 80 mg (100 %)**<br \/>**dzienna referencyjna warto\u015b\u0107 spo\u017cycia<\/p>\n<p>OPIS <br \/>Suplement diety.<br \/>Physalis Propolis forte bio to ekologiczny kompleks zawieraj\u0105cy cenne substancje pochodz\u0105ce z ula. Propolis to woskowata substancja wytwarzana<br \/>z \u017cywicy p\u0105k\u00f3w drzew. Mleczko pszczele to ekskluzywny pokarm kr\u00f3lowej pszcz\u00f3\u0142. Liofilizowane mleczko pszczele zawarte w tym kompleksie<br \/>dostarcza 1500 mg \u015bwie\u017cego mleczka pszczelego ka\u017cdego dnia. Dodatkowo Propolis forte bio zawiera w 100% naturaln\u0105 witamin\u0119 C z aceroli, kt\u00f3ra przyczynia si\u0119 do prawid\u0142owego funkcjonowania uk\u0142adu odporno\u015bciowego.<\/p>\n<p>ZALECANE SPO\u017bYCIE I INNE UWAGI <br \/>2 x 1 tabletka dziennie. Nale\u017cy przyjmowa\u0107 podczas posi\u0142k\u00f3w, popijaj\u0105c du\u017c\u0105 szklank\u0105 wody.<br \/>Nie stosowa\u0107 w przypadku alergii lub nadwra\u017cliwo\u015bci na kt\u00f3rykolwiek ze sk\u0142adnik\u00f3w.<br \/>Nie zaleca si\u0119 stosowania przez kobiety w ci\u0105\u017cy.<br \/>Nie nale\u017cy przekracza\u0107 zalecanej porcji do spo\u017cycia w ci\u0105gu dnia.<br \/>Suplement diety nie mo\u017ce by\u0107 stosowany jako substytut zr\u00f3\u017cnicowanej diety i zdrowego trybu \u017cycia<\/p>\n<p>ZALECANE WARUNKI PRZECHOWYWANIA<br \/>Przechowywa\u0107 w ch\u0142odnym (maks. 25\u00b0C), suchym i ciemnym miejscu. Przechowywa\u0107 w spos\u00f3b niedost\u0119pny dla ma\u0142ych dzieci.<\/p>","protected":false},"excerpt":{"rendered":"<p>SK\u0141ADNIKI ekstrakt z propolisu* (29 %), ekstrakt z aceroli* (26,2%), liofilizowane mleczko pszczele* (24,2 %), substancja wype\u0142niaj\u0105ca: guma arabska*, proszekbambusowy (Bambusa arundinacea)*, tr\u00f3jglicerydy \u015brednio\u0142a\u0144cuchowe*, skrobia (Zea mays)*, substancja zag\u0119szczaj\u0105ca: guma guar*, substancja glazuruj\u0105ca: lecytyny (Helianthus annuus)*, emulgator: glicerol*. (*certyfikowany sk\u0142adnik ekologiczny) Sk\u0142ad 2 tabletekPropolis bio &#8211; 600 mgMleczko pszczele bio &#8211; 500 mgWitamina C (Malpighia [&hellip;]<\/p>","protected":false},"featured_media":11373,"comment_status":"closed","ping_status":"open","template":"","meta":{"_acf_changed":false},"product_brand":[],"product_cat":[1497,9057],"product_tag":[],"class_list":{"0":"post-11372","1":"product","2":"type-product","3":"status-publish","4":"has-post-thumbnail","6":"product_cat-kapsulki-tabletki","7":"product_cat-suplementy-diety","8":"pa_ean-matka-8564","9":"pa_gwarancja-przydatnosci-320","10":"pa_ilosc-w-opakowaniu-8543","11":"pa_jednostka-podstawowa-szt","12":"pa_kod-cn-2106-90-98","13":"pa_masa-netto-232","14":"pa_objetosc-brutto-8544","15":"pa_producent-physalis-olejki-eteryczne-suplementy","16":"pa_producent-nazwa-adres-keypharm-siemenslaan-11-8020-oostkamp","17":"pa_tagi-bez-cukru-w-skladnikach","18":"pa_tagi-bez-glutenu-w-skladnikach","19":"pa_tagi-certyfikat-bio","20":"pa_tagi-wegetarianski","22":"first","23":"instock","24":"taxable","25":"shipping-taxable","26":"purchasable","27":"product-type-simple"},"acf":[],"_links":{"self":[{"href":"https:\/\/wiejskieprzysmaki.estima.site\/en\/wp-json\/wp\/v2\/product\/11372","targetHints":{"allow":["GET"]}}],"collection":[{"href":"https:\/\/wiejskieprzysmaki.estima.site\/en\/wp-json\/wp\/v2\/product"}],"about":[{"href":"https:\/\/wiejskieprzysmaki.estima.site\/en\/wp-json\/wp\/v2\/types\/product"}],"replies":[{"embeddable":true,"href":"https:\/\/wiejskieprzysmaki.estima.site\/en\/wp-json\/wp\/v2\/comments?post=11372"}],"wp:featuredmedia":[{"embeddable":true,"href":"https:\/\/wiejskieprzysmaki.estima.site\/en\/wp-json\/wp\/v2\/media\/11373"}],"wp:attachment":[{"href":"https:\/\/wiejskieprzysmaki.estima.site\/en\/wp-json\/wp\/v2\/media?parent=11372"}],"wp:term":[{"taxonomy":"product_brand","embeddable":true,"href":"https:\/\/wiejskieprzysmaki.estima.site\/en\/wp-json\/wp\/v2\/product_brand?post=11372"},{"taxonomy":"product_cat","embeddable":true,"href":"https:\/\/wiejskieprzysmaki.estima.site\/en\/wp-json\/wp\/v2\/product_cat?post=11372"},{"taxonomy":"product_tag","embeddable":true,"href":"https:\/\/wiejskieprzysmaki.estima.site\/en\/wp-json\/wp\/v2\/product_tag?post=11372"}],"curies":[{"name":"wp","href":"https:\/\/api.w.org\/{rel}","templated":true}]}}