{"id":11376,"date":"2025-02-18T12:32:06","date_gmt":"2025-02-18T11:32:06","guid":{"rendered":"https:\/\/wiejskieprzysmaki.estima.site\/produkt\/tabletki-na-relaks-i-sen-bio-45-szt-physalis\/"},"modified":"2025-02-20T15:11:36","modified_gmt":"2025-02-20T14:11:36","slug":"tabletki-na-relaks-i-sen-bio-45-szt-physalis","status":"publish","type":"product","link":"https:\/\/wiejskieprzysmaki.estima.site\/en\/product\/tabletki-na-relaks-i-sen-bio-45-szt-physalis\/","title":{"rendered":"TABLETKI NA RELAKS I SEN BIO 45 szt. &#8211; PHYSALIS"},"content":{"rendered":"<p>SK\u0141ADNIKI <br \/>ekstrakt z waleriany* (26,9 %), substancja wype\u0142niaj\u0105ca: guma arabska*, ekstrakt z passiflory* (21,6 %), ekstrakt ze z\u0142otego maku* (16,2 %), proszek bambusowy (Bambusa arundinacea)*, tr\u00f3jglicerydy \u015brednio\u0142a\u0144cuchowe*, skrobia (Zea mays)*, substancja zag\u0119szczaj\u0105ca: guma guar*, substancja glazuruj\u0105ca: lecytyny (Helianthus annuus)*, emulgator: glicerol*. (*certyfikowany sk\u0142adnik ekologiczny)<\/p>\n<p>Sk\u0142ad na 2 tabletki<br \/>ekstrakt z bio Valeriana officinalis (0,15% kwas walerenowy) &#8211; 500 mg<br \/>ekstrakt z bio Passiflora incarnata (&gt;3,5% flawonoid\u00f3w) &#8211; 400 mg<br \/>ekstrakt z bio Eschscholtzia californica &#8211; 300 mg<\/p>\n<p>OPIS <br \/>Suplement diety z ro\u015blinami.<br \/>Stres i napi\u0119cia wszelkiego rodzaju mog\u0105 czasami powodowa\u0107 (niepotrzebne) zmartwienia, uniemo\u017cliwiaj\u0105c nam zasypianie, cz\u0119\u015bciowo lub<br \/>ca\u0142kowicie. Physalis Relaks &amp; Sen bio zawiera walerian\u0119, passiflor\u0119 i z\u0142oty mak. Ro\u015bliny te s\u0105 tradycyjnie znane ze swojego wk\u0142adu w naturalny<br \/>relaks. Mog\u0105 nam pom\u00f3c na nowo odkry\u0107 korzy\u015bci p\u0142yn\u0105ce z normalnego snu. Nie ma nic przyjemniejszego ni\u017c rozpocz\u0105\u0107 dzie\u0144 b\u0119d\u0105c wypocz\u0119tym,<br \/>szcz\u0119\u015bliwym i pe\u0142nym energii!<\/p>\n<p>ZALECANE SPO\u017bYCIE I INNE UWAGI <br \/>1 do 2 tabletek dziennie. Nale\u017cy przyjmowa\u0107 ka\u017cdego wieczoru na p\u00f3\u0142 do jednej godziny przed p\u00f3j\u015bciem spa\u0107, popijaj\u0105c niewielk\u0105 ilo\u015bci\u0105 wody lub herbaty zio\u0142owej.<br \/>Nie stosowa\u0107 w okresie ci\u0105\u017cy oraz w okresie karmienia piersi\u0105.<br \/>Nie stosowa\u0107 u dzieci poni\u017cej 12. roku \u017cycia.<br \/>Nie nale\u017cy przekracza\u0107 zalecanej porcji do spo\u017cycia w ci\u0105gu dnia.<br \/>Suplement diety nie mo\u017ce by\u0107 stosowany jako substytut zr\u00f3\u017cnicowanej diety i zdrowego trybu \u017cycia.<\/p>\n<p>ZALECANE WARUNKI PRZECHOWYWANIA<br \/>Przechowywa\u0107 w ch\u0142odnym (maks. 25\u00b0C), suchym i ciemnym miejscu. Przechowywa\u0107 w spos\u00f3b niedost\u0119pny dla ma\u0142ych dzieci<\/p>","protected":false},"excerpt":{"rendered":"<p>SK\u0141ADNIKI ekstrakt z waleriany* (26,9 %), substancja wype\u0142niaj\u0105ca: guma arabska*, ekstrakt z passiflory* (21,6 %), ekstrakt ze z\u0142otego maku* (16,2 %), proszek bambusowy (Bambusa arundinacea)*, tr\u00f3jglicerydy \u015brednio\u0142a\u0144cuchowe*, skrobia (Zea mays)*, substancja zag\u0119szczaj\u0105ca: guma guar*, substancja glazuruj\u0105ca: lecytyny (Helianthus annuus)*, emulgator: glicerol*. (*certyfikowany sk\u0142adnik ekologiczny) Sk\u0142ad na 2 tabletkiekstrakt z bio Valeriana officinalis (0,15% kwas walerenowy) [&hellip;]<\/p>","protected":false},"featured_media":11377,"comment_status":"closed","ping_status":"open","template":"","meta":{"_acf_changed":false},"product_brand":[],"product_cat":[1497,9057],"product_tag":[],"class_list":{"0":"post-11376","1":"product","2":"type-product","3":"status-publish","4":"has-post-thumbnail","6":"product_cat-kapsulki-tabletki","7":"product_cat-suplementy-diety","8":"pa_ean-matka-8566","9":"pa_gwarancja-przydatnosci-320","10":"pa_ilosc-w-opakowaniu-8543","11":"pa_jednostka-podstawowa-szt","12":"pa_kod-cn-2106-90-98","13":"pa_masa-netto-351","14":"pa_objetosc-brutto-8544","15":"pa_producent-physalis-olejki-eteryczne-suplementy","16":"pa_producent-nazwa-adres-keypharm-siemenslaan-11-8020-oostkamp","17":"pa_tagi-bez-cukru-w-skladnikach","18":"pa_tagi-bez-glutenu-w-skladnikach","19":"pa_tagi-certyfikat-bio","20":"pa_tagi-weganski","21":"pa_tagi-wegetarianski","23":"first","24":"instock","25":"taxable","26":"shipping-taxable","27":"purchasable","28":"product-type-simple"},"acf":[],"_links":{"self":[{"href":"https:\/\/wiejskieprzysmaki.estima.site\/en\/wp-json\/wp\/v2\/product\/11376","targetHints":{"allow":["GET"]}}],"collection":[{"href":"https:\/\/wiejskieprzysmaki.estima.site\/en\/wp-json\/wp\/v2\/product"}],"about":[{"href":"https:\/\/wiejskieprzysmaki.estima.site\/en\/wp-json\/wp\/v2\/types\/product"}],"replies":[{"embeddable":true,"href":"https:\/\/wiejskieprzysmaki.estima.site\/en\/wp-json\/wp\/v2\/comments?post=11376"}],"wp:featuredmedia":[{"embeddable":true,"href":"https:\/\/wiejskieprzysmaki.estima.site\/en\/wp-json\/wp\/v2\/media\/11377"}],"wp:attachment":[{"href":"https:\/\/wiejskieprzysmaki.estima.site\/en\/wp-json\/wp\/v2\/media?parent=11376"}],"wp:term":[{"taxonomy":"product_brand","embeddable":true,"href":"https:\/\/wiejskieprzysmaki.estima.site\/en\/wp-json\/wp\/v2\/product_brand?post=11376"},{"taxonomy":"product_cat","embeddable":true,"href":"https:\/\/wiejskieprzysmaki.estima.site\/en\/wp-json\/wp\/v2\/product_cat?post=11376"},{"taxonomy":"product_tag","embeddable":true,"href":"https:\/\/wiejskieprzysmaki.estima.site\/en\/wp-json\/wp\/v2\/product_tag?post=11376"}],"curies":[{"name":"wp","href":"https:\/\/api.w.org\/{rel}","templated":true}]}}