{"id":11378,"date":"2025-02-18T12:32:06","date_gmt":"2025-02-18T11:32:06","guid":{"rendered":"https:\/\/wiejskieprzysmaki.estima.site\/produkt\/shilajit-30-tabletek-physalis\/"},"modified":"2025-02-20T15:11:37","modified_gmt":"2025-02-20T14:11:37","slug":"shilajit-30-tabletek-physalis","status":"publish","type":"product","link":"https:\/\/wiejskieprzysmaki.estima.site\/en\/product\/shilajit-30-tabletek-physalis\/","title":{"rendered":"SHILAJIT 30 TABLETEK &#8211; PHYSALIS"},"content":{"rendered":"<p>SK\u0141ADNIKI <br \/>substancja wype\u0142niaj\u0105ca: celuloza, shilajit w proszku (45,7 %), substancje przeciwzbrylaj\u0105ce: w\u0119glan wapnia, trifosforan wapnia, substancja glazuruj\u0105ca: kwasy t\u0142uszczowe, substancja \u017celuj\u0105ca: hydroksypropylometyloceluloza, emulgator: glicerol.<\/p>\n<p>Sk\u0142ad jednej tabletki<br \/>Shilajit (ShilaVie, &gt;50 % kwasy fulwowe) &#8211; 500 mg<\/p>\n<p>OPIS <br \/>Suplement diety.<br \/>Shilajit to naturalna i wysokood\u017cywcza biomasa pozyskiwana ze ska\u0142 Himalaj\u00f3w. Physalis Shilajit zawiera PrimaVie\u2122 Shilajit, opatentowany, zbadany i oczyszczony shilajit. Standaryzowany jest na zawarto\u015b\u0107 65 % kwasu fulwowego, substancji humusowej o licznych w\u0142a\u015bciwo\u015bciach zdrowotnych. Shilajit przyczynia si\u0119 do odm\u0142odzenia i wspiera funkcje umys\u0142owe i poznawcze, uk\u0142ad odporno\u015bciowy, trawienie i kontrol\u0119 wagi.<\/p>\n<p>ZALECANE SPO\u017bYCIE I INNE UWAGI <br \/>1 tabletka dziennie. Nale\u017cy przyjmowa\u0107 w czasie posi\u0142ku, popijaj\u0105c niewielk\u0105 ilo\u015bci\u0105 wody.<br \/>Nie nale\u017cy przekracza\u0107 zalecanej porcji do spo\u017cycia w ci\u0105gu dnia. Suplement diety nie mo\u017ce by\u0107 stosowany jako substytut zr\u00f3\u017cnicowanej diety i zdrowego trybu \u017cycia.<\/p>\n<p>ZALECANE WARUNKI PRZECHOWYWANIA<br \/>Przechowywa\u0107 w ch\u0142odnym (maks. 25\u00b0C), suchym i ciemnym miejscu. Przechowywa\u0107 w spos\u00f3b niedost\u0119pny dla ma\u0142ych dzieci.<\/p>","protected":false},"excerpt":{"rendered":"<p>SK\u0141ADNIKI substancja wype\u0142niaj\u0105ca: celuloza, shilajit w proszku (45,7 %), substancje przeciwzbrylaj\u0105ce: w\u0119glan wapnia, trifosforan wapnia, substancja glazuruj\u0105ca: kwasy t\u0142uszczowe, substancja \u017celuj\u0105ca: hydroksypropylometyloceluloza, emulgator: glicerol. Sk\u0142ad jednej tabletkiShilajit (ShilaVie, &gt;50 % kwasy fulwowe) &#8211; 500 mg OPIS Suplement diety.Shilajit to naturalna i wysokood\u017cywcza biomasa pozyskiwana ze ska\u0142 Himalaj\u00f3w. Physalis Shilajit zawiera PrimaVie\u2122 Shilajit, opatentowany, zbadany i [&hellip;]<\/p>","protected":false},"featured_media":11379,"comment_status":"closed","ping_status":"open","template":"","meta":{"_acf_changed":false},"product_brand":[],"product_cat":[1497,9057],"product_tag":[],"class_list":{"0":"post-11378","1":"product","2":"type-product","3":"status-publish","4":"has-post-thumbnail","6":"product_cat-kapsulki-tabletki","7":"product_cat-suplementy-diety","8":"pa_ean-matka-8567","9":"pa_gwarancja-przydatnosci-320","10":"pa_ilosc-w-opakowaniu-8543","11":"pa_jednostka-podstawowa-szt","12":"pa_kod-cn-2106-90-98","13":"pa_masa-netto-443","14":"pa_objetosc-brutto-8544","15":"pa_producent-physalis-olejki-eteryczne-suplementy","16":"pa_producent-nazwa-adres-keypharm-siemenslaan-11-8020-oostkamp","17":"pa_tagi-bez-cukru-w-skladnikach","18":"pa_tagi-bez-glutenu-w-skladnikach","19":"pa_tagi-weganski","20":"pa_tagi-wegetarianski","22":"first","23":"instock","24":"taxable","25":"shipping-taxable","26":"purchasable","27":"product-type-simple"},"acf":[],"_links":{"self":[{"href":"https:\/\/wiejskieprzysmaki.estima.site\/en\/wp-json\/wp\/v2\/product\/11378","targetHints":{"allow":["GET"]}}],"collection":[{"href":"https:\/\/wiejskieprzysmaki.estima.site\/en\/wp-json\/wp\/v2\/product"}],"about":[{"href":"https:\/\/wiejskieprzysmaki.estima.site\/en\/wp-json\/wp\/v2\/types\/product"}],"replies":[{"embeddable":true,"href":"https:\/\/wiejskieprzysmaki.estima.site\/en\/wp-json\/wp\/v2\/comments?post=11378"}],"wp:featuredmedia":[{"embeddable":true,"href":"https:\/\/wiejskieprzysmaki.estima.site\/en\/wp-json\/wp\/v2\/media\/11379"}],"wp:attachment":[{"href":"https:\/\/wiejskieprzysmaki.estima.site\/en\/wp-json\/wp\/v2\/media?parent=11378"}],"wp:term":[{"taxonomy":"product_brand","embeddable":true,"href":"https:\/\/wiejskieprzysmaki.estima.site\/en\/wp-json\/wp\/v2\/product_brand?post=11378"},{"taxonomy":"product_cat","embeddable":true,"href":"https:\/\/wiejskieprzysmaki.estima.site\/en\/wp-json\/wp\/v2\/product_cat?post=11378"},{"taxonomy":"product_tag","embeddable":true,"href":"https:\/\/wiejskieprzysmaki.estima.site\/en\/wp-json\/wp\/v2\/product_tag?post=11378"}],"curies":[{"name":"wp","href":"https:\/\/api.w.org\/{rel}","templated":true}]}}