{"id":1138,"date":"2025-02-18T10:34:30","date_gmt":"2025-02-18T09:34:30","guid":{"rendered":"https:\/\/wiejskieprzysmaki.estima.site\/produkt\/koncentrat-pomidorowy-bio-45-kg-horeca\/"},"modified":"2025-02-18T10:34:46","modified_gmt":"2025-02-18T09:34:46","slug":"koncentrat-pomidorowy-bio-45-kg-horeca","status":"publish","type":"product","link":"https:\/\/wiejskieprzysmaki.estima.site\/en\/product\/koncentrat-pomidorowy-bio-45-kg-horeca\/","title":{"rendered":"KONCENTRAT POMIDOROWY BIO 4,5 kg &#8211; HORECA"},"content":{"rendered":"<p>SK\u0141ADNIKI<br \/>pomidory* (*certyfikowany sk\u0142adnik ekologiczny)<\/p>\n<p>OPIS<br \/>Koncentrat produkowany jest z dojrza\u0142ych, \u015bwiezych pomidor\u00f3w ekologicznych. Umyte i przebrane pomidory s\u0105 przetwarzane przez wielostopniowe odparowanie a\u017c do uzyskania koncentratu pomidorowego. Pasta jest pasteryzowana przez umieszczenie w gor\u0105cych puszkach.<\/p>\n<p>WARTO\u015a\u0106 OD\u017bYWCZA W 100 g<br \/>Warto\u015b\u0107 energetyczna &#8211;  398 kJ\/ 94 kcal<br \/>T\u0142uszcz &#8211;  0,4 g<br \/>w tym kwasy t\u0142uszczowe nasycone &#8211; 0 g<br \/>W\u0119glowodany &#8211; 17 g<br \/>w tym cukry &#8211; 17 g<br \/>B\u0142onnik &#8211; 2,2 g <br \/>Bia\u0142ko &#8211; 4,5 g<br \/>S\u00f3l &#8211; 0,07 g<\/p>\n<p>ZALECENA WARUNKI PRZECHOWYWANIA<br \/>Po otwarciu zawarto\u015b\u0107 prze\u0142o\u017cy\u0107 do innego opakowania, przechowywa\u0107 w lod\u00f3wce do 3 dni.<\/p>","protected":false},"excerpt":{"rendered":"<p>SK\u0141ADNIKIpomidory* (*certyfikowany sk\u0142adnik ekologiczny) OPISKoncentrat produkowany jest z dojrza\u0142ych, \u015bwiezych pomidor\u00f3w ekologicznych. Umyte i przebrane pomidory s\u0105 przetwarzane przez wielostopniowe odparowanie a\u017c do uzyskania koncentratu pomidorowego. Pasta jest pasteryzowana przez umieszczenie w gor\u0105cych puszkach. WARTO\u015a\u0106 OD\u017bYWCZA W 100 gWarto\u015b\u0107 energetyczna &#8211; 398 kJ\/ 94 kcalT\u0142uszcz &#8211; 0,4 gw tym kwasy t\u0142uszczowe nasycone &#8211; 0 gW\u0119glowodany [&hellip;]<\/p>","protected":false},"featured_media":1139,"comment_status":"closed","ping_status":"open","template":"","meta":{"_acf_changed":false},"product_brand":[],"product_cat":[95,94],"product_tag":[],"class_list":{"0":"post-1138","1":"product","2":"type-product","3":"status-publish","4":"has-post-thumbnail","6":"product_cat-ketchupy-koncentraty-sosy-pomidorowe","7":"product_cat-sosy","8":"pa_ean-matka-1215","9":"pa_gwarancja-przydatnosci-324","10":"pa_ilosc-w-opakowaniu-340","11":"pa_jednostka-podstawowa-szt","12":"pa_kod-cn-2002-90-41","13":"pa_kraj-pochodzenia-skladnikow-wlochy","14":"pa_masa-netto-1211","15":"pa_objetosc-brutto-1213","16":"pa_producent-horeca-bio-pozostale","17":"pa_producent-nazwa-adres-horst-bode-import-export-gmbh-havighorster-weg-6-f-d-21031-hamburg","18":"pa_tagi-bez-cukru-w-skladnikach","19":"pa_tagi-bez-glutenu-w-skladnikach","20":"pa_tagi-certyfikat-bio","21":"pa_tagi-weganski","22":"pa_tagi-wegetarianski","24":"first","25":"instock","26":"taxable","27":"shipping-taxable","28":"purchasable","29":"product-type-simple"},"acf":[],"_links":{"self":[{"href":"https:\/\/wiejskieprzysmaki.estima.site\/en\/wp-json\/wp\/v2\/product\/1138","targetHints":{"allow":["GET"]}}],"collection":[{"href":"https:\/\/wiejskieprzysmaki.estima.site\/en\/wp-json\/wp\/v2\/product"}],"about":[{"href":"https:\/\/wiejskieprzysmaki.estima.site\/en\/wp-json\/wp\/v2\/types\/product"}],"replies":[{"embeddable":true,"href":"https:\/\/wiejskieprzysmaki.estima.site\/en\/wp-json\/wp\/v2\/comments?post=1138"}],"wp:featuredmedia":[{"embeddable":true,"href":"https:\/\/wiejskieprzysmaki.estima.site\/en\/wp-json\/wp\/v2\/media\/1139"}],"wp:attachment":[{"href":"https:\/\/wiejskieprzysmaki.estima.site\/en\/wp-json\/wp\/v2\/media?parent=1138"}],"wp:term":[{"taxonomy":"product_brand","embeddable":true,"href":"https:\/\/wiejskieprzysmaki.estima.site\/en\/wp-json\/wp\/v2\/product_brand?post=1138"},{"taxonomy":"product_cat","embeddable":true,"href":"https:\/\/wiejskieprzysmaki.estima.site\/en\/wp-json\/wp\/v2\/product_cat?post=1138"},{"taxonomy":"product_tag","embeddable":true,"href":"https:\/\/wiejskieprzysmaki.estima.site\/en\/wp-json\/wp\/v2\/product_tag?post=1138"}],"curies":[{"name":"wp","href":"https:\/\/api.w.org\/{rel}","templated":true}]}}