{"id":11386,"date":"2025-02-18T12:32:17","date_gmt":"2025-02-18T11:32:17","guid":{"rendered":"https:\/\/wiejskieprzysmaki.estima.site\/produkt\/ciastka-proteinowe-podwojnie-czekoladowe-bez-cukru-2-x-35-g-70-g-greenergy\/"},"modified":"2025-02-18T12:32:18","modified_gmt":"2025-02-18T11:32:18","slug":"ciastka-proteinowe-podwojnie-czekoladowe-bez-cukru-2-x-35-g-70-g-greenergy","status":"publish","type":"product","link":"https:\/\/wiejskieprzysmaki.estima.site\/en\/product\/ciastka-proteinowe-podwojnie-czekoladowe-bez-cukru-2-x-35-g-70-g-greenergy\/","title":{"rendered":"CIASTKA PROTEINOWE PODW\u00d3JNIE CZEKOLADOWE BEZ CUKRU (2 x 35 g) 70 g &#8211; GREENERGY"},"content":{"rendered":"<p>SK\u0141ADNIKI<br \/>olej kokosowy, m\u0105ka PSZENNA, substancja s\u0142odz\u0105ca &#8211; maltitol, odt\u0142uszczona m\u0105ka SOJOWA, koncentrat bia\u0142ka SOJOWEGO, granulki czekoladowe 7 % (substancja s\u0142odz\u0105ca &#8211; maltitol, miazga kakaowa, emulgator &#8211; lecytyny (z SOI), kakao w proszku o obni\u017conej zawarto\u015bci t\u0142uszczu, naturalny aromat waniliowy), emulgator &#8211; lecytyny (z SOI), kakao 2 %.<\/p>\n<p>OPIS<br \/>Ciastka proteinowe Greenergy Double Chocolate to pude\u0142ko z dwoma ciasteczkami, kt\u00f3re zawieraj\u0105 sporo bia\u0142ka pochodzenia ro\u015blinnego. Przek\u0105ska nie zawiera dodanego cukru (jest s\u0142odzona naturaln\u0105 substancj\u0105 s\u0142odz\u0105c\u0105 i zawiera naturalnie wyst\u0119puj\u0105ce cukry). Ciastka s\u0105 odpowiednie dla wegan i wegetarian. Proteinowa przek\u0105ska z dobrym sk\u0142adem dla os\u00f3b aktywnych.<br \/>Polecamy r\u00f3wnie\u017c inny smak ciastek oraz inne przek\u0105ski proteinowe z naszej oferty.<\/p>\n<p>WARTO\u015a\u0106 OD\u017bYWCZA w 100 g <br \/>Warto\u015b\u0107 energetyczna: 2005 kJ \/ 479 kcal<br \/>T\u0142uszcz: 36 g<br \/>w tym kwasy t\u0142uszczowe nasycone: 29 g<br \/>W\u0119glowodany: 42 g<br \/>w tym cukry: 0,4 g<br \/>w tym poliole: 15 g<br \/>B\u0142onnik: 11 g<br \/>Bia\u0142ko: 15 g<br \/>S\u00f3l: 0,01 g<\/p>\n<p>INFORMACJA ALERGENNA<br \/>Mo\u017ce zawiera\u0107 JAJA, MLEKO, ORZESZKI ZIEMNE i inne orzechy.<\/p>\n<p>ZALECANE WARUNKI PRZECHOWYWANIA<br \/>Przechowywa\u0107 w ch\u0142odnym i suchym miejscu.<\/p>","protected":false},"excerpt":{"rendered":"<p>SK\u0141ADNIKIolej kokosowy, m\u0105ka PSZENNA, substancja s\u0142odz\u0105ca &#8211; maltitol, odt\u0142uszczona m\u0105ka SOJOWA, koncentrat bia\u0142ka SOJOWEGO, granulki czekoladowe 7 % (substancja s\u0142odz\u0105ca &#8211; maltitol, miazga kakaowa, emulgator &#8211; lecytyny (z SOI), kakao w proszku o obni\u017conej zawarto\u015bci t\u0142uszczu, naturalny aromat waniliowy), emulgator &#8211; lecytyny (z SOI), kakao 2 %. OPISCiastka proteinowe Greenergy Double Chocolate to pude\u0142ko z [&hellip;]<\/p>","protected":false},"featured_media":11387,"comment_status":"closed","ping_status":"open","template":"","meta":{"_acf_changed":false},"product_brand":[],"product_cat":[1434,139],"product_tag":[],"class_list":{"0":"post-11386","1":"product","2":"type-product","3":"status-publish","4":"has-post-thumbnail","6":"product_cat-ciastka","7":"product_cat-slodycze-i-przekaski","8":"pa_ean-matka-8571","9":"pa_gwarancja-przydatnosci-522","10":"pa_ilosc-w-opakowaniu-350","11":"pa_jednostka-podstawowa-szt","12":"pa_kod-cn-1905-90-45","13":"pa_masa-netto-695","14":"pa_objetosc-brutto-4928","15":"pa_producent-greenergy-chipsy-przekaski","16":"pa_producent-nazwa-adres-bluemoor-rynek-glowny-6-32-600-oswiecim-polska","17":"pa_tagi-bez-cukru-w-skladnikach","18":"pa_tagi-weganski","19":"pa_tagi-wegetarianski","21":"first","22":"instock","23":"taxable","24":"shipping-taxable","25":"purchasable","26":"product-type-simple"},"acf":[],"_links":{"self":[{"href":"https:\/\/wiejskieprzysmaki.estima.site\/en\/wp-json\/wp\/v2\/product\/11386","targetHints":{"allow":["GET"]}}],"collection":[{"href":"https:\/\/wiejskieprzysmaki.estima.site\/en\/wp-json\/wp\/v2\/product"}],"about":[{"href":"https:\/\/wiejskieprzysmaki.estima.site\/en\/wp-json\/wp\/v2\/types\/product"}],"replies":[{"embeddable":true,"href":"https:\/\/wiejskieprzysmaki.estima.site\/en\/wp-json\/wp\/v2\/comments?post=11386"}],"wp:featuredmedia":[{"embeddable":true,"href":"https:\/\/wiejskieprzysmaki.estima.site\/en\/wp-json\/wp\/v2\/media\/11387"}],"wp:attachment":[{"href":"https:\/\/wiejskieprzysmaki.estima.site\/en\/wp-json\/wp\/v2\/media?parent=11386"}],"wp:term":[{"taxonomy":"product_brand","embeddable":true,"href":"https:\/\/wiejskieprzysmaki.estima.site\/en\/wp-json\/wp\/v2\/product_brand?post=11386"},{"taxonomy":"product_cat","embeddable":true,"href":"https:\/\/wiejskieprzysmaki.estima.site\/en\/wp-json\/wp\/v2\/product_cat?post=11386"},{"taxonomy":"product_tag","embeddable":true,"href":"https:\/\/wiejskieprzysmaki.estima.site\/en\/wp-json\/wp\/v2\/product_tag?post=11386"}],"curies":[{"name":"wp","href":"https:\/\/api.w.org\/{rel}","templated":true}]}}