{"id":11390,"date":"2025-02-18T12:32:17","date_gmt":"2025-02-18T11:32:17","guid":{"rendered":"https:\/\/wiejskieprzysmaki.estima.site\/produkt\/bialko-ryzowe-bio-150-g-bio-planet\/"},"modified":"2025-02-20T15:16:03","modified_gmt":"2025-02-20T14:16:03","slug":"bialko-ryzowe-bio-150-g-bio-planet","status":"publish","type":"product","link":"https:\/\/wiejskieprzysmaki.estima.site\/en\/product\/bialko-ryzowe-bio-150-g-bio-planet\/","title":{"rendered":"BIA\u0141KO RY\u017bOWE BIO 150 g &#8211; BIO PLANET"},"content":{"rendered":"<p>SK\u0141ADNIKI<br \/>ekologiczne bia\u0142ko z ry\u017cu br\u0105zowego sproszkowane.<\/p>\n<p>Bia\u0142ko z ekologicznego ry\u017cu br\u0105zowego pozostawia na d\u0142ugo uczucie syto\u015bci. Idealnie sprawdzi si\u0119 dla os\u00f3b b\u0119d\u0105cych na diecie wysokobia\u0142kowej, wega\u0144skiej, a tak\u017ce uprawiaj\u0105cych sport. <\/p>\n<p>SPOS\u00d3B PRZYGOTOWANIA<br \/>5 \u0142y\u017ceczek (15 g) produktu wymiesza\u0107 z 200 ml soku, MLEKA, napoju ro\u015blinnego lub wody.<br \/>Bez dodatku cukr\u00f3w. Zawiera naturalnie wyst\u0119puj\u0105ce cukry.<\/p>\n<p>WARTO\u015a\u0106 OD\u017bYWCZA W 100 g<br \/>Warto\u015b\u0107 energetyczna \t1783 kJ\/423 kcal<br \/>T\u0142uszcz \t8,7 g<br \/>w tym kwasy t\u0142uszczowe nasycone \t1,8 g<br \/>W\u0119glowodany \t4,1 g<br \/>w tym cukry \t0,5 g<br \/>B\u0142onnik \t3,4 g<br \/>Bia\u0142ko \t80 g<br \/>S\u00f3l \t2,0 g<\/p>\n<p>ZALECANE WARUNKI PRZECHOWYWANIA<br \/>Przechowywa\u0107 w suchym i ch\u0142odnym miejscu.<\/p>","protected":false},"excerpt":{"rendered":"<p>SK\u0141ADNIKIekologiczne bia\u0142ko z ry\u017cu br\u0105zowego sproszkowane. Bia\u0142ko z ekologicznego ry\u017cu br\u0105zowego pozostawia na d\u0142ugo uczucie syto\u015bci. Idealnie sprawdzi si\u0119 dla os\u00f3b b\u0119d\u0105cych na diecie wysokobia\u0142kowej, wega\u0144skiej, a tak\u017ce uprawiaj\u0105cych sport. SPOS\u00d3B PRZYGOTOWANIA5 \u0142y\u017ceczek (15 g) produktu wymiesza\u0107 z 200 ml soku, MLEKA, napoju ro\u015blinnego lub wody.Bez dodatku cukr\u00f3w. Zawiera naturalnie wyst\u0119puj\u0105ce cukry. WARTO\u015a\u0106 OD\u017bYWCZA W [&hellip;]<\/p>","protected":false},"featured_media":11391,"comment_status":"closed","ping_status":"open","template":"","meta":{"_acf_changed":false},"product_brand":[],"product_cat":[9057],"product_tag":[],"class_list":{"0":"post-11390","1":"product","2":"type-product","3":"status-publish","4":"has-post-thumbnail","6":"product_cat-suplementy-diety","7":"pa_ean-matka-8574","8":"pa_ean-matka-8573","9":"pa_gwarancja-przydatnosci-542","10":"pa_ilosc-w-opakowaniu-298","11":"pa_jednostka-podstawowa-szt","12":"pa_kod-cn-2106-10-20","13":"pa_kraj-pochodzenia-skladnikow-chiny","14":"pa_masa-netto-197","15":"pa_objetosc-brutto-778","16":"pa_producent-bio-planet-seria-bialka","17":"pa_tagi-bez-cukru-w-skladnikach","18":"pa_tagi-bez-glutenu-w-skladnikach","19":"pa_tagi-certyfikat-bio","20":"pa_tagi-weganski","21":"pa_tagi-wegetarianski","23":"first","24":"instock","25":"taxable","26":"shipping-taxable","27":"purchasable","28":"product-type-simple"},"acf":[],"_links":{"self":[{"href":"https:\/\/wiejskieprzysmaki.estima.site\/en\/wp-json\/wp\/v2\/product\/11390","targetHints":{"allow":["GET"]}}],"collection":[{"href":"https:\/\/wiejskieprzysmaki.estima.site\/en\/wp-json\/wp\/v2\/product"}],"about":[{"href":"https:\/\/wiejskieprzysmaki.estima.site\/en\/wp-json\/wp\/v2\/types\/product"}],"replies":[{"embeddable":true,"href":"https:\/\/wiejskieprzysmaki.estima.site\/en\/wp-json\/wp\/v2\/comments?post=11390"}],"wp:featuredmedia":[{"embeddable":true,"href":"https:\/\/wiejskieprzysmaki.estima.site\/en\/wp-json\/wp\/v2\/media\/11391"}],"wp:attachment":[{"href":"https:\/\/wiejskieprzysmaki.estima.site\/en\/wp-json\/wp\/v2\/media?parent=11390"}],"wp:term":[{"taxonomy":"product_brand","embeddable":true,"href":"https:\/\/wiejskieprzysmaki.estima.site\/en\/wp-json\/wp\/v2\/product_brand?post=11390"},{"taxonomy":"product_cat","embeddable":true,"href":"https:\/\/wiejskieprzysmaki.estima.site\/en\/wp-json\/wp\/v2\/product_cat?post=11390"},{"taxonomy":"product_tag","embeddable":true,"href":"https:\/\/wiejskieprzysmaki.estima.site\/en\/wp-json\/wp\/v2\/product_tag?post=11390"}],"curies":[{"name":"wp","href":"https:\/\/api.w.org\/{rel}","templated":true}]}}