{"id":11394,"date":"2025-02-18T12:32:17","date_gmt":"2025-02-18T11:32:17","guid":{"rendered":"https:\/\/wiejskieprzysmaki.estima.site\/produkt\/baton-proteinowy-xtreme-z-mango-w-czekoladzie-mlecznej-bez-dodatku-cukrow-40-g-dobry-squad\/"},"modified":"2025-02-18T12:32:21","modified_gmt":"2025-02-18T11:32:21","slug":"baton-proteinowy-xtreme-z-mango-w-czekoladzie-mlecznej-bez-dodatku-cukrow-40-g-dobry-squad","status":"publish","type":"product","link":"https:\/\/wiejskieprzysmaki.estima.site\/en\/product\/baton-proteinowy-xtreme-z-mango-w-czekoladzie-mlecznej-bez-dodatku-cukrow-40-g-dobry-squad\/","title":{"rendered":"BATON PROTEINOWY XTREME Z MANGO W CZEKOLADZIE MLECZNEJ BEZ DODATKU CUKR\u00d3W 40 g &#8211; DOBRY SQUAD"},"content":{"rendered":"<p>SK\u0141ADNIKI<br \/>hydrolizowane bia\u0142ka kolagenowe, mleczna czekolada bez dodatku cukru (substancje s\u0142odz\u0105ce: maltitol; t\u0142uszcz kakaowy;&nbsp;MLEKO pe\u0142ne&nbsp;w proszku; miazga kakaowa; emulgator: lecytyny (z SOI); naturalny aromat waniliowy), ORZESZKI ZIEMNE mielone, bia\u0142ko serwatkowe (z MLEKA) WPC80 (12,4 %), kazeinian wapnia (z&nbsp;MLEKA) (6,54 %), substancja utrzymuj\u0105ca wilgo\u0107: glicerol, t\u0142uszcz kakaowy, suszone mango (3 %), naturalny aromat mango,&nbsp;MLEKO w proszku, so\u0301l, substancja s\u0142odza\u0328ca: sukraloza.&nbsp;<\/p>\n<p>OPIS<br \/>Bia\u0142ko jest kluczowym sk\u0142adnikiem dla os\u00f3b aktywnych fizycznie, poniewa\u017c pomaga w budowie i regeneracji mi\u0119\u015bni po treningu. Nasze batony proteinowe zawieraj\u0105 a\u017c 47 % bia\u0142ka, co sprawia, \u017ce s\u0105 idealn\u0105 przek\u0105sk\u0105 je\u015bli \u0107wiczysz lub biegasz oraz wszystkich, kt\u00f3rzy dbaj\u0105 o swoje cia\u0142o. Dzi\u0119ki wysokiej zawarto\u015bci bia\u0142ka, XTREME PROTEIN pomagaj\u0105 utrzyma\u0107 uczucie syto\u015bci na d\u0142u\u017cej, co jest szczeg\u00f3lnie wa\u017cne je\u015bli chcesz zachowa\u0107 pi\u0119kn\u0105 sylwetk\u0119.<br \/>Kolejnym niezwykle cennym sk\u0142adnikiem zawartym w naszych batonach jest kolagen. Kolagen jest bia\u0142kiem strukturalnym wyst\u0119puj\u0105cym naturalnie w organizmie cz\u0142owieka, odpowiedzialnym m.in. za elastyczno\u015b\u0107 i j\u0119drno\u015b\u0107 sk\u00f3ry, zdrowie staw\u00f3w oraz utrzymanie w\u0142os\u00f3w i paznokci w dobrej kondycji. Dodatek kolagenu do baton\u00f3w proteinowych sprawia, \u017ce nie tylko dostarczasz swojemu cia\u0142u niezb\u0119dne bia\u0142ko, ale r\u00f3wnie\u017c wspierasz jego funkcjonowanie na wielu innych poziomach.<br \/>Nasze batony XTREME PROTEIN wyr\u00f3\u017cniaj\u0105 si\u0119 nie tylko wyj\u0105tkowymi warto\u015bciami od\u017cywczymi, ale pysznym smakiem i mi\u0119ciutk\u0105, kremow\u0105 tekstur\u0105. Baton proteinowy Mango to egzotyczna mieszanka soczystego mango i kremowej konsystencji, kt\u00f3ra kusi swoj\u0105 \u015bwie\u017co\u015bci\u0105 i aromatem. XTREME PROTEIN z kolagenem to nie tylko idealna przek\u0105ska dla sportowc\u00f3w i os\u00f3b aktywnych fizycznie, ale tak\u017ce doskona\u0142y wyb\u00f3r dla wszystkich, kt\u00f3rzy pragn\u0105 zdrowo si\u0119 od\u017cywia\u0107 i ceni\u0105 sobie wygod\u0119. Z \u0142atwo\u015bci\u0105 zmie\u015bcisz je w swojej torbie na si\u0142owni\u0119, w plecaku podczas w\u0119dr\u00f3wki, czy w szkolnej torbie na przerw\u0119 mi\u0119dzy lekcjami. To \u015bwietny spos\u00f3b na szybkie dostarczenie organizmowi potrzebnych sk\u0142adnik\u00f3w od\u017cywczych w ka\u017cdym miejscu i czasie.<\/p>\n<p>WARTO\u015a\u0106 OD\u017bYWCZA W 100 g<br \/>Warto\u015b\u0107 energetyczna: 1703 kJ\/406 kcal<br \/>T\u0142uszcz: 16 g<br \/>w tym kwasy t\u0142uszczowe nasycone: 6,5 g<br \/>W\u0119glowodany: 18 g<br \/>w tym cukry: 6,0 g<br \/>B\u0142onnik: 6,0 g<br \/>Bia\u0142ko: 47 g<br \/>S\u00f3l: 0,6 g<\/p>\n<p>INFORMACJA ALERGENNA<br \/>Mo\u017ce zawiera\u0107 ORZECHY, NASIONA SEZAMU.<\/p>\n<p>ZALECANE WARUNKI PRZECHOWYWANIA<br \/>Przechowywa\u0107 w suchym, zacienionym miejscu, w temperaturze pokojowej. <\/p>","protected":false},"excerpt":{"rendered":"<p>SK\u0141ADNIKIhydrolizowane bia\u0142ka kolagenowe, mleczna czekolada bez dodatku cukru (substancje s\u0142odz\u0105ce: maltitol; t\u0142uszcz kakaowy;&nbsp;MLEKO pe\u0142ne&nbsp;w proszku; miazga kakaowa; emulgator: lecytyny (z SOI); naturalny aromat waniliowy), ORZESZKI ZIEMNE mielone, bia\u0142ko serwatkowe (z MLEKA) WPC80 (12,4 %), kazeinian wapnia (z&nbsp;MLEKA) (6,54 %), substancja utrzymuj\u0105ca wilgo\u0107: glicerol, t\u0142uszcz kakaowy, suszone mango (3 %), naturalny aromat mango,&nbsp;MLEKO w proszku, so\u0301l, [&hellip;]<\/p>","protected":false},"featured_media":11395,"comment_status":"closed","ping_status":"open","template":"","meta":{"_acf_changed":false},"product_brand":[],"product_cat":[465,139],"product_tag":[],"class_list":{"0":"post-11394","1":"product","2":"type-product","3":"status-publish","4":"has-post-thumbnail","6":"product_cat-batony-wafelki-sezamki","7":"product_cat-slodycze-i-przekaski","8":"pa_ean-matka-8578","9":"pa_gwarancja-przydatnosci-320","10":"pa_ilosc-w-opakowaniu-374","11":"pa_jednostka-podstawowa-szt","12":"pa_kod-cn-1806-32-10","13":"pa_masa-netto-351","14":"pa_objetosc-brutto-1388","15":"pa_producent-dobry-squad-batony","16":"pa_producent-nazwa-adres-wellbena-sp-z-o-o-fabryczna-1-08-300-sokolow-podlaski","17":"pa_tagi-bez-cukru-w-skladnikach","18":"pa_tagi-bez-glutenu-w-skladnikach","19":"pa_tagi-wegetarianski","21":"first","22":"instock","23":"taxable","24":"shipping-taxable","25":"purchasable","26":"product-type-simple"},"acf":[],"_links":{"self":[{"href":"https:\/\/wiejskieprzysmaki.estima.site\/en\/wp-json\/wp\/v2\/product\/11394","targetHints":{"allow":["GET"]}}],"collection":[{"href":"https:\/\/wiejskieprzysmaki.estima.site\/en\/wp-json\/wp\/v2\/product"}],"about":[{"href":"https:\/\/wiejskieprzysmaki.estima.site\/en\/wp-json\/wp\/v2\/types\/product"}],"replies":[{"embeddable":true,"href":"https:\/\/wiejskieprzysmaki.estima.site\/en\/wp-json\/wp\/v2\/comments?post=11394"}],"wp:featuredmedia":[{"embeddable":true,"href":"https:\/\/wiejskieprzysmaki.estima.site\/en\/wp-json\/wp\/v2\/media\/11395"}],"wp:attachment":[{"href":"https:\/\/wiejskieprzysmaki.estima.site\/en\/wp-json\/wp\/v2\/media?parent=11394"}],"wp:term":[{"taxonomy":"product_brand","embeddable":true,"href":"https:\/\/wiejskieprzysmaki.estima.site\/en\/wp-json\/wp\/v2\/product_brand?post=11394"},{"taxonomy":"product_cat","embeddable":true,"href":"https:\/\/wiejskieprzysmaki.estima.site\/en\/wp-json\/wp\/v2\/product_cat?post=11394"},{"taxonomy":"product_tag","embeddable":true,"href":"https:\/\/wiejskieprzysmaki.estima.site\/en\/wp-json\/wp\/v2\/product_tag?post=11394"}],"curies":[{"name":"wp","href":"https:\/\/api.w.org\/{rel}","templated":true}]}}