{"id":11398,"date":"2025-02-18T12:32:17","date_gmt":"2025-02-18T11:32:17","guid":{"rendered":"https:\/\/wiejskieprzysmaki.estima.site\/produkt\/gojnik-herbatka-gorska-bio-30-g-bio-planet\/"},"modified":"2025-02-18T12:32:27","modified_gmt":"2025-02-18T11:32:27","slug":"gojnik-herbatka-gorska-bio-30-g-bio-planet","status":"publish","type":"product","link":"https:\/\/wiejskieprzysmaki.estima.site\/en\/product\/gojnik-herbatka-gorska-bio-30-g-bio-planet\/","title":{"rendered":"GOJNIK (HERBATKA G\u00d3RSKA) BIO 30 g &#8211; BIO PLANET"},"content":{"rendered":"<p>SK\u0141ADNIKI<br \/>ekologiczny gojnik suszony ci\u0119ty (Sideritis scardica) 100 %.<\/p>\n<p>OPIS<br \/>Ekologiczny gojnik, znany r\u00f3wnie\u017c pod nazw\u0105 herbatka g\u00f3rska lub sza\u0142wia liba\u0144ska.<\/p>\n<p>ZALECANE SPO\u017bYCIE<br \/>3 g suszu tj. dwie miarki do\u0142\u0105czone do produktu zala\u0107 200 ml wrz\u0105cej wody. Zaparza\u0107 5 minut pod przykryciem. Pi\u0107 2 razy dziennie. Zawarto\u015b\u0107 polifenoli w 6 g suszu wynosi 0,11 g.<\/p>\n<p>UWAGI<br \/>Nie nale\u017cy przekracza\u0107 zalecanej porcji do spo\u017cycia w ci\u0105gu dnia. Suplement diety nie mo\u017ce by\u0107 stosowany jako substytut zr\u00f3\u017cnicowanej diety.<\/p>\n<p>ZALECANE WARUNKI PRZECHOWYWANIA<br \/>Przechowywa\u0107 w suchym i ch\u0142odnym miejscu, niedost\u0119pnym dla ma\u0142ych dzieci.<\/p>","protected":false},"excerpt":{"rendered":"<p>SK\u0141ADNIKIekologiczny gojnik suszony ci\u0119ty (Sideritis scardica) 100 %. OPISEkologiczny gojnik, znany r\u00f3wnie\u017c pod nazw\u0105 herbatka g\u00f3rska lub sza\u0142wia liba\u0144ska. ZALECANE SPO\u017bYCIE3 g suszu tj. dwie miarki do\u0142\u0105czone do produktu zala\u0107 200 ml wrz\u0105cej wody. Zaparza\u0107 5 minut pod przykryciem. Pi\u0107 2 razy dziennie. Zawarto\u015b\u0107 polifenoli w 6 g suszu wynosi 0,11 g. UWAGINie nale\u017cy przekracza\u0107 [&hellip;]<\/p>","protected":false},"featured_media":11399,"comment_status":"closed","ping_status":"open","template":"","meta":{"_acf_changed":false},"product_brand":[],"product_cat":[282,283],"product_tag":[],"class_list":{"0":"post-11398","1":"product","2":"type-product","3":"status-publish","4":"has-post-thumbnail","6":"product_cat-herbaty-i-ziola","7":"product_cat-ziolowe-owocowe-jednorodne","8":"pa_ean-matka-8580","9":"pa_gwarancja-przydatnosci-324","10":"pa_ilosc-w-opakowaniu-298","11":"pa_jednostka-podstawowa-szt","12":"pa_kod-cn-1211-90-86","13":"pa_kraj-pochodzenia-skladnikow-albania","14":"pa_masa-netto-1313","15":"pa_objetosc-brutto-778","16":"pa_producent-bio-planet-seria-superfoods","17":"pa_producent-nazwa-adres-bio-planet-s-a-wilkowa-wies-7-05-084-leszno","18":"pa_tagi-bez-cukru-w-skladnikach","19":"pa_tagi-bez-glutenu-w-skladnikach","20":"pa_tagi-certyfikat-bio","21":"pa_tagi-weganski","22":"pa_tagi-wegetarianski","24":"first","25":"instock","26":"taxable","27":"shipping-taxable","28":"purchasable","29":"product-type-simple"},"acf":[],"_links":{"self":[{"href":"https:\/\/wiejskieprzysmaki.estima.site\/en\/wp-json\/wp\/v2\/product\/11398","targetHints":{"allow":["GET"]}}],"collection":[{"href":"https:\/\/wiejskieprzysmaki.estima.site\/en\/wp-json\/wp\/v2\/product"}],"about":[{"href":"https:\/\/wiejskieprzysmaki.estima.site\/en\/wp-json\/wp\/v2\/types\/product"}],"replies":[{"embeddable":true,"href":"https:\/\/wiejskieprzysmaki.estima.site\/en\/wp-json\/wp\/v2\/comments?post=11398"}],"wp:featuredmedia":[{"embeddable":true,"href":"https:\/\/wiejskieprzysmaki.estima.site\/en\/wp-json\/wp\/v2\/media\/11399"}],"wp:attachment":[{"href":"https:\/\/wiejskieprzysmaki.estima.site\/en\/wp-json\/wp\/v2\/media?parent=11398"}],"wp:term":[{"taxonomy":"product_brand","embeddable":true,"href":"https:\/\/wiejskieprzysmaki.estima.site\/en\/wp-json\/wp\/v2\/product_brand?post=11398"},{"taxonomy":"product_cat","embeddable":true,"href":"https:\/\/wiejskieprzysmaki.estima.site\/en\/wp-json\/wp\/v2\/product_cat?post=11398"},{"taxonomy":"product_tag","embeddable":true,"href":"https:\/\/wiejskieprzysmaki.estima.site\/en\/wp-json\/wp\/v2\/product_tag?post=11398"}],"curies":[{"name":"wp","href":"https:\/\/api.w.org\/{rel}","templated":true}]}}