{"id":1140,"date":"2025-02-18T10:34:47","date_gmt":"2025-02-18T09:34:47","guid":{"rendered":"https:\/\/wiejskieprzysmaki.estima.site\/produkt\/kawa-zielona-mielona-bio-surowiec-20-kg\/"},"modified":"2025-02-20T15:24:07","modified_gmt":"2025-02-20T14:24:07","slug":"kawa-zielona-mielona-bio-surowiec-20-kg","status":"publish","type":"product","link":"https:\/\/wiejskieprzysmaki.estima.site\/en\/product\/kawa-zielona-mielona-bio-surowiec-20-kg\/","title":{"rendered":"KAWA ZIELONA MIELONA BIO (SUROWIEC) (20 kg)"},"content":{"rendered":"<p>SK\u0141ADNIKI<br \/>kawa zielona mielona* 100 % (*certyfikowany sk\u0142adnik ekologiczny).<\/p>\n<p>OPIS<br \/>Ekologiczna kawa zielona mielona otrzymana z ziaren kawowca niepoddanych procesowi palenia. Ziarna kawy przed zmieleniem zosta\u0142y g\u0142\u0119boko zamro\u017cone (mielenie kriogeniczne), co pozwoli\u0142o zachowa\u0107 w pe\u0142ni zwi\u0105zki o dzia\u0142aniu przeciwutleniaj\u0105cym, m.in. kwas chlorogenowy. Kawa charakteryzuje si\u0119 zio\u0142owym zapachem i troch\u0119 cierpkim, kwaskowatym smakiem.<\/p>\n<p>SPOS\u00d3B PRZYGOTOWANIA<br \/>w celu zaparzenia kawy, nale\u017cy wsypa\u0107 do fili\u017canki 2 \u0142y\u017ceczki i zala\u0107 gor\u0105c\u0105, ale nie wrz\u0105c\u0105 wod\u0105.<\/p>","protected":false},"excerpt":{"rendered":"<p>SK\u0141ADNIKIkawa zielona mielona* 100 % (*certyfikowany sk\u0142adnik ekologiczny). OPISEkologiczna kawa zielona mielona otrzymana z ziaren kawowca niepoddanych procesowi palenia. Ziarna kawy przed zmieleniem zosta\u0142y g\u0142\u0119boko zamro\u017cone (mielenie kriogeniczne), co pozwoli\u0142o zachowa\u0107 w pe\u0142ni zwi\u0105zki o dzia\u0142aniu przeciwutleniaj\u0105cym, m.in. kwas chlorogenowy. Kawa charakteryzuje si\u0119 zio\u0142owym zapachem i troch\u0119 cierpkim, kwaskowatym smakiem. SPOS\u00d3B PRZYGOTOWANIAw celu zaparzenia kawy, [&hellip;]<\/p>","protected":false},"featured_media":1141,"comment_status":"closed","ping_status":"open","template":"","meta":{"_acf_changed":false},"product_brand":[],"product_cat":[897],"product_tag":[],"class_list":{"0":"post-1140","1":"product","2":"type-product","3":"status-publish","4":"has-post-thumbnail","6":"product_cat-kawa-i-kakao","7":"pa_ean-matka-1218","8":"pa_gwarancja-przydatnosci-311","9":"pa_ilosc-w-opakowaniu-327","10":"pa_jednostka-podstawowa-kg","11":"pa_kod-cn-0901-11-00","12":"pa_kraj-pochodzenia-skladnikow-tanzania","13":"pa_masa-netto-209","14":"pa_producent-horeca-bio-surowce","15":"pa_producent-nazwa-adres-bio-planet-s-a-wilkowa-wies-7-05-084-leszno","16":"pa_tagi-bez-cukru-w-skladnikach","17":"pa_tagi-bez-glutenu-w-skladnikach","18":"pa_tagi-certyfikat-bio","19":"pa_tagi-weganski","20":"pa_tagi-wegetarianski","22":"first","23":"instock","24":"taxable","25":"shipping-taxable","26":"purchasable","27":"product-type-simple"},"acf":[],"_links":{"self":[{"href":"https:\/\/wiejskieprzysmaki.estima.site\/en\/wp-json\/wp\/v2\/product\/1140","targetHints":{"allow":["GET"]}}],"collection":[{"href":"https:\/\/wiejskieprzysmaki.estima.site\/en\/wp-json\/wp\/v2\/product"}],"about":[{"href":"https:\/\/wiejskieprzysmaki.estima.site\/en\/wp-json\/wp\/v2\/types\/product"}],"replies":[{"embeddable":true,"href":"https:\/\/wiejskieprzysmaki.estima.site\/en\/wp-json\/wp\/v2\/comments?post=1140"}],"wp:featuredmedia":[{"embeddable":true,"href":"https:\/\/wiejskieprzysmaki.estima.site\/en\/wp-json\/wp\/v2\/media\/1141"}],"wp:attachment":[{"href":"https:\/\/wiejskieprzysmaki.estima.site\/en\/wp-json\/wp\/v2\/media?parent=1140"}],"wp:term":[{"taxonomy":"product_brand","embeddable":true,"href":"https:\/\/wiejskieprzysmaki.estima.site\/en\/wp-json\/wp\/v2\/product_brand?post=1140"},{"taxonomy":"product_cat","embeddable":true,"href":"https:\/\/wiejskieprzysmaki.estima.site\/en\/wp-json\/wp\/v2\/product_cat?post=1140"},{"taxonomy":"product_tag","embeddable":true,"href":"https:\/\/wiejskieprzysmaki.estima.site\/en\/wp-json\/wp\/v2\/product_tag?post=1140"}],"curies":[{"name":"wp","href":"https:\/\/api.w.org\/{rel}","templated":true}]}}