{"id":11402,"date":"2025-02-18T12:32:17","date_gmt":"2025-02-18T11:32:17","guid":{"rendered":"https:\/\/wiejskieprzysmaki.estima.site\/produkt\/ciasto-proteinowe-czekoladowe-z-kubeczka-bezglutenowe-60-g-amylon\/"},"modified":"2025-02-18T12:32:29","modified_gmt":"2025-02-18T11:32:29","slug":"ciasto-proteinowe-czekoladowe-z-kubeczka-bezglutenowe-60-g-amylon","status":"publish","type":"product","link":"https:\/\/wiejskieprzysmaki.estima.site\/en\/product\/ciasto-proteinowe-czekoladowe-z-kubeczka-bezglutenowe-60-g-amylon\/","title":{"rendered":"CIASTO PROTEINOWE CZEKOLADOWE Z KUBECZKA BEZGLUTENOWE 60 g &#8211; AMYLON"},"content":{"rendered":"<p>SK\u0141ADNIKI<br \/>m\u0105ka ry\u017cowa, koncentrat bia\u0142ka SERWATKOWEGO 30 %, suszone JAJA, ekstrudowany proszek czekoladowy 7 % (cukier, kakao w proszku), kakao w proszku o obni\u017conej zawarto\u015bci t\u0142uszczu, substancje spulchniaj\u0105ce (winiany potasu, w\u0119glany sodu), s\u00f3l kuchenna, substancja s\u0142odz\u0105ca (sukraloza).<\/p>\n<p>OPIS<br \/>Mug cake to znakomity wyb\u00f3r na ciep\u0142y deser na szybko, idealny do wieczoru z ksi\u0105\u017ck\u0105 czy ulubionym serialem. Jego atutem jest prostota i szybko\u015b\u0107 przygotowania. Oto nasza wersja \u2013 delikatne ciasto z czekolad\u0105, serwowane prosto z kubka! Doskona\u0142e, gdy masz ochot\u0119 na co\u015b s\u0142odkiego, ale nie chcesz piec ca\u0142ego ciasta.<br \/>Jedna porcja odpowiada 210 g produktu przygotowanego wed\u0142ug instrukcji. Opakowanie zawiera 1 porcj\u0119.<\/p>\n<p>SPOS\u00d3B PRZYGOTOWANIA <br \/>Krok 1: Zawarto\u015b\u0107 torebki (60 g) wsyp do kubka (ok. 300 ml).<br \/>Krok 2: Dodaj 150 ml MLEKA (mo\u017cna te\u017c u\u017cy\u0107 nap\u00f3j ro\u015blinny). Mieszaj, a\u017c ciasto b\u0119dzie g\u0142adkie.<br \/>Krok 3: Wstaw do kuchenki mikrofalowej o mocy 800 W na 180 sekund (3 minuty). Po \u201eupieczeniu\u201d odstaw na chwil\u0119 do ostygni\u0119cia.<\/p>\n<p>WARTO\u015a\u0106 OD\u017bYWCZA w 100 g produktu sypkiego<br \/>Warto\u015b\u0107 energetyczna: 1650 kJ\/385 kcal<br \/>T\u0142uszcz: 7,7 g<br \/>w tym kwasy kwasy t\u0142uszczowe: 3,3 g<br \/>W\u0119glowodany: 44 g<br \/>w tym cukry: 6,1 g<br \/>Bia\u0142ko: 34 g<br \/>S\u00f3l: 1,0 g<\/p>\n<p>ZALECANE WARUNKI PRZECHOWYWANIA<br \/>Przechowywa\u0107 w suchym miejscu.<\/p>","protected":false},"excerpt":{"rendered":"<p>SK\u0141ADNIKIm\u0105ka ry\u017cowa, koncentrat bia\u0142ka SERWATKOWEGO 30 %, suszone JAJA, ekstrudowany proszek czekoladowy 7 % (cukier, kakao w proszku), kakao w proszku o obni\u017conej zawarto\u015bci t\u0142uszczu, substancje spulchniaj\u0105ce (winiany potasu, w\u0119glany sodu), s\u00f3l kuchenna, substancja s\u0142odz\u0105ca (sukraloza). OPISMug cake to znakomity wyb\u00f3r na ciep\u0142y deser na szybko, idealny do wieczoru z ksi\u0105\u017ck\u0105 czy ulubionym serialem. Jego [&hellip;]<\/p>","protected":false},"featured_media":11403,"comment_status":"closed","ping_status":"open","template":"","meta":{"_acf_changed":false},"product_brand":[],"product_cat":[722],"product_tag":[],"class_list":{"0":"post-11402","1":"product","2":"type-product","3":"status-publish","4":"has-post-thumbnail","6":"product_cat-mieszanki-do-przygotowywania-potraw","7":"pa_ean-matka-8582","8":"pa_gwarancja-przydatnosci-320","9":"pa_ilosc-w-opakowaniu-374","10":"pa_jednostka-podstawowa-szt","11":"pa_kod-cn-1901-20-00","12":"pa_masa-netto-284","13":"pa_objetosc-brutto-6567","14":"pa_producent-amylon-budynie-galaretkikisielecukry-skrobie","15":"pa_producent-nazwa-adres-amylon-a-s-ronov-nad-sazavou-czech-republic","16":"pa_tagi-bez-glutenu-deklaracja","17":"pa_tagi-bez-glutenu-w-skladnikach","18":"pa_tagi-wegetarianski","20":"first","21":"instock","22":"taxable","23":"shipping-taxable","24":"purchasable","25":"product-type-simple"},"acf":[],"_links":{"self":[{"href":"https:\/\/wiejskieprzysmaki.estima.site\/en\/wp-json\/wp\/v2\/product\/11402","targetHints":{"allow":["GET"]}}],"collection":[{"href":"https:\/\/wiejskieprzysmaki.estima.site\/en\/wp-json\/wp\/v2\/product"}],"about":[{"href":"https:\/\/wiejskieprzysmaki.estima.site\/en\/wp-json\/wp\/v2\/types\/product"}],"replies":[{"embeddable":true,"href":"https:\/\/wiejskieprzysmaki.estima.site\/en\/wp-json\/wp\/v2\/comments?post=11402"}],"wp:featuredmedia":[{"embeddable":true,"href":"https:\/\/wiejskieprzysmaki.estima.site\/en\/wp-json\/wp\/v2\/media\/11403"}],"wp:attachment":[{"href":"https:\/\/wiejskieprzysmaki.estima.site\/en\/wp-json\/wp\/v2\/media?parent=11402"}],"wp:term":[{"taxonomy":"product_brand","embeddable":true,"href":"https:\/\/wiejskieprzysmaki.estima.site\/en\/wp-json\/wp\/v2\/product_brand?post=11402"},{"taxonomy":"product_cat","embeddable":true,"href":"https:\/\/wiejskieprzysmaki.estima.site\/en\/wp-json\/wp\/v2\/product_cat?post=11402"},{"taxonomy":"product_tag","embeddable":true,"href":"https:\/\/wiejskieprzysmaki.estima.site\/en\/wp-json\/wp\/v2\/product_tag?post=11402"}],"curies":[{"name":"wp","href":"https:\/\/api.w.org\/{rel}","templated":true}]}}