{"id":11404,"date":"2025-02-18T12:32:17","date_gmt":"2025-02-18T11:32:17","guid":{"rendered":"https:\/\/wiejskieprzysmaki.estima.site\/produkt\/sezam-bialy-nieluskany-bio-400-g-bio-planet\/"},"modified":"2025-02-18T12:32:31","modified_gmt":"2025-02-18T11:32:31","slug":"sezam-bialy-nieluskany-bio-400-g-bio-planet","status":"publish","type":"product","link":"https:\/\/wiejskieprzysmaki.estima.site\/en\/product\/sezam-bialy-nieluskany-bio-400-g-bio-planet\/","title":{"rendered":"SEZAM BIA\u0141Y NIE\u0141USKANY BIO 400 g &#8211; BIO PLANET"},"content":{"rendered":"<p>SK\u0141ADNIKI<br \/>ekologiczne NASIONA SEZAMU bia\u0142ego nie\u0142uskanego 100 %. <\/p>\n<p>OPIS<br \/>Polecamy jako dodatek do makaron\u00f3w, zup, sa\u0142atek i przek\u0105sek. Przed spo\u017cyciem mo\u017cna podda\u0107 obr\u00f3bce termicznej.\t<\/p>\n<p>WARTO\u015a\u0106 OD\u017bYWCZA W 100 g<br \/>Warto\u015b\u0107 energetyczna \t2429 kJ\/588 kcal<br \/>T\u0142uszcz \t50 g<br \/>w tym kwasy t\u0142uszczowe nasycone \t6,8 g<br \/>W\u0119glowodany \t10 g<br \/>w tym cukry \t0,2 g<br \/>B\u0142onnik \t11 g<br \/>Bia\u0142ko \t18 g<br \/>S\u00f3l \t0,1 g<\/p>\n<p>INFORMACJA ALERGENNA<br \/>Produkt mo\u017ce zawiera\u0107: ZBO\u017bA ZAWIERAJ\u0104CE GLUTEN, ORZESZKI ZIEMNE, ORZECHY, SOJ\u0118.<\/p>\n<p>ZALECANE WARUNKI PRZECHOWYWANIA<br \/>Przechowywa\u0107 w suchym i ch\u0142odnym miejscu.<\/p>","protected":false},"excerpt":{"rendered":"<p>SK\u0141ADNIKIekologiczne NASIONA SEZAMU bia\u0142ego nie\u0142uskanego 100 %. OPISPolecamy jako dodatek do makaron\u00f3w, zup, sa\u0142atek i przek\u0105sek. Przed spo\u017cyciem mo\u017cna podda\u0107 obr\u00f3bce termicznej. WARTO\u015a\u0106 OD\u017bYWCZA W 100 gWarto\u015b\u0107 energetyczna 2429 kJ\/588 kcalT\u0142uszcz 50 gw tym kwasy t\u0142uszczowe nasycone 6,8 gW\u0119glowodany 10 gw tym cukry 0,2 gB\u0142onnik 11 gBia\u0142ko 18 gS\u00f3l 0,1 g INFORMACJA ALERGENNAProdukt mo\u017ce zawiera\u0107: [&hellip;]<\/p>","protected":false},"featured_media":677,"comment_status":"closed","ping_status":"open","template":"","meta":{"_acf_changed":false},"product_brand":[],"product_cat":[151],"product_tag":[],"class_list":{"0":"post-11404","1":"product","2":"type-product","3":"status-publish","4":"has-post-thumbnail","6":"product_cat-nasiona-i-ziarna","7":"pa_ean-matka-554","8":"pa_ean-matka-653","9":"pa_gwarancja-przydatnosci-311","10":"pa_ilosc-w-opakowaniu-298","11":"pa_jednostka-podstawowa-szt","12":"pa_kod-cn-1207-40-90","13":"pa_kraj-pochodzenia-skladnikow-uganda","14":"pa_masa-netto-268","15":"pa_objetosc-brutto-521","16":"pa_producent-bio-planet-seria-niebieska-ryze-kasze-ziarna","17":"pa_producent-nazwa-adres-bio-planet-s-a-wilkowa-wies-7-05-084-leszno","18":"pa_tagi-bez-cukru-w-skladnikach","19":"pa_tagi-bez-glutenu-w-skladnikach","20":"pa_tagi-certyfikat-bio","21":"pa_tagi-weganski","22":"pa_tagi-wegetarianski","24":"first","25":"instock","26":"taxable","27":"shipping-taxable","28":"purchasable","29":"product-type-simple"},"acf":[],"_links":{"self":[{"href":"https:\/\/wiejskieprzysmaki.estima.site\/en\/wp-json\/wp\/v2\/product\/11404","targetHints":{"allow":["GET"]}}],"collection":[{"href":"https:\/\/wiejskieprzysmaki.estima.site\/en\/wp-json\/wp\/v2\/product"}],"about":[{"href":"https:\/\/wiejskieprzysmaki.estima.site\/en\/wp-json\/wp\/v2\/types\/product"}],"replies":[{"embeddable":true,"href":"https:\/\/wiejskieprzysmaki.estima.site\/en\/wp-json\/wp\/v2\/comments?post=11404"}],"wp:featuredmedia":[{"embeddable":true,"href":"https:\/\/wiejskieprzysmaki.estima.site\/en\/wp-json\/wp\/v2\/media\/677"}],"wp:attachment":[{"href":"https:\/\/wiejskieprzysmaki.estima.site\/en\/wp-json\/wp\/v2\/media?parent=11404"}],"wp:term":[{"taxonomy":"product_brand","embeddable":true,"href":"https:\/\/wiejskieprzysmaki.estima.site\/en\/wp-json\/wp\/v2\/product_brand?post=11404"},{"taxonomy":"product_cat","embeddable":true,"href":"https:\/\/wiejskieprzysmaki.estima.site\/en\/wp-json\/wp\/v2\/product_cat?post=11404"},{"taxonomy":"product_tag","embeddable":true,"href":"https:\/\/wiejskieprzysmaki.estima.site\/en\/wp-json\/wp\/v2\/product_tag?post=11404"}],"curies":[{"name":"wp","href":"https:\/\/api.w.org\/{rel}","templated":true}]}}