{"id":11411,"date":"2025-02-18T12:32:31","date_gmt":"2025-02-18T11:32:31","guid":{"rendered":"https:\/\/wiejskieprzysmaki.estima.site\/produkt\/bialko-z-pestek-dyni-bio-150-g-bio-planet\/"},"modified":"2025-02-20T15:16:01","modified_gmt":"2025-02-20T14:16:01","slug":"bialko-z-pestek-dyni-bio-150-g-bio-planet","status":"publish","type":"product","link":"https:\/\/wiejskieprzysmaki.estima.site\/en\/product\/bialko-z-pestek-dyni-bio-150-g-bio-planet\/","title":{"rendered":"BIA\u0141KO Z PESTEK DYNI BIO 150 g &#8211; BIO PLANET"},"content":{"rendered":"<p>SK\u0141ADNIKI<br \/>ekologiczne bia\u0142ko z pestek dyni w proszku<\/p>\n<p>OPIS <br \/>&#8220;Bez dodatku cukr\u00f3w. Zawiera naturalnie wyst\u0119puj\u0105ce cukry. <br \/>Bia\u0142ko z ekologicznych pestek dyni pozostawia na d\u0142ugo uczucie syto\u015bci. Idealnie sprawdzi si\u0119 dla os\u00f3b b\u0119d\u0105cych na diecie wysokobia\u0142kowej, wega\u0144skiej, a tak\u017ce uprawiaj\u0105cych sport. Spos\u00f3b przygotowania: 5 \u0142y\u017ceczek (15 g) produktu wymiesza\u0107 z 200 ml soku, MLEKA, napoju ro\u015blinnego lub wody.&#8221;\t<\/p>\n<p>WARTO\u015a\u0106 OD\u017bYWCZA W 100 g<br \/>Warto\u015b\u0107 energetyczna &#8211; 1612 kJ\/383 kcal  <br \/>T\u0142uszcz &#8211; 9,3 g  <br \/>w tym kwasy t\u0142uszczowe nasycone &#8211; 1,3 g  <br \/>W\u0119glowodany &#8211; 4,9 g  <br \/>w tym cukry &#8211; 1,4 g  <br \/>B\u0142onnik &#8211; 10 g  <br \/>Bia\u0142ko &#8211; 65 g  <br \/>S\u00f3l &#8211; 0,06 g<\/p>\n<p>ZALECANE WARUNKI PRZECHOWYWANIA<br \/>Przechowywa\u0107 w suchym i ch\u0142odnym miejscu.<\/p>","protected":false},"excerpt":{"rendered":"<p>SK\u0141ADNIKIekologiczne bia\u0142ko z pestek dyni w proszku OPIS &#8220;Bez dodatku cukr\u00f3w. Zawiera naturalnie wyst\u0119puj\u0105ce cukry. Bia\u0142ko z ekologicznych pestek dyni pozostawia na d\u0142ugo uczucie syto\u015bci. Idealnie sprawdzi si\u0119 dla os\u00f3b b\u0119d\u0105cych na diecie wysokobia\u0142kowej, wega\u0144skiej, a tak\u017ce uprawiaj\u0105cych sport. Spos\u00f3b przygotowania: 5 \u0142y\u017ceczek (15 g) produktu wymiesza\u0107 z 200 ml soku, MLEKA, napoju ro\u015blinnego lub [&hellip;]<\/p>","protected":false},"featured_media":11412,"comment_status":"closed","ping_status":"open","template":"","meta":{"_acf_changed":false},"product_brand":[],"product_cat":[9057],"product_tag":[],"class_list":{"0":"post-11411","1":"product","2":"type-product","3":"status-publish","4":"has-post-thumbnail","6":"product_cat-suplementy-diety","7":"pa_ean-matka-8586","8":"pa_ean-matka-8585","9":"pa_gwarancja-przydatnosci-542","10":"pa_ilosc-w-opakowaniu-298","11":"pa_jednostka-podstawowa-szt","12":"pa_kod-cn-2106-10-20","13":"pa_kraj-pochodzenia-skladnikow-austria","14":"pa_masa-netto-197","15":"pa_objetosc-brutto-778","16":"pa_producent-bio-planet-seria-bialka","17":"pa_producent-nazwa-adres-bio-planet-s-a-wilkowa-wies-7-05-084-leszno","18":"pa_tagi-bez-cukru-w-skladnikach","19":"pa_tagi-bez-glutenu-w-skladnikach","20":"pa_tagi-certyfikat-bio","21":"pa_tagi-weganski","22":"pa_tagi-wegetarianski","24":"first","25":"instock","26":"taxable","27":"shipping-taxable","28":"purchasable","29":"product-type-simple"},"acf":[],"_links":{"self":[{"href":"https:\/\/wiejskieprzysmaki.estima.site\/en\/wp-json\/wp\/v2\/product\/11411","targetHints":{"allow":["GET"]}}],"collection":[{"href":"https:\/\/wiejskieprzysmaki.estima.site\/en\/wp-json\/wp\/v2\/product"}],"about":[{"href":"https:\/\/wiejskieprzysmaki.estima.site\/en\/wp-json\/wp\/v2\/types\/product"}],"replies":[{"embeddable":true,"href":"https:\/\/wiejskieprzysmaki.estima.site\/en\/wp-json\/wp\/v2\/comments?post=11411"}],"wp:featuredmedia":[{"embeddable":true,"href":"https:\/\/wiejskieprzysmaki.estima.site\/en\/wp-json\/wp\/v2\/media\/11412"}],"wp:attachment":[{"href":"https:\/\/wiejskieprzysmaki.estima.site\/en\/wp-json\/wp\/v2\/media?parent=11411"}],"wp:term":[{"taxonomy":"product_brand","embeddable":true,"href":"https:\/\/wiejskieprzysmaki.estima.site\/en\/wp-json\/wp\/v2\/product_brand?post=11411"},{"taxonomy":"product_cat","embeddable":true,"href":"https:\/\/wiejskieprzysmaki.estima.site\/en\/wp-json\/wp\/v2\/product_cat?post=11411"},{"taxonomy":"product_tag","embeddable":true,"href":"https:\/\/wiejskieprzysmaki.estima.site\/en\/wp-json\/wp\/v2\/product_tag?post=11411"}],"curies":[{"name":"wp","href":"https:\/\/api.w.org\/{rel}","templated":true}]}}