{"id":11425,"date":"2025-02-18T12:32:50","date_gmt":"2025-02-18T11:32:50","guid":{"rendered":"https:\/\/wiejskieprzysmaki.estima.site\/produkt\/mieszanka-nasion-pikantna-spicy-seeds-bio-200-g-diet-food\/"},"modified":"2025-02-18T12:32:55","modified_gmt":"2025-02-18T11:32:55","slug":"mieszanka-nasion-pikantna-spicy-seeds-bio-200-g-diet-food","status":"publish","type":"product","link":"https:\/\/wiejskieprzysmaki.estima.site\/en\/product\/mieszanka-nasion-pikantna-spicy-seeds-bio-200-g-diet-food\/","title":{"rendered":"MIESZANKA NASION PIKANTNA (SPICY SEEDS) BIO 200 g &#8211; DIET-FOOD"},"content":{"rendered":"<p>SK\u0141ADNIKI<br \/>s\u0142onecznik* 53 %, pra\u017cone chipsy kokosowe* 30 %, pestki dyni* 5 %, proszek pomidorowy*, papryka s\u0142odka*, papryka ostra* 2,5 %, substancja zag\u0119szczaj\u0105ca: guma ksantanowa, s\u00f3l. (*certyfikowany sk\u0142adnik ekologiczny)<\/p>\n<p>OPIS<br \/>W tej paczce umie\u015bcili\u015bmy dla Ciebie Bio Spicy Seeds czyli ekologiczne: nasiona s\u0142onecznika, pestki dyni oraz chipsy kokosowe wymieszane z w\u0119dzonymi i pikantnymi przyprawami pra\u017cone na specjalnej patelni bez u\u017cycia t\u0142uszczu. Spicy Seeds to zdrowa i smaczna alternatywa dla chips\u00f3w, chrupek i innych niezdrowych przek\u0105sek. Idealnie nadaje si\u0119 do spo\u017cywania w pracy, w podr\u00f3\u017cy czy jako dodatek do potraw\/sa\u0142atek.<br \/>Snack\u2019uj na zdrowie!<\/p>\n<p>WARTO\u015a\u0106 OD\u017bYWCZA w 100 g<br \/>Warto\u015b\u0107 energetyczna: 2292 kJ \/ 553 kcal<br \/>T\u0142uszcz: 44 g<br \/>w tym kwasy t\u0142uszczowe nasycone: 18 g<br \/>W\u0119glowodany: 21 g<br \/>w tym cukry: 4,4 g<br \/>B\u0142onnik: 8,0 g<br \/>Bia\u0142ko: 19 g<br \/>S\u00f3l: 0,5 g<\/p>\n<p>INFORMACJA ALERGENNA<br \/>Produkt mo\u017ce zawiera\u0107 ORZECHY, zbo\u017ca zawieraj\u0105ce gluten<\/p>\n<p>ZALECANE WARUNKI PRZECHOWYWANIA<br \/>Przechowywa\u0107 w suchym i ch\u0142odnym miejscu. Po u\u017cyciu szczelnie zamknij opakowanie. <\/p>","protected":false},"excerpt":{"rendered":"<p>SK\u0141ADNIKIs\u0142onecznik* 53 %, pra\u017cone chipsy kokosowe* 30 %, pestki dyni* 5 %, proszek pomidorowy*, papryka s\u0142odka*, papryka ostra* 2,5 %, substancja zag\u0119szczaj\u0105ca: guma ksantanowa, s\u00f3l. (*certyfikowany sk\u0142adnik ekologiczny) OPISW tej paczce umie\u015bcili\u015bmy dla Ciebie Bio Spicy Seeds czyli ekologiczne: nasiona s\u0142onecznika, pestki dyni oraz chipsy kokosowe wymieszane z w\u0119dzonymi i pikantnymi przyprawami pra\u017cone na specjalnej [&hellip;]<\/p>","protected":false},"featured_media":11426,"comment_status":"closed","ping_status":"open","template":"","meta":{"_acf_changed":false},"product_brand":[],"product_cat":[700,139],"product_tag":[],"class_list":{"0":"post-11425","1":"product","2":"type-product","3":"status-publish","4":"has-post-thumbnail","6":"product_cat-bakalie-w-czekol-i-kandyz","7":"product_cat-slodycze-i-przekaski","8":"pa_ean-matka-8595","9":"pa_gwarancja-przydatnosci-324","10":"pa_ilosc-w-opakowaniu-374","11":"pa_jednostka-podstawowa-szt","12":"pa_kod-cn-2106-90-92","13":"pa_masa-netto-354","14":"pa_objetosc-brutto-8384","15":"pa_producent-diet-food","16":"pa_producent-nazwa-adres-mipama-e-z-szafarz-spolka-jawna-rogatka-7a-62-860-opatowek-nip-968-08-78-323","17":"pa_tagi-bez-cukru-w-skladnikach","18":"pa_tagi-bez-glutenu-w-skladnikach","19":"pa_tagi-certyfikat-bio","20":"pa_tagi-weganski","21":"pa_tagi-wegetarianski","23":"first","24":"instock","25":"taxable","26":"shipping-taxable","27":"purchasable","28":"product-type-simple"},"acf":[],"_links":{"self":[{"href":"https:\/\/wiejskieprzysmaki.estima.site\/en\/wp-json\/wp\/v2\/product\/11425","targetHints":{"allow":["GET"]}}],"collection":[{"href":"https:\/\/wiejskieprzysmaki.estima.site\/en\/wp-json\/wp\/v2\/product"}],"about":[{"href":"https:\/\/wiejskieprzysmaki.estima.site\/en\/wp-json\/wp\/v2\/types\/product"}],"replies":[{"embeddable":true,"href":"https:\/\/wiejskieprzysmaki.estima.site\/en\/wp-json\/wp\/v2\/comments?post=11425"}],"wp:featuredmedia":[{"embeddable":true,"href":"https:\/\/wiejskieprzysmaki.estima.site\/en\/wp-json\/wp\/v2\/media\/11426"}],"wp:attachment":[{"href":"https:\/\/wiejskieprzysmaki.estima.site\/en\/wp-json\/wp\/v2\/media?parent=11425"}],"wp:term":[{"taxonomy":"product_brand","embeddable":true,"href":"https:\/\/wiejskieprzysmaki.estima.site\/en\/wp-json\/wp\/v2\/product_brand?post=11425"},{"taxonomy":"product_cat","embeddable":true,"href":"https:\/\/wiejskieprzysmaki.estima.site\/en\/wp-json\/wp\/v2\/product_cat?post=11425"},{"taxonomy":"product_tag","embeddable":true,"href":"https:\/\/wiejskieprzysmaki.estima.site\/en\/wp-json\/wp\/v2\/product_tag?post=11425"}],"curies":[{"name":"wp","href":"https:\/\/api.w.org\/{rel}","templated":true}]}}