{"id":11429,"date":"2025-02-18T12:32:50","date_gmt":"2025-02-18T11:32:50","guid":{"rendered":"https:\/\/wiejskieprzysmaki.estima.site\/produkt\/herbatka-dla-dzieci-owoce-lesne-z-malina-po-9-miesiacu-bio-20-x-2-g-40-g-apotheke\/"},"modified":"2025-02-18T12:32:59","modified_gmt":"2025-02-18T11:32:59","slug":"herbatka-dla-dzieci-owoce-lesne-z-malina-po-9-miesiacu-bio-20-x-2-g-40-g-apotheke","status":"publish","type":"product","link":"https:\/\/wiejskieprzysmaki.estima.site\/en\/product\/herbatka-dla-dzieci-owoce-lesne-z-malina-po-9-miesiacu-bio-20-x-2-g-40-g-apotheke\/","title":{"rendered":"HERBATKA DLA DZIECI &#8211; OWOCE LE\u015aNE Z MALIN\u0104 PO 9 MIESI\u0104CU BIO (20 x 2 g) 40 g &#8211; APOTHEKE"},"content":{"rendered":"<p>SK\u0141ADNIKI<br \/>owoc dzikiej r\u00f3\u017cy*, kwiat hibiskusa*, owoc rokitnika*, li\u015b\u0107 je\u017cyny* 10 %, li\u015b\u0107 truskawki* 5 %, ziele mi\u0119ty pieprzowej*, korze\u0144 lukrecji*, naturalny aromat malinowy 3 %, naturalny aromat truskawkowy 2 %, owoc maliny* 2 %, owoc bor\u00f3wki* 1 %. (*certyfikowany sk\u0142adnik ekologiczny)<\/p>\n<p>OPIS<br \/>Herbatka Bajkowa&nbsp;to kompozycja ekologicznych, suszonych owoc\u00f3w, m.in. dzikiej r\u00f3\u017cy, rokitnika, maliny, kt\u00f3re od dawna s\u0105 znane i cenione ze wzgl\u0119du na swoje w\u0142a\u015bciwo\u015bci.<br \/>Wa\u017cne jest prowadzenie zdrowego trybu \u017cycia i zr\u00f3wnowa\u017conego sposobu \u017cywienia.<br \/>Je\u015bli s\u0142odzisz herbatk\u0119 to nie podawaj jej niemowl\u0119tom w butelce ze smoczkiem, tylko u\u017cyj kubka.<br \/>Nadmierne spo\u017cywanie napoj\u00f3w z cukrem mo\u017ce prowadzi\u0107 do nasilenia pr\u00f3chnicy.<br \/>Maksymalna dawka cukru na 1 kubek (250 ml wody) wynosi 12,5 g (maks. 5 g\/100 ml)<\/p>\n<p>SPOS\u00d3B PRZYGOTOWANIA<br \/>1 saszetk\u0119 zala\u0107 250 ml wrz\u0105cej wody, pozostawi\u0107 na 10 minut do zaparzenia. <br \/>Dzieci powy\u017cej 9 miesi\u0105ca \u017cycia: 1 szklanka dziennie<br \/>Dzieci powy\u017cej 3 lat: 2 -3 szklanki dziennie. <\/p>\n<p>ZALECANE WARUNKI PRZECHOWYWANIA<br \/>Przechowywa\u0107 w suchym i ch\u0142odnym miejscu.<\/p>","protected":false},"excerpt":{"rendered":"<p>SK\u0141ADNIKIowoc dzikiej r\u00f3\u017cy*, kwiat hibiskusa*, owoc rokitnika*, li\u015b\u0107 je\u017cyny* 10 %, li\u015b\u0107 truskawki* 5 %, ziele mi\u0119ty pieprzowej*, korze\u0144 lukrecji*, naturalny aromat malinowy 3 %, naturalny aromat truskawkowy 2 %, owoc maliny* 2 %, owoc bor\u00f3wki* 1 %. (*certyfikowany sk\u0142adnik ekologiczny) OPISHerbatka Bajkowa&nbsp;to kompozycja ekologicznych, suszonych owoc\u00f3w, m.in. dzikiej r\u00f3\u017cy, rokitnika, maliny, kt\u00f3re od dawna [&hellip;]<\/p>","protected":false},"featured_media":11430,"comment_status":"closed","ping_status":"open","template":"","meta":{"_acf_changed":false},"product_brand":[],"product_cat":[1236,1237],"product_tag":[],"class_list":{"0":"post-11429","1":"product","2":"type-product","3":"status-publish","4":"has-post-thumbnail","6":"product_cat-produkty-dla-dzieci","7":"product_cat-zywnosc","8":"pa_ean-matka-8598","9":"pa_gwarancja-przydatnosci-522","10":"pa_ilosc-w-opakowaniu-350","11":"pa_jednostka-podstawowa-szt","12":"pa_kod-cn-2106-90-92","13":"pa_masa-netto-351","14":"pa_objetosc-brutto-1656","15":"pa_producent-apotheke-herbatki-dla-dzieci-doroslych-blonnik","16":"pa_producent-nazwa-adres-mediate","17":"pa_tagi-bez-cukru-w-skladnikach","18":"pa_tagi-bez-glutenu-w-skladnikach","19":"pa_tagi-certyfikat-bio","20":"pa_tagi-weganski","21":"pa_tagi-wegetarianski","23":"first","24":"instock","25":"taxable","26":"shipping-taxable","27":"purchasable","28":"product-type-simple"},"acf":[],"_links":{"self":[{"href":"https:\/\/wiejskieprzysmaki.estima.site\/en\/wp-json\/wp\/v2\/product\/11429","targetHints":{"allow":["GET"]}}],"collection":[{"href":"https:\/\/wiejskieprzysmaki.estima.site\/en\/wp-json\/wp\/v2\/product"}],"about":[{"href":"https:\/\/wiejskieprzysmaki.estima.site\/en\/wp-json\/wp\/v2\/types\/product"}],"replies":[{"embeddable":true,"href":"https:\/\/wiejskieprzysmaki.estima.site\/en\/wp-json\/wp\/v2\/comments?post=11429"}],"wp:featuredmedia":[{"embeddable":true,"href":"https:\/\/wiejskieprzysmaki.estima.site\/en\/wp-json\/wp\/v2\/media\/11430"}],"wp:attachment":[{"href":"https:\/\/wiejskieprzysmaki.estima.site\/en\/wp-json\/wp\/v2\/media?parent=11429"}],"wp:term":[{"taxonomy":"product_brand","embeddable":true,"href":"https:\/\/wiejskieprzysmaki.estima.site\/en\/wp-json\/wp\/v2\/product_brand?post=11429"},{"taxonomy":"product_cat","embeddable":true,"href":"https:\/\/wiejskieprzysmaki.estima.site\/en\/wp-json\/wp\/v2\/product_cat?post=11429"},{"taxonomy":"product_tag","embeddable":true,"href":"https:\/\/wiejskieprzysmaki.estima.site\/en\/wp-json\/wp\/v2\/product_tag?post=11429"}],"curies":[{"name":"wp","href":"https:\/\/api.w.org\/{rel}","templated":true}]}}