{"id":11459,"date":"2025-02-18T12:33:08","date_gmt":"2025-02-18T11:33:08","guid":{"rendered":"https:\/\/wiejskieprzysmaki.estima.site\/produkt\/paprykarz-roslinny-z-warzywami-i-ryzem-115-g-well-well\/"},"modified":"2025-02-18T12:33:24","modified_gmt":"2025-02-18T11:33:24","slug":"paprykarz-roslinny-z-warzywami-i-ryzem-115-g-well-well","status":"publish","type":"product","link":"https:\/\/wiejskieprzysmaki.estima.site\/en\/product\/paprykarz-roslinny-z-warzywami-i-ryzem-115-g-well-well\/","title":{"rendered":"PAPRYKARZ RO\u015aLINNY Z WARZYWAMI I RY\u017bEM 115 g &#8211; WELL WELL"},"content":{"rendered":"<p>SK\u0141ADNIKI <br \/>woda, ry\u017c gotowany 17 % (woda, ziarna ry\u017cu), olej rzepakowy, bia\u0142ko grochowe, warzywa suszone 3,3 % (pomidor, cebula, marchew, pietruszka, papryka), przyprawy (papryka czerwona, lubczyk, pieprz czarny, papryka chili), skrobia grochowa, aromaty, cukier, s\u00f3l, b\u0142onnik cytrusowy, psyllium, ocet jab\u0142kowo-spirytusowy, ekstrakty przypraw. <\/p>\n<p>OPIS <br \/>Produkt ro\u015blinny na bazie ry\u017cu i bia\u0142ka grochowego z dodatkiem warzyw. Produkt pasteryzowany. <br \/>Niska zawarto\u015b\u0107 cukr\u00f3w. Niska zawarto\u015b\u0107 t\u0142uszcz\u00f3w nasyconych. \u0179r\u00f3d\u0142o bia\u0142ka. <br \/>Zainspiruj si\u0119 &#8211; wypr\u00f3buj jako:<br \/>-sos do makaronu lub zapiekanki<br \/>-sk\u0142adnik zupy<br \/>-wytrawn\u0105 przek\u0105sk\u0119<br \/>-dodatek do pieczywa<\/p>\n<p>WARTO\u015a\u0106 OD\u017bYWCZA W 100 g <br \/>Warto\u015b\u0107 energetyczna: 837 kJ \/ 200 kcal&nbsp;<br \/>T\u0142uszcz: 13,6 g&nbsp;<br \/>w tym kwasy t\u0142uszczowe nasycone: 1,0 g&nbsp;<br \/>W\u0119glowodany: 10,6 g&nbsp;<br \/>w tym cukry: 2,3 g<br \/>B\u0142onnik: 2,8 g&nbsp;<br \/>Bia\u0142ko: 7,8 g&nbsp;<br \/>S\u00f3l: 1,6 g <\/p>\n<p>INFORMACJA ALERGENNA<br \/>Mo\u017ce zawiera\u0107 GLUTEN, SOJ\u0118, GORCZYC\u0118 i sezam. <\/p>\n<p>ZALECANE WARUNKI PRZECHOWYWANIA<br \/>Przechowywa\u0107 w temperaturze od +1 do +7\u2103. Nale\u017cy spo\u017cy\u0107 w ci\u0105gu 48 godzin po otwarciu. <\/p>","protected":false},"excerpt":{"rendered":"<p>SK\u0141ADNIKI woda, ry\u017c gotowany 17 % (woda, ziarna ry\u017cu), olej rzepakowy, bia\u0142ko grochowe, warzywa suszone 3,3 % (pomidor, cebula, marchew, pietruszka, papryka), przyprawy (papryka czerwona, lubczyk, pieprz czarny, papryka chili), skrobia grochowa, aromaty, cukier, s\u00f3l, b\u0142onnik cytrusowy, psyllium, ocet jab\u0142kowo-spirytusowy, ekstrakty przypraw. OPIS Produkt ro\u015blinny na bazie ry\u017cu i bia\u0142ka grochowego z dodatkiem warzyw. Produkt [&hellip;]<\/p>","protected":false},"featured_media":11460,"comment_status":"closed","ping_status":"open","template":"","meta":{"_acf_changed":false},"product_brand":[],"product_cat":[274,753],"product_tag":[],"class_list":{"0":"post-11459","1":"product","2":"type-product","3":"status-publish","4":"has-post-thumbnail","6":"product_cat-lodowka-inne","7":"product_cat-majonezy-hummusy-sosy-pasty","8":"pa_ean-matka-8616","9":"pa_gwarancja-przydatnosci-681","10":"pa_ilosc-w-opakowaniu-298","11":"pa_jednostka-podstawowa-szt","12":"pa_kod-cn-2007-99-50","13":"pa_masa-netto-387","14":"pa_objetosc-brutto-1393","15":"pa_producent-well-well-tofu-wedliny-pasty","16":"pa_producent-nazwa-adres-well-well-potraviny-hranicka-1713-751-31-lipnik-nad-becvou","17":"pa_tagi-bez-glutenu-w-skladnikach","18":"pa_tagi-weganski","19":"pa_tagi-wegetarianski","21":"first","22":"instock","23":"taxable","24":"shipping-taxable","25":"purchasable","26":"product-type-simple"},"acf":[],"_links":{"self":[{"href":"https:\/\/wiejskieprzysmaki.estima.site\/en\/wp-json\/wp\/v2\/product\/11459","targetHints":{"allow":["GET"]}}],"collection":[{"href":"https:\/\/wiejskieprzysmaki.estima.site\/en\/wp-json\/wp\/v2\/product"}],"about":[{"href":"https:\/\/wiejskieprzysmaki.estima.site\/en\/wp-json\/wp\/v2\/types\/product"}],"replies":[{"embeddable":true,"href":"https:\/\/wiejskieprzysmaki.estima.site\/en\/wp-json\/wp\/v2\/comments?post=11459"}],"wp:featuredmedia":[{"embeddable":true,"href":"https:\/\/wiejskieprzysmaki.estima.site\/en\/wp-json\/wp\/v2\/media\/11460"}],"wp:attachment":[{"href":"https:\/\/wiejskieprzysmaki.estima.site\/en\/wp-json\/wp\/v2\/media?parent=11459"}],"wp:term":[{"taxonomy":"product_brand","embeddable":true,"href":"https:\/\/wiejskieprzysmaki.estima.site\/en\/wp-json\/wp\/v2\/product_brand?post=11459"},{"taxonomy":"product_cat","embeddable":true,"href":"https:\/\/wiejskieprzysmaki.estima.site\/en\/wp-json\/wp\/v2\/product_cat?post=11459"},{"taxonomy":"product_tag","embeddable":true,"href":"https:\/\/wiejskieprzysmaki.estima.site\/en\/wp-json\/wp\/v2\/product_tag?post=11459"}],"curies":[{"name":"wp","href":"https:\/\/api.w.org\/{rel}","templated":true}]}}