{"id":1146,"date":"2025-02-18T10:34:47","date_gmt":"2025-02-18T09:34:47","guid":{"rendered":"https:\/\/wiejskieprzysmaki.estima.site\/produkt\/pomidory-bez-skory-bio-25-kg-horeca\/"},"modified":"2025-02-18T10:34:49","modified_gmt":"2025-02-18T09:34:49","slug":"pomidory-bez-skory-bio-25-kg-horeca","status":"publish","type":"product","link":"https:\/\/wiejskieprzysmaki.estima.site\/en\/product\/pomidory-bez-skory-bio-25-kg-horeca\/","title":{"rendered":"POMIDORY BEZ SK\u00d3RY BIO 2,5 kg &#8211; HORECA"},"content":{"rendered":"<p>SK\u0141ADNIKI<br \/>pomidory* (60 %), sok pomidorowy* (40 %). (*certyfikowany sk\u0142adnik ekologiczny)<\/p>\n<p>WARTO\u015a\u0106 OD\u017bYWCZA W 100 g<br \/>Warto\u015b\u0107 energetyczna: 100 kJ\/24 kcal  <br \/>T\u0142uszcz: 0,2 g  <br \/>w tym kwasy t\u0142uszczowe nasycone: 0 g  <br \/>W\u0119glowodany: 3,9 g  <br \/>w tym cukry: 3,9 g  <br \/>B\u0142onnik: 1,1 g  <br \/>Bia\u0142ko: 1,0 g  <br \/>S\u00f3l: 0,16 g<\/p>\n<p>ZALECANE WARUNKI PRZECHOWYWANIA  <br \/>Przechowywa\u0107 w suchym i ch\u0142odnym miejscu  <\/p>","protected":false},"excerpt":{"rendered":"<p>SK\u0141ADNIKIpomidory* (60 %), sok pomidorowy* (40 %). (*certyfikowany sk\u0142adnik ekologiczny) WARTO\u015a\u0106 OD\u017bYWCZA W 100 gWarto\u015b\u0107 energetyczna: 100 kJ\/24 kcal T\u0142uszcz: 0,2 g w tym kwasy t\u0142uszczowe nasycone: 0 g W\u0119glowodany: 3,9 g w tym cukry: 3,9 g B\u0142onnik: 1,1 g Bia\u0142ko: 1,0 g S\u00f3l: 0,16 g ZALECANE WARUNKI PRZECHOWYWANIA Przechowywa\u0107 w suchym i ch\u0142odnym miejscu<\/p>","protected":false},"featured_media":1147,"comment_status":"closed","ping_status":"open","template":"","meta":{"_acf_changed":false},"product_brand":[],"product_cat":[1061,180],"product_tag":[],"class_list":{"0":"post-1146","1":"product","2":"type-product","3":"status-publish","4":"has-post-thumbnail","6":"product_cat-marynowane-kiszone","7":"product_cat-warzywa-i-grzyby-przetworzone","8":"pa_ean-matka-1228","9":"pa_gwarancja-przydatnosci-301","10":"pa_ilosc-w-opakowaniu-340","11":"pa_jednostka-podstawowa-szt","12":"pa_kod-cn-2002-10-11","13":"pa_kraj-pochodzenia-skladnikow-wlochy","14":"pa_masa-netto-1178","15":"pa_objetosc-brutto-1179","16":"pa_producent-horeca-bio-pozostale","17":"pa_producent-nazwa-adres-horst-bode-import-export-gmbh-havighorster-weg-6-f-d-21031-hamburg","18":"pa_tagi-bez-cukru-w-skladnikach","19":"pa_tagi-bez-glutenu-w-skladnikach","20":"pa_tagi-certyfikat-bio","21":"pa_tagi-weganski","22":"pa_tagi-wegetarianski","24":"first","25":"instock","26":"taxable","27":"shipping-taxable","28":"purchasable","29":"product-type-simple"},"acf":[],"_links":{"self":[{"href":"https:\/\/wiejskieprzysmaki.estima.site\/en\/wp-json\/wp\/v2\/product\/1146","targetHints":{"allow":["GET"]}}],"collection":[{"href":"https:\/\/wiejskieprzysmaki.estima.site\/en\/wp-json\/wp\/v2\/product"}],"about":[{"href":"https:\/\/wiejskieprzysmaki.estima.site\/en\/wp-json\/wp\/v2\/types\/product"}],"replies":[{"embeddable":true,"href":"https:\/\/wiejskieprzysmaki.estima.site\/en\/wp-json\/wp\/v2\/comments?post=1146"}],"wp:featuredmedia":[{"embeddable":true,"href":"https:\/\/wiejskieprzysmaki.estima.site\/en\/wp-json\/wp\/v2\/media\/1147"}],"wp:attachment":[{"href":"https:\/\/wiejskieprzysmaki.estima.site\/en\/wp-json\/wp\/v2\/media?parent=1146"}],"wp:term":[{"taxonomy":"product_brand","embeddable":true,"href":"https:\/\/wiejskieprzysmaki.estima.site\/en\/wp-json\/wp\/v2\/product_brand?post=1146"},{"taxonomy":"product_cat","embeddable":true,"href":"https:\/\/wiejskieprzysmaki.estima.site\/en\/wp-json\/wp\/v2\/product_cat?post=1146"},{"taxonomy":"product_tag","embeddable":true,"href":"https:\/\/wiejskieprzysmaki.estima.site\/en\/wp-json\/wp\/v2\/product_tag?post=1146"}],"curies":[{"name":"wp","href":"https:\/\/api.w.org\/{rel}","templated":true}]}}