{"id":11465,"date":"2025-02-18T12:33:33","date_gmt":"2025-02-18T11:33:33","guid":{"rendered":"https:\/\/wiejskieprzysmaki.estima.site\/produkt\/pasta-ze-slonecznikiem-i-pomidorami-125-g-well-well\/"},"modified":"2025-02-18T12:33:37","modified_gmt":"2025-02-18T11:33:37","slug":"pasta-ze-slonecznikiem-i-pomidorami-125-g-well-well","status":"publish","type":"product","link":"https:\/\/wiejskieprzysmaki.estima.site\/en\/product\/pasta-ze-slonecznikiem-i-pomidorami-125-g-well-well\/","title":{"rendered":"PASTA ZE S\u0141ONECZNIKIEM I POMIDORAMI 125 g &#8211; WELL WELL"},"content":{"rendered":"<p>SK\u0141ADNIKI <br \/>woda, olej rzepakowy, pestki s\u0142onecznika 12,5 %, pomidory suszone 10 %, bia\u0142ko grochowe, skrobia ziemniaczana, s\u00f3l, sok z cytryny, b\u0142onnik grochowy, bazylia suszona, naturalny aromat, przyprawy (czosnek, pieprz bia\u0142y) <\/p>\n<p>OPIS <br \/>Produkt ro\u015blinny, pasteryzowany. <br \/>Bez dodatku konserwant\u00f3w. \u0179r\u00f3d\u0142o b\u0142onnika. <br \/>Zainspiruj si\u0119 &#8211; wypr\u00f3buj jako:<br \/>-sos do makaronu lub zapiekanki<br \/>-sk\u0142adnik zupy<br \/>-wytrawn\u0105 przek\u0105sk\u0119<br \/>-dodatek do pieczywa<\/p>\n<p>WARTO\u015a\u0106 OD\u017bYWCZA W 100 g<br \/>Warto\u015b\u0107 energetyczna: 1229 kJ\/298 kcal <br \/>T\u0142uszcz: 27,3 g <br \/>w tym kwasy t\u0142uszczowe nasycone: 2,0 g <br \/>W\u0119glowodany: 3,9 g <br \/>w tym cukry: 3,7 g <br \/>B\u0142onnik: 4,2 g<br \/>Bia\u0142ko: 7,1 g <br \/>S\u00f3l: 1,4 g <\/p>\n<p>INFORMACJA ALERGENNA<br \/>Mo\u017ce zawiera\u0107 GLUTEN, SOJ\u0118, GORCZYC\u0118 i SEZAM  <\/p>\n<p>ZALECANE WARUNKI PRZECHOWYWANIA<br \/>Przechowywa\u0107 w temperaturze od +1 do +7\u2103. Nale\u017cy spo\u017cy\u0107 w ci\u0105gu 48 godzin po otwarciu. <\/p>","protected":false},"excerpt":{"rendered":"<p>SK\u0141ADNIKI woda, olej rzepakowy, pestki s\u0142onecznika 12,5 %, pomidory suszone 10 %, bia\u0142ko grochowe, skrobia ziemniaczana, s\u00f3l, sok z cytryny, b\u0142onnik grochowy, bazylia suszona, naturalny aromat, przyprawy (czosnek, pieprz bia\u0142y) OPIS Produkt ro\u015blinny, pasteryzowany. Bez dodatku konserwant\u00f3w. \u0179r\u00f3d\u0142o b\u0142onnika. Zainspiruj si\u0119 &#8211; wypr\u00f3buj jako:-sos do makaronu lub zapiekanki-sk\u0142adnik zupy-wytrawn\u0105 przek\u0105sk\u0119-dodatek do pieczywa WARTO\u015a\u0106 OD\u017bYWCZA W [&hellip;]<\/p>","protected":false},"featured_media":11466,"comment_status":"closed","ping_status":"open","template":"","meta":{"_acf_changed":false},"product_brand":[],"product_cat":[274,753],"product_tag":[],"class_list":{"0":"post-11465","1":"product","2":"type-product","3":"status-publish","4":"has-post-thumbnail","6":"product_cat-lodowka-inne","7":"product_cat-majonezy-hummusy-sosy-pasty","8":"pa_ean-matka-8619","9":"pa_gwarancja-przydatnosci-681","10":"pa_ilosc-w-opakowaniu-298","11":"pa_jednostka-podstawowa-szt","12":"pa_kod-cn-2005-99-50","13":"pa_masa-netto-811","14":"pa_objetosc-brutto-1393","15":"pa_producent-well-well-tofu-wedliny-pasty","16":"pa_producent-nazwa-adres-well-well-potraviny-hranicka-1713-751-31-lipnik-nad-becvou","17":"pa_tagi-bez-cukru-w-skladnikach","18":"pa_tagi-bez-glutenu-w-skladnikach","19":"pa_tagi-weganski","20":"pa_tagi-wegetarianski","22":"first","23":"instock","24":"taxable","25":"shipping-taxable","26":"purchasable","27":"product-type-simple"},"acf":[],"_links":{"self":[{"href":"https:\/\/wiejskieprzysmaki.estima.site\/en\/wp-json\/wp\/v2\/product\/11465","targetHints":{"allow":["GET"]}}],"collection":[{"href":"https:\/\/wiejskieprzysmaki.estima.site\/en\/wp-json\/wp\/v2\/product"}],"about":[{"href":"https:\/\/wiejskieprzysmaki.estima.site\/en\/wp-json\/wp\/v2\/types\/product"}],"replies":[{"embeddable":true,"href":"https:\/\/wiejskieprzysmaki.estima.site\/en\/wp-json\/wp\/v2\/comments?post=11465"}],"wp:featuredmedia":[{"embeddable":true,"href":"https:\/\/wiejskieprzysmaki.estima.site\/en\/wp-json\/wp\/v2\/media\/11466"}],"wp:attachment":[{"href":"https:\/\/wiejskieprzysmaki.estima.site\/en\/wp-json\/wp\/v2\/media?parent=11465"}],"wp:term":[{"taxonomy":"product_brand","embeddable":true,"href":"https:\/\/wiejskieprzysmaki.estima.site\/en\/wp-json\/wp\/v2\/product_brand?post=11465"},{"taxonomy":"product_cat","embeddable":true,"href":"https:\/\/wiejskieprzysmaki.estima.site\/en\/wp-json\/wp\/v2\/product_cat?post=11465"},{"taxonomy":"product_tag","embeddable":true,"href":"https:\/\/wiejskieprzysmaki.estima.site\/en\/wp-json\/wp\/v2\/product_tag?post=11465"}],"curies":[{"name":"wp","href":"https:\/\/api.w.org\/{rel}","templated":true}]}}