{"id":11467,"date":"2025-02-18T12:33:33","date_gmt":"2025-02-18T11:33:33","guid":{"rendered":"https:\/\/wiejskieprzysmaki.estima.site\/produkt\/pasztet-slonecznikowy-z-grzybami-115-g-well-well\/"},"modified":"2025-02-18T12:33:42","modified_gmt":"2025-02-18T11:33:42","slug":"pasztet-slonecznikowy-z-grzybami-115-g-well-well","status":"publish","type":"product","link":"https:\/\/wiejskieprzysmaki.estima.site\/en\/product\/pasztet-slonecznikowy-z-grzybami-115-g-well-well\/","title":{"rendered":"PASZTET S\u0141ONECZNIKOWY Z GRZYBAMI 115 g &#8211; WELL WELL"},"content":{"rendered":"<p>SK\u0141ADNIKI <br \/>woda, nasiona s\u0142onecznika gotowane 36,2 % (woda, nasiona s\u0142onecznika), olej rzepakowy, skrobia kukurydziana, bia\u0142ko grochowe, suszone grzyby 1,8 %, warzywa suszone (cebula, lubczyk korze\u0144), maltodekstryna, aromaty, s\u00f3l, m\u0105ka ry\u017cowa, hydrolizat bia\u0142ka ro\u015blinnego (rzepak), cukier, ekstrakty przypraw, cukier palony, zag\u0119szczony sok cytrynowy, pieprz czarny mielony. <\/p>\n<p>OPIS <br \/>Produkt ro\u015blinny na bazie nasion s\u0142onecznika z dodatkiem suszonych grzyb\u00f3w. Produkt pasyteryzowany. <br \/>Niska zawarto\u015b\u0107 cukr\u00f3w. Bez dodatku konserwant\u00f3w. <br \/>Doskona\u0142a baza da\u0144 &#8211; wypr\u00f3buj jako:<br \/>-dip np. do makaronu\/zapiekanek<br \/>-sk\u0142adnik zupy\/kremu<br \/>-wytrawn\u0105 przek\u0105sk\u0119<br \/>-dodatek do pieczywa<\/p>\n<p>WARTO\u015a\u0106 OD\u017bYWCZA W 100 g<br \/>Warto\u015b\u0107 energetyczna: 1000 kJ \/ 240 kcal&nbsp;<br \/>T\u0142uszcz: 20,6 g&nbsp;<br \/>w tym kwasy t\u0142uszczowe nasycone: 1,9 g&nbsp;<br \/>W\u0119glowodany: 5,7 g&nbsp;<br \/>w tym cukry: 1,1 g&nbsp;<br \/>B\u0142onnik: 4,0 g<br \/>Bia\u0142ko: 6,5 g&nbsp;<br \/>S\u00f3l: 1,4 g <\/p>\n<p>INFORMACJA ALERGENNA<br \/>Mo\u017ce zawiera\u0107 GLUTEN, SOJ\u0118, GORCZYC\u0118, sezam<\/p>\n<p>ZALECANE WARUNKI PRZECHOWYWANIA<br \/>Przechowywa\u0107 w temperaturze od +1 do +7\u2103. Nale\u017cy spo\u017cy\u0107 w ci\u0105gu 48 godzin po otwarciu. <\/p>","protected":false},"excerpt":{"rendered":"<p>SK\u0141ADNIKI woda, nasiona s\u0142onecznika gotowane 36,2 % (woda, nasiona s\u0142onecznika), olej rzepakowy, skrobia kukurydziana, bia\u0142ko grochowe, suszone grzyby 1,8 %, warzywa suszone (cebula, lubczyk korze\u0144), maltodekstryna, aromaty, s\u00f3l, m\u0105ka ry\u017cowa, hydrolizat bia\u0142ka ro\u015blinnego (rzepak), cukier, ekstrakty przypraw, cukier palony, zag\u0119szczony sok cytrynowy, pieprz czarny mielony. OPIS Produkt ro\u015blinny na bazie nasion s\u0142onecznika z dodatkiem suszonych [&hellip;]<\/p>","protected":false},"featured_media":11468,"comment_status":"closed","ping_status":"open","template":"","meta":{"_acf_changed":false},"product_brand":[],"product_cat":[274,484],"product_tag":[],"class_list":{"0":"post-11467","1":"product","2":"type-product","3":"status-publish","4":"has-post-thumbnail","6":"product_cat-lodowka-inne","7":"product_cat-roslinne-alternatywy-sera-miesa","8":"pa_ean-matka-8620","9":"pa_gwarancja-przydatnosci-681","10":"pa_ilosc-w-opakowaniu-298","11":"pa_jednostka-podstawowa-szt","12":"pa_kod-cn-2005-99-50","13":"pa_masa-netto-387","14":"pa_objetosc-brutto-1393","15":"pa_producent-well-well-tofu-wedliny-pasty","16":"pa_producent-nazwa-adres-well-well-potraviny-hranicka-1713-751-31-lipnik-nad-becvou","17":"pa_tagi-bez-glutenu-w-skladnikach","18":"pa_tagi-weganski","19":"pa_tagi-wegetarianski","21":"first","22":"instock","23":"taxable","24":"shipping-taxable","25":"purchasable","26":"product-type-simple"},"acf":[],"_links":{"self":[{"href":"https:\/\/wiejskieprzysmaki.estima.site\/en\/wp-json\/wp\/v2\/product\/11467","targetHints":{"allow":["GET"]}}],"collection":[{"href":"https:\/\/wiejskieprzysmaki.estima.site\/en\/wp-json\/wp\/v2\/product"}],"about":[{"href":"https:\/\/wiejskieprzysmaki.estima.site\/en\/wp-json\/wp\/v2\/types\/product"}],"replies":[{"embeddable":true,"href":"https:\/\/wiejskieprzysmaki.estima.site\/en\/wp-json\/wp\/v2\/comments?post=11467"}],"wp:featuredmedia":[{"embeddable":true,"href":"https:\/\/wiejskieprzysmaki.estima.site\/en\/wp-json\/wp\/v2\/media\/11468"}],"wp:attachment":[{"href":"https:\/\/wiejskieprzysmaki.estima.site\/en\/wp-json\/wp\/v2\/media?parent=11467"}],"wp:term":[{"taxonomy":"product_brand","embeddable":true,"href":"https:\/\/wiejskieprzysmaki.estima.site\/en\/wp-json\/wp\/v2\/product_brand?post=11467"},{"taxonomy":"product_cat","embeddable":true,"href":"https:\/\/wiejskieprzysmaki.estima.site\/en\/wp-json\/wp\/v2\/product_cat?post=11467"},{"taxonomy":"product_tag","embeddable":true,"href":"https:\/\/wiejskieprzysmaki.estima.site\/en\/wp-json\/wp\/v2\/product_tag?post=11467"}],"curies":[{"name":"wp","href":"https:\/\/api.w.org\/{rel}","templated":true}]}}