{"id":11477,"date":"2025-02-18T12:33:33","date_gmt":"2025-02-18T11:33:33","guid":{"rendered":"https:\/\/wiejskieprzysmaki.estima.site\/produkt\/tofu-naturalne-200-g-well-well\/"},"modified":"2025-02-18T12:33:57","modified_gmt":"2025-02-18T11:33:57","slug":"tofu-naturalne-200-g-well-well","status":"publish","type":"product","link":"https:\/\/wiejskieprzysmaki.estima.site\/en\/product\/tofu-naturalne-200-g-well-well\/","title":{"rendered":"TOFU NATURALNE 200 g &#8211; WELL WELL"},"content":{"rendered":"<p>SK\u0141ADNIKI <br \/>ziarno SOI, woda, substancja wi\u0105\u017c\u0105ca: siarczan wapnia <\/p>\n<p>OPIS <br \/>\u0179r\u00f3d\u0142o bia\u0142ka i wapnia. Niska zawarto\u015b\u0107 t\u0142uszcz\u00f3w nasyconych. <\/p>\n<p>SPOS\u00d3B PRZYGOTOWANIA<br \/>Tofu osuszy\u0107, kroi\u0107 w kostk\u0119 lub plastry. Sma\u017cy\u0107 lub grillowa\u0107 po zamarynowaniu. <\/p>\n<p>WARTO\u015a\u0106 OD\u017bYWCZA W 100 g<br \/>Warto\u015b\u0107 energetyczna: 525 kJ\/125 kcal<br \/>T\u0142uszcz: 6,8 g <br \/>w tym kwasy t\u0142uszczowe nasycone: 1,1 g <br \/>W\u0119glowodany: 2,4 g <br \/>w tym cukry: 0,5 g <br \/>B\u0142onnik: 0,5 g<br \/>Bia\u0142ko: 13,5 g <br \/>S\u00f3l: 0,01 g <br \/>Wap\u0144: 200 mg (25 %)**<br \/>**dzienna referencyjna warto\u015b\u0107 spo\u017cycia <\/p>\n<p>INFORMACJA ALERGENNA<br \/>Mo\u017ce zawiera\u0107 GLUTEN i gorczyc\u0119<\/p>\n<p>ZALECANE WARUNKI PRZECHOWYWANIA<br \/>Przechowywa\u0107 w temperaturze od +1 do +7\u2103. Nale\u017cy spo\u017cy\u0107 w ci\u0105gu 48 godzin po otwarciu. <\/p>","protected":false},"excerpt":{"rendered":"<p>SK\u0141ADNIKI ziarno SOI, woda, substancja wi\u0105\u017c\u0105ca: siarczan wapnia OPIS \u0179r\u00f3d\u0142o bia\u0142ka i wapnia. Niska zawarto\u015b\u0107 t\u0142uszcz\u00f3w nasyconych. SPOS\u00d3B PRZYGOTOWANIATofu osuszy\u0107, kroi\u0107 w kostk\u0119 lub plastry. Sma\u017cy\u0107 lub grillowa\u0107 po zamarynowaniu. WARTO\u015a\u0106 OD\u017bYWCZA W 100 gWarto\u015b\u0107 energetyczna: 525 kJ\/125 kcalT\u0142uszcz: 6,8 g w tym kwasy t\u0142uszczowe nasycone: 1,1 g W\u0119glowodany: 2,4 g w tym cukry: 0,5 [&hellip;]<\/p>","protected":false},"featured_media":11478,"comment_status":"closed","ping_status":"open","template":"","meta":{"_acf_changed":false},"product_brand":[],"product_cat":[274,484],"product_tag":[],"class_list":{"0":"post-11477","1":"product","2":"type-product","3":"status-publish","4":"has-post-thumbnail","6":"product_cat-lodowka-inne","7":"product_cat-roslinne-alternatywy-sera-miesa","8":"pa_ean-matka-8627","9":"pa_gwarancja-przydatnosci-481","10":"pa_ilosc-w-opakowaniu-366","11":"pa_jednostka-podstawowa-szt","12":"pa_kod-cn-2106-10-20","13":"pa_masa-netto-354","14":"pa_objetosc-brutto-439","15":"pa_producent-well-well-tofu-wedliny-pasty","16":"pa_producent-nazwa-adres-well-well-potraviny-hranicka-1713-751-31-lipnik-nad-becvou","17":"pa_tagi-bez-cukru-w-skladnikach","18":"pa_tagi-bez-glutenu-w-skladnikach","19":"pa_tagi-weganski","20":"pa_tagi-wegetarianski","22":"first","23":"instock","24":"taxable","25":"shipping-taxable","26":"purchasable","27":"product-type-simple"},"acf":[],"_links":{"self":[{"href":"https:\/\/wiejskieprzysmaki.estima.site\/en\/wp-json\/wp\/v2\/product\/11477","targetHints":{"allow":["GET"]}}],"collection":[{"href":"https:\/\/wiejskieprzysmaki.estima.site\/en\/wp-json\/wp\/v2\/product"}],"about":[{"href":"https:\/\/wiejskieprzysmaki.estima.site\/en\/wp-json\/wp\/v2\/types\/product"}],"replies":[{"embeddable":true,"href":"https:\/\/wiejskieprzysmaki.estima.site\/en\/wp-json\/wp\/v2\/comments?post=11477"}],"wp:featuredmedia":[{"embeddable":true,"href":"https:\/\/wiejskieprzysmaki.estima.site\/en\/wp-json\/wp\/v2\/media\/11478"}],"wp:attachment":[{"href":"https:\/\/wiejskieprzysmaki.estima.site\/en\/wp-json\/wp\/v2\/media?parent=11477"}],"wp:term":[{"taxonomy":"product_brand","embeddable":true,"href":"https:\/\/wiejskieprzysmaki.estima.site\/en\/wp-json\/wp\/v2\/product_brand?post=11477"},{"taxonomy":"product_cat","embeddable":true,"href":"https:\/\/wiejskieprzysmaki.estima.site\/en\/wp-json\/wp\/v2\/product_cat?post=11477"},{"taxonomy":"product_tag","embeddable":true,"href":"https:\/\/wiejskieprzysmaki.estima.site\/en\/wp-json\/wp\/v2\/product_tag?post=11477"}],"curies":[{"name":"wp","href":"https:\/\/api.w.org\/{rel}","templated":true}]}}