{"id":11483,"date":"2025-02-18T12:34:04","date_gmt":"2025-02-18T11:34:04","guid":{"rendered":"https:\/\/wiejskieprzysmaki.estima.site\/produkt\/wedlina-roslinna-z-pieprzem-100-g-well-well\/"},"modified":"2025-02-18T12:34:04","modified_gmt":"2025-02-18T11:34:04","slug":"wedlina-roslinna-z-pieprzem-100-g-well-well","status":"publish","type":"product","link":"https:\/\/wiejskieprzysmaki.estima.site\/en\/product\/wedlina-roslinna-z-pieprzem-100-g-well-well\/","title":{"rendered":"W\u0118DLINA RO\u015aLINNA Z PIEPRZEM 100 g &#8211; WELL WELL"},"content":{"rendered":"<p>SK\u0141ADNIKI <br \/>woda, bia\u0142ko grochowe 7 %, olej rzepakowy, substancja zag\u0119szczaj\u0105ce (karagen, konjac, guma ksantanowa), b\u0142onnik cytrusowy, s\u00f3l, aromaty, ocet winny bia\u0142y, pieprz kolorowy 0,7 %, glukoza, warzywa suszone (cebula, czosnek), ekstrakt z rzodkiewki, przyprawy (pieprz bia\u0142y, imbir, kardamon), ekstrakty przypraw, przeciwutleniacz: kwas askorbinowy, b\u0142onnik z babki lancetowatej. <\/p>\n<p>OPIS <br \/>Produkt ro\u015blinny na bazie bia\u0142ka grochowego. Pakowany w atmosferze ochronnej. <br \/>\u0179r\u00f3d\u0142o bia\u0142ka i b\u0142onnika. Niska zawarto\u015b\u0107 t\u0142uszcz\u00f3w nasyconych. <br \/>Zainspiruj si\u0119 &#8211; wypr\u00f3buj w daniach na zimno:<br \/>-na kanapce<br \/>-w formie koreczk\u00f3w<br \/>-jako roladki z nadzieniem z pasty i warzyw<\/p>\n<p>WARTO\u015a\u0106 OD\u017bYWCZA W 100 g<br \/>Warto\u015b\u0107 energetyczna: 413 kJ \/ 99 kcal <br \/>T\u0142uszcz: 6,6 g <br \/>w tym kwasy t\u0142uszczowe nasycone: 0,5 g <br \/>W\u0119glowodany: 0,7 g <br \/>w tym cukry: 0,7 g <br \/>B\u0142onnik: 9,1 g<br \/>Bia\u0142ko: 5,8 g <br \/>S\u00f3l: 2,3 g <\/p>\n<p>INFORMACJA ALERGENNA<br \/>Mo\u017ce zawiera\u0107 GLUTEN, SOJ\u0118, GORCZYC\u0118 i sezam. <\/p>\n<p>ZALECANE WARUNKI PRZECHOWYWANIA<br \/>Przechowywa\u0107 w temperaturze od +1 do +7\u2103. Nale\u017cy spo\u017cy\u0107 w ci\u0105gu 48 godzin po otwarciu. <\/p>","protected":false},"excerpt":{"rendered":"<p>SK\u0141ADNIKI woda, bia\u0142ko grochowe 7 %, olej rzepakowy, substancja zag\u0119szczaj\u0105ce (karagen, konjac, guma ksantanowa), b\u0142onnik cytrusowy, s\u00f3l, aromaty, ocet winny bia\u0142y, pieprz kolorowy 0,7 %, glukoza, warzywa suszone (cebula, czosnek), ekstrakt z rzodkiewki, przyprawy (pieprz bia\u0142y, imbir, kardamon), ekstrakty przypraw, przeciwutleniacz: kwas askorbinowy, b\u0142onnik z babki lancetowatej. OPIS Produkt ro\u015blinny na bazie bia\u0142ka grochowego. Pakowany [&hellip;]<\/p>","protected":false},"featured_media":11484,"comment_status":"closed","ping_status":"open","template":"","meta":{"_acf_changed":false},"product_brand":[],"product_cat":[274,484],"product_tag":[],"class_list":{"0":"post-11483","1":"product","2":"type-product","3":"status-publish","4":"has-post-thumbnail","6":"product_cat-lodowka-inne","7":"product_cat-roslinne-alternatywy-sera-miesa","8":"pa_ean-matka-8630","9":"pa_gwarancja-przydatnosci-681","10":"pa_ilosc-w-opakowaniu-331","11":"pa_jednostka-podstawowa-szt","12":"pa_kod-cn-2106-10-20","13":"pa_masa-netto-242","14":"pa_objetosc-brutto-8621","15":"pa_producent-well-well-tofu-wedliny-pasty","16":"pa_producent-nazwa-adres-well-well-potraviny-hranicka-1713-751-31-lipnik-nad-becvou","17":"pa_tagi-bez-glutenu-w-skladnikach","18":"pa_tagi-weganski","19":"pa_tagi-wegetarianski","21":"first","22":"instock","23":"taxable","24":"shipping-taxable","25":"purchasable","26":"product-type-simple"},"acf":[],"_links":{"self":[{"href":"https:\/\/wiejskieprzysmaki.estima.site\/en\/wp-json\/wp\/v2\/product\/11483","targetHints":{"allow":["GET"]}}],"collection":[{"href":"https:\/\/wiejskieprzysmaki.estima.site\/en\/wp-json\/wp\/v2\/product"}],"about":[{"href":"https:\/\/wiejskieprzysmaki.estima.site\/en\/wp-json\/wp\/v2\/types\/product"}],"replies":[{"embeddable":true,"href":"https:\/\/wiejskieprzysmaki.estima.site\/en\/wp-json\/wp\/v2\/comments?post=11483"}],"wp:featuredmedia":[{"embeddable":true,"href":"https:\/\/wiejskieprzysmaki.estima.site\/en\/wp-json\/wp\/v2\/media\/11484"}],"wp:attachment":[{"href":"https:\/\/wiejskieprzysmaki.estima.site\/en\/wp-json\/wp\/v2\/media?parent=11483"}],"wp:term":[{"taxonomy":"product_brand","embeddable":true,"href":"https:\/\/wiejskieprzysmaki.estima.site\/en\/wp-json\/wp\/v2\/product_brand?post=11483"},{"taxonomy":"product_cat","embeddable":true,"href":"https:\/\/wiejskieprzysmaki.estima.site\/en\/wp-json\/wp\/v2\/product_cat?post=11483"},{"taxonomy":"product_tag","embeddable":true,"href":"https:\/\/wiejskieprzysmaki.estima.site\/en\/wp-json\/wp\/v2\/product_tag?post=11483"}],"curies":[{"name":"wp","href":"https:\/\/api.w.org\/{rel}","templated":true}]}}