{"id":11489,"date":"2025-02-18T12:34:04","date_gmt":"2025-02-18T11:34:04","guid":{"rendered":"https:\/\/wiejskieprzysmaki.estima.site\/produkt\/bulki-do-hot-dogow-bezglutenowe-4-szt-260-g-balviten\/"},"modified":"2025-02-18T12:34:07","modified_gmt":"2025-02-18T11:34:07","slug":"bulki-do-hot-dogow-bezglutenowe-4-szt-260-g-balviten","status":"publish","type":"product","link":"https:\/\/wiejskieprzysmaki.estima.site\/en\/product\/bulki-do-hot-dogow-bezglutenowe-4-szt-260-g-balviten\/","title":{"rendered":"BU\u0141KI DO HOT DOG\u00d3W BEZGLUTENOWE (4 szt.) 260 g &#8211; BALVITEN"},"content":{"rendered":"<p>SK\u0141ADNIKI<br \/>woda, skrobia kukurydziana, naturalny zakwas chleba: woda, m\u0105ka ry\u017cowa, m\u0105ka gryczana, m\u0105ka ry\u017cowa, syrop cukru inwertowanego, b\u0142onnik jab\u0142kowy, skrobia ry\u017cowa, olej rzepakowy, bia\u0142ko SOJOWE, cukier, substancja zag\u0119szczaj\u0105ca: hydroksypropylometyloceluloza, dro\u017cd\u017ce, s\u00f3l, b\u0142onnik grochowy. <\/p>\n<p>OPIS<br \/>Produkt gotowy do spo\u017cycia. <br \/>Pakowano w atmosferze ochronnej. <\/p>\n<p>WARTO\u015a\u0106 OD\u017bYWCZA W 100 g<br \/>Warto\u015b\u0107 energetyczna: 1100 kJ\/261 kcal  <br \/>T\u0142uszcz: 3,9 g  <br \/>w tym kwasy t\u0142uszczowe nasycone: 0,4 g  <br \/>W\u0119glowodany: 48 g  <br \/>w tym cukry: 6,0 g  <br \/>B\u0142onnik: 5,6 g<br \/>Bia\u0142ko: 5,1 g  <br \/>S\u00f3l: 0,6 g<\/p>\n<p>INFORMACJA ALERGENNA<br \/>Mo\u017ce zawiera\u0107 NASIONA SEZAMU, migda\u0142y<\/p>\n<p>ZALECANE WARUNKI PRZECHOWYWANIA<br \/>Przechowywa\u0107 w suchym, ch\u0142odnym i zacienionym miejscu. Po otwarciu spo\u017cy\u0107 w ci\u0105gu 48 godzin. <\/p>","protected":false},"excerpt":{"rendered":"<p>SK\u0141ADNIKIwoda, skrobia kukurydziana, naturalny zakwas chleba: woda, m\u0105ka ry\u017cowa, m\u0105ka gryczana, m\u0105ka ry\u017cowa, syrop cukru inwertowanego, b\u0142onnik jab\u0142kowy, skrobia ry\u017cowa, olej rzepakowy, bia\u0142ko SOJOWE, cukier, substancja zag\u0119szczaj\u0105ca: hydroksypropylometyloceluloza, dro\u017cd\u017ce, s\u00f3l, b\u0142onnik grochowy. OPISProdukt gotowy do spo\u017cycia. Pakowano w atmosferze ochronnej. WARTO\u015a\u0106 OD\u017bYWCZA W 100 gWarto\u015b\u0107 energetyczna: 1100 kJ\/261 kcal T\u0142uszcz: 3,9 g w tym kwasy [&hellip;]<\/p>","protected":false},"featured_media":11490,"comment_status":"closed","ping_status":"open","template":"","meta":{"_acf_changed":false},"product_brand":[],"product_cat":[1437,64],"product_tag":[],"class_list":{"0":"post-11489","1":"product","2":"type-product","3":"status-publish","4":"has-post-thumbnail","6":"product_cat-chleby-bulki","7":"product_cat-pieczywo","8":"pa_ean-matka-8635","9":"pa_gwarancja-przydatnosci-535","10":"pa_ilosc-w-opakowaniu-331","11":"pa_jednostka-podstawowa-szt","12":"pa_kod-cn-1905-90-30","13":"pa_masa-netto-756","14":"pa_objetosc-brutto-8136","15":"pa_producent-balviten-chleby-mieszanki-do-wypieku","16":"pa_producent-nazwa-adres-balviten-aleja-wojciecha-korfantego-191-40-153-katowice","17":"pa_tagi-bez-glutenu-deklaracja","18":"pa_tagi-bez-glutenu-w-skladnikach","19":"pa_tagi-weganski","20":"pa_tagi-wegetarianski","22":"first","23":"instock","24":"taxable","25":"shipping-taxable","26":"purchasable","27":"product-type-simple"},"acf":[],"_links":{"self":[{"href":"https:\/\/wiejskieprzysmaki.estima.site\/en\/wp-json\/wp\/v2\/product\/11489","targetHints":{"allow":["GET"]}}],"collection":[{"href":"https:\/\/wiejskieprzysmaki.estima.site\/en\/wp-json\/wp\/v2\/product"}],"about":[{"href":"https:\/\/wiejskieprzysmaki.estima.site\/en\/wp-json\/wp\/v2\/types\/product"}],"replies":[{"embeddable":true,"href":"https:\/\/wiejskieprzysmaki.estima.site\/en\/wp-json\/wp\/v2\/comments?post=11489"}],"wp:featuredmedia":[{"embeddable":true,"href":"https:\/\/wiejskieprzysmaki.estima.site\/en\/wp-json\/wp\/v2\/media\/11490"}],"wp:attachment":[{"href":"https:\/\/wiejskieprzysmaki.estima.site\/en\/wp-json\/wp\/v2\/media?parent=11489"}],"wp:term":[{"taxonomy":"product_brand","embeddable":true,"href":"https:\/\/wiejskieprzysmaki.estima.site\/en\/wp-json\/wp\/v2\/product_brand?post=11489"},{"taxonomy":"product_cat","embeddable":true,"href":"https:\/\/wiejskieprzysmaki.estima.site\/en\/wp-json\/wp\/v2\/product_cat?post=11489"},{"taxonomy":"product_tag","embeddable":true,"href":"https:\/\/wiejskieprzysmaki.estima.site\/en\/wp-json\/wp\/v2\/product_tag?post=11489"}],"curies":[{"name":"wp","href":"https:\/\/api.w.org\/{rel}","templated":true}]}}