{"id":11491,"date":"2025-02-18T12:34:04","date_gmt":"2025-02-18T11:34:04","guid":{"rendered":"https:\/\/wiejskieprzysmaki.estima.site\/produkt\/czekolada-ciemna-80-bio-40-g-cocoa\/"},"modified":"2025-02-18T12:34:08","modified_gmt":"2025-02-18T11:34:08","slug":"czekolada-ciemna-80-bio-40-g-cocoa","status":"publish","type":"product","link":"https:\/\/wiejskieprzysmaki.estima.site\/en\/product\/czekolada-ciemna-80-bio-40-g-cocoa\/","title":{"rendered":"CZEKOLADA CIEMNA 80 % BIO 40 g &#8211; COCOA"},"content":{"rendered":"<p>SK\u0141ADNIKI<br \/>niepra\u017cone ziarno kakao*, cukier kokosowy*, t\u0142uszcz kakaowy*. (*certyfikowany sk\u0142adnik ekologiczny)<br \/>Masa kakaowa minimum 80 %. <\/p>\n<p>OPIS<br \/>Gorzka czekolada 80 % bez dodatk\u00f3w. Wega\u0144ska, klasyczna, bogata w smaku. Stworzona dla mi\u0142o\u015bnik\u00f3w g\u0142\u0119bokiego smaku gorzkiej czekolady.&nbsp;<br \/>Nasza autorska surowa czekolada to prawdziwa gratka dla mi\u0142o\u015bnik\u00f3w czekolad! Jest subtelna w smaku i pozbawiona mocnej goryczy. Surowa czekolada zapewnia nam intensywny smak ziaren peruwia\u0144skiego kakaowca. Gwarantujemy, \u017ce ta kombinacja zaskoczy\u0142a pozytywnie ju\u017c niejednego smakosza s\u0142odkich przek\u0105sek!<\/p>\n<p>WARTO\u015a\u0106 OD\u017bYWCZA W 100 g<br \/>Warto\u015b\u0107 energetyczna: 2537 kJ\/612 kcal<br \/>T\u0142uszcz: 49 g<br \/>w tym kwasy t\u0142uszczowe nasycone: 32 g<br \/>W\u0119glowodany: 29 g<br \/>w tym cukry: 19 g<br \/>B\u0142onnik: 9,2 g<br \/>Bia\u0142ko: 8,7 g<br \/>S\u00f3l: 0,2 g<\/p>\n<p>INFORMACJA ALERGENNA<br \/>Mo\u017ce zawiera\u0107 ORZESZKI ZIEMNE i inne orzechy<\/p>\n<p>ZALECANE WARUNKI PRZECHOWYWANIA<br \/>Przechowywa\u0107 w suchym i ch\u0142odnym miejscu<\/p>","protected":false},"excerpt":{"rendered":"<p>SK\u0141ADNIKIniepra\u017cone ziarno kakao*, cukier kokosowy*, t\u0142uszcz kakaowy*. (*certyfikowany sk\u0142adnik ekologiczny)Masa kakaowa minimum 80 %. OPISGorzka czekolada 80 % bez dodatk\u00f3w. Wega\u0144ska, klasyczna, bogata w smaku. Stworzona dla mi\u0142o\u015bnik\u00f3w g\u0142\u0119bokiego smaku gorzkiej czekolady.&nbsp;Nasza autorska surowa czekolada to prawdziwa gratka dla mi\u0142o\u015bnik\u00f3w czekolad! Jest subtelna w smaku i pozbawiona mocnej goryczy. Surowa czekolada zapewnia nam intensywny smak [&hellip;]<\/p>","protected":false},"featured_media":11492,"comment_status":"closed","ping_status":"open","template":"","meta":{"_acf_changed":false},"product_brand":[],"product_cat":[1187,139],"product_tag":[],"class_list":{"0":"post-11491","1":"product","2":"type-product","3":"status-publish","4":"has-post-thumbnail","6":"product_cat-czekolady-i-czekoladki","7":"product_cat-slodycze-i-przekaski","8":"pa_ean-matka-8636","9":"pa_gwarancja-przydatnosci-311","10":"pa_ilosc-w-opakowaniu-3660","11":"pa_jednostka-podstawowa-szt","12":"pa_kod-cn-1806-32-90","13":"pa_masa-netto-351","14":"pa_objetosc-brutto-2480","15":"pa_producent-cocoa-czekolady-i-bakalie-w-surowej-czekoladzie","16":"pa_producent-nazwa-adres-surovital-m-rendak-k-szwed-s-c","17":"pa_tagi-bez-glutenu-w-skladnikach","18":"pa_tagi-certyfikat-bio","19":"pa_tagi-weganski","20":"pa_tagi-wegetarianski","22":"first","23":"instock","24":"taxable","25":"shipping-taxable","26":"purchasable","27":"product-type-simple"},"acf":[],"_links":{"self":[{"href":"https:\/\/wiejskieprzysmaki.estima.site\/en\/wp-json\/wp\/v2\/product\/11491","targetHints":{"allow":["GET"]}}],"collection":[{"href":"https:\/\/wiejskieprzysmaki.estima.site\/en\/wp-json\/wp\/v2\/product"}],"about":[{"href":"https:\/\/wiejskieprzysmaki.estima.site\/en\/wp-json\/wp\/v2\/types\/product"}],"replies":[{"embeddable":true,"href":"https:\/\/wiejskieprzysmaki.estima.site\/en\/wp-json\/wp\/v2\/comments?post=11491"}],"wp:featuredmedia":[{"embeddable":true,"href":"https:\/\/wiejskieprzysmaki.estima.site\/en\/wp-json\/wp\/v2\/media\/11492"}],"wp:attachment":[{"href":"https:\/\/wiejskieprzysmaki.estima.site\/en\/wp-json\/wp\/v2\/media?parent=11491"}],"wp:term":[{"taxonomy":"product_brand","embeddable":true,"href":"https:\/\/wiejskieprzysmaki.estima.site\/en\/wp-json\/wp\/v2\/product_brand?post=11491"},{"taxonomy":"product_cat","embeddable":true,"href":"https:\/\/wiejskieprzysmaki.estima.site\/en\/wp-json\/wp\/v2\/product_cat?post=11491"},{"taxonomy":"product_tag","embeddable":true,"href":"https:\/\/wiejskieprzysmaki.estima.site\/en\/wp-json\/wp\/v2\/product_tag?post=11491"}],"curies":[{"name":"wp","href":"https:\/\/api.w.org\/{rel}","templated":true}]}}