{"id":11544,"date":"2025-02-18T12:35:05","date_gmt":"2025-02-18T11:35:05","guid":{"rendered":"https:\/\/wiejskieprzysmaki.estima.site\/produkt\/weganska-alternatywa-serka-smietankowego-z-pomidorami-bio-140-g-bert\/"},"modified":"2025-02-18T12:35:09","modified_gmt":"2025-02-18T11:35:09","slug":"weganska-alternatywa-serka-smietankowego-z-pomidorami-bio-140-g-bert","status":"publish","type":"product","link":"https:\/\/wiejskieprzysmaki.estima.site\/en\/product\/weganska-alternatywa-serka-smietankowego-z-pomidorami-bio-140-g-bert\/","title":{"rendered":"WEGA\u0143SKA ALTERNATYWA SERKA \u015aMIETANKOWEGO Z POMIDORAMI BIO 140 g &#8211; BERT"},"content":{"rendered":"<p>SK\u0141ADNIKI<br \/>ORZECHY NERKOWCA* 51 %, woda, olej kokosowy* 4 %, suszone p\u0142atki pomidorowe* 2 %, p\u0142atki cebuli*, cebula w proszku*, czosnek w proszku*, s\u00f3l, wega\u0144skie kultury fermentacyjne. (*certyfikowany sk\u0142adnik ekologiczny)<\/p>\n<p>OPIS<br \/>Odkryj wyj\u0105tkowy smak i kremow\u0105 konsystencj\u0119 naszej wega\u0144skiej alternatywy dla serka \u015bmietankowego, przygotowanej z orzech\u00f3w NERKOWCA i wzbogaconej aromatycznymi suszonymi pomidorami. To doskona\u0142y wyb\u00f3r dla wszystkich, kt\u00f3rzy pragn\u0105 cieszy\u0107 si\u0119 delikatnym, aksamitnym serkiem bez rezygnowania z ro\u015blinnej diety. Wyj\u0105tkowa kompozycja sk\u0142adnik\u00f3w nadaje produktowi intensywny, lekko orzechowy smak z nut\u0105 \u015br\u00f3dziemnomorskiej \u015bwie\u017co\u015bci, idealny do smarowania pieczywa, jako dodatek do kanapek, sos\u00f3w czy warzyw. Spr\u00f3buj i przekonaj si\u0119, \u017ce ro\u015blinna alternatywa mo\u017ce by\u0107 r\u00f3wnie smaczna, co tradycyjne produkty mleczne!<\/p>\n<p>WARTO\u015a\u0106 OD\u017bYWCZA w 100 g<br \/>Warto\u015b\u0107 energetyczna: 1459 kJ \/ 349 kcal<br \/>T\u0142uszcz: 31,1 g<br \/>w tym kwasy t\u0142uszczowe nasycone: 2,2 g<br \/>W\u0119glowodany: 3,7 g<br \/>w tym cukry: 2,2 g<br \/>Bia\u0142ko: 11,6 g<br \/>S\u00f3l: 1,0 g<\/p>\n<p>INFORMACJA ALERGENNA<br \/>Mo\u017ce zawiera\u0107 MIGDA\u0141Y i ORZECHY laskowe.<\/p>\n<p>ZALECANE WARUNKI PRZECHOWYWANIA<br \/>Przechowywa\u0107 w temperaturze od +2\u00b0C do +6\u00b0C. Po otwarciu spo\u017cy\u0107 w ci\u0105gu 3 dni.<\/p>","protected":false},"excerpt":{"rendered":"<p>SK\u0141ADNIKIORZECHY NERKOWCA* 51 %, woda, olej kokosowy* 4 %, suszone p\u0142atki pomidorowe* 2 %, p\u0142atki cebuli*, cebula w proszku*, czosnek w proszku*, s\u00f3l, wega\u0144skie kultury fermentacyjne. (*certyfikowany sk\u0142adnik ekologiczny) OPISOdkryj wyj\u0105tkowy smak i kremow\u0105 konsystencj\u0119 naszej wega\u0144skiej alternatywy dla serka \u015bmietankowego, przygotowanej z orzech\u00f3w NERKOWCA i wzbogaconej aromatycznymi suszonymi pomidorami. To doskona\u0142y wyb\u00f3r dla wszystkich, [&hellip;]<\/p>","protected":false},"featured_media":11545,"comment_status":"closed","ping_status":"open","template":"","meta":{"_acf_changed":false},"product_brand":[],"product_cat":[274,484],"product_tag":[],"class_list":{"0":"post-11544","1":"product","2":"type-product","3":"status-publish","4":"has-post-thumbnail","6":"product_cat-lodowka-inne","7":"product_cat-roslinne-alternatywy-sera-miesa","8":"pa_ean-matka-8679","9":"pa_gwarancja-przydatnosci-8668","10":"pa_ilosc-w-opakowaniu-331","11":"pa_jednostka-podstawowa-szt","12":"pa_kod-cn-2106-90-98","13":"pa_masa-netto-1330","14":"pa_objetosc-brutto-7058","15":"pa_producent-bert-nabial-roslinny","16":"pa_producent-nazwa-adres-s-c-biotrio-tm-s-r-l-str-martir-ion-miron-nr-39-timisoara-timis","17":"pa_tagi-bez-cukru-w-skladnikach","18":"pa_tagi-bez-glutenu-w-skladnikach","19":"pa_tagi-certyfikat-bio","20":"pa_tagi-weganski","21":"pa_tagi-wegetarianski","23":"first","24":"instock","25":"taxable","26":"shipping-taxable","27":"purchasable","28":"product-type-simple"},"acf":[],"_links":{"self":[{"href":"https:\/\/wiejskieprzysmaki.estima.site\/en\/wp-json\/wp\/v2\/product\/11544","targetHints":{"allow":["GET"]}}],"collection":[{"href":"https:\/\/wiejskieprzysmaki.estima.site\/en\/wp-json\/wp\/v2\/product"}],"about":[{"href":"https:\/\/wiejskieprzysmaki.estima.site\/en\/wp-json\/wp\/v2\/types\/product"}],"replies":[{"embeddable":true,"href":"https:\/\/wiejskieprzysmaki.estima.site\/en\/wp-json\/wp\/v2\/comments?post=11544"}],"wp:featuredmedia":[{"embeddable":true,"href":"https:\/\/wiejskieprzysmaki.estima.site\/en\/wp-json\/wp\/v2\/media\/11545"}],"wp:attachment":[{"href":"https:\/\/wiejskieprzysmaki.estima.site\/en\/wp-json\/wp\/v2\/media?parent=11544"}],"wp:term":[{"taxonomy":"product_brand","embeddable":true,"href":"https:\/\/wiejskieprzysmaki.estima.site\/en\/wp-json\/wp\/v2\/product_brand?post=11544"},{"taxonomy":"product_cat","embeddable":true,"href":"https:\/\/wiejskieprzysmaki.estima.site\/en\/wp-json\/wp\/v2\/product_cat?post=11544"},{"taxonomy":"product_tag","embeddable":true,"href":"https:\/\/wiejskieprzysmaki.estima.site\/en\/wp-json\/wp\/v2\/product_tag?post=11544"}],"curies":[{"name":"wp","href":"https:\/\/api.w.org\/{rel}","templated":true}]}}