{"id":1155,"date":"2025-02-18T10:34:47","date_gmt":"2025-02-18T09:34:47","guid":{"rendered":"https:\/\/wiejskieprzysmaki.estima.site\/produkt\/sos-pomidorowy-passata-bio-680-g-la-bio-idea\/"},"modified":"2025-02-18T10:34:53","modified_gmt":"2025-02-18T09:34:53","slug":"sos-pomidorowy-passata-bio-680-g-la-bio-idea","status":"publish","type":"product","link":"https:\/\/wiejskieprzysmaki.estima.site\/en\/product\/sos-pomidorowy-passata-bio-680-g-la-bio-idea\/","title":{"rendered":"SOS POMIDOROWY PASSATA BIO 680 g &#8211; LA BIO IDEA"},"content":{"rendered":"<p>SK\u0141ADNIKI<br \/>pomidory* 100 % (*certyfikowany sk\u0142adnik ekologiczny)<\/p>\n<p>OPIS<br \/>Ekologiczny sos z zag\u0119szczonych pomidor\u00f3w. Wy\u015bmienicie smakuje z makaronem. Stanowi r\u00f3wnie\u017c doskona\u0142\u0105 baz\u0119 dla innych sos\u00f3w, np. z dodatkiem warzyw (bak\u0142a\u017can, cukinia, papryka) i aromatycznych, \u015bwie\u017cych zi\u00f3\u0142 (bazylia, rozmaryn i tymianek).<\/p>\n<p>WARTO\u015a\u0106 OD\u017bYWCZA W 100 g<br \/>Warto\u015b\u0107 energetyczna: 129 kJ\/31 kcal  <br \/>T\u0142uszcz: 0,5 g  <br \/>w tym nasycone kwasy t\u0142uszczowe: 0,3 g  <br \/>W\u0119glowodany: 4,5 g  <br \/>w tym cukry: 3,3 g  <br \/>Bia\u0142ko: 1,4 g  <br \/>S\u00f3l: <0,1 g\n\nZALECANE WARUNKI PRZECHOWYWANIA<br \/>Przechowywa\u0107 w suchym i ch\u0142odnym miejscu.<\/p>","protected":false},"excerpt":{"rendered":"<p>SK\u0141ADNIKIpomidory* 100 % (*certyfikowany sk\u0142adnik ekologiczny) OPISEkologiczny sos z zag\u0119szczonych pomidor\u00f3w. Wy\u015bmienicie smakuje z makaronem. Stanowi r\u00f3wnie\u017c doskona\u0142\u0105 baz\u0119 dla innych sos\u00f3w, np. z dodatkiem warzyw (bak\u0142a\u017can, cukinia, papryka) i aromatycznych, \u015bwie\u017cych zi\u00f3\u0142 (bazylia, rozmaryn i tymianek). WARTO\u015a\u0106 OD\u017bYWCZA W 100 gWarto\u015b\u0107 energetyczna: 129 kJ\/31 kcal T\u0142uszcz: 0,5 g w tym nasycone kwasy t\u0142uszczowe: 0,3 [&hellip;]<\/p>","protected":false},"featured_media":1156,"comment_status":"closed","ping_status":"open","template":"","meta":{"_acf_changed":false},"product_brand":[],"product_cat":[95,94],"product_tag":[],"class_list":{"0":"post-1155","1":"product","2":"type-product","3":"status-publish","4":"has-post-thumbnail","6":"product_cat-ketchupy-koncentraty-sosy-pomidorowe","7":"product_cat-sosy","8":"pa_ean-matka-1241","9":"pa_gwarancja-przydatnosci-718","10":"pa_ilosc-w-opakowaniu-374","11":"pa_jednostka-podstawowa-szt","12":"pa_kod-cn-2002-90-19","13":"pa_kraj-pochodzenia-skladnikow-wlochy","14":"pa_masa-netto-1165","15":"pa_objetosc-brutto-1240","16":"pa_producent-la-bio-idea-makarony-straczkowesosy-pomidorowe","17":"pa_producent-nazwa-adres-do-it-consumer-products-bv-hermesweg-7-3771-nd-barneveld","18":"pa_tagi-bez-cukru-w-skladnikach","19":"pa_tagi-bez-glutenu-w-skladnikach","20":"pa_tagi-certyfikat-bio","21":"pa_tagi-weganski","22":"pa_tagi-wegetarianski","24":"first","25":"instock","26":"taxable","27":"shipping-taxable","28":"purchasable","29":"product-type-simple"},"acf":[],"_links":{"self":[{"href":"https:\/\/wiejskieprzysmaki.estima.site\/en\/wp-json\/wp\/v2\/product\/1155","targetHints":{"allow":["GET"]}}],"collection":[{"href":"https:\/\/wiejskieprzysmaki.estima.site\/en\/wp-json\/wp\/v2\/product"}],"about":[{"href":"https:\/\/wiejskieprzysmaki.estima.site\/en\/wp-json\/wp\/v2\/types\/product"}],"replies":[{"embeddable":true,"href":"https:\/\/wiejskieprzysmaki.estima.site\/en\/wp-json\/wp\/v2\/comments?post=1155"}],"wp:featuredmedia":[{"embeddable":true,"href":"https:\/\/wiejskieprzysmaki.estima.site\/en\/wp-json\/wp\/v2\/media\/1156"}],"wp:attachment":[{"href":"https:\/\/wiejskieprzysmaki.estima.site\/en\/wp-json\/wp\/v2\/media?parent=1155"}],"wp:term":[{"taxonomy":"product_brand","embeddable":true,"href":"https:\/\/wiejskieprzysmaki.estima.site\/en\/wp-json\/wp\/v2\/product_brand?post=1155"},{"taxonomy":"product_cat","embeddable":true,"href":"https:\/\/wiejskieprzysmaki.estima.site\/en\/wp-json\/wp\/v2\/product_cat?post=1155"},{"taxonomy":"product_tag","embeddable":true,"href":"https:\/\/wiejskieprzysmaki.estima.site\/en\/wp-json\/wp\/v2\/product_tag?post=1155"}],"curies":[{"name":"wp","href":"https:\/\/api.w.org\/{rel}","templated":true}]}}