{"id":11607,"date":"2025-02-18T12:35:45","date_gmt":"2025-02-18T11:35:45","guid":{"rendered":"https:\/\/wiejskieprzysmaki.estima.site\/produkt\/pasztet-weganski-z-pestek-dyni-bio-200-g-poloniak\/"},"modified":"2025-02-18T12:35:53","modified_gmt":"2025-02-18T11:35:53","slug":"pasztet-weganski-z-pestek-dyni-bio-200-g-poloniak","status":"publish","type":"product","link":"https:\/\/wiejskieprzysmaki.estima.site\/en\/product\/pasztet-weganski-z-pestek-dyni-bio-200-g-poloniak\/","title":{"rendered":"PASZTET WEGA\u0143SKI Z PESTEK DYNI BIO 200 g &#8211; POLONIAK"},"content":{"rendered":"<p>SK\u0141ADNIKI<br \/>pestki dyni* (49 %), kaszka kukurydziana*, olej rzepakowy*, olej kokosowy*, otr\u0119by gryczane*, cebula*, majeranek*, ga\u0142ka muszkato\u0142owa*, pieprz*, s\u00f3l. (*certyfikowany sk\u0142adnik ekologiczny)<\/p>\n<p>OPIS<br \/>Do spo\u017cycia na ciep\u0142o i na zimno. <\/p>\n<p>WARTO\u015a\u0106 OD\u017bYWCZA w 100 g <br \/>Warto\u015b\u0107 energetyczna: 1394 kJ \/ 332 kcal<br \/>T\u0142uszcz: 20 g<br \/>w tym kwasy t\u0142uszczowe nasycone: 4,2 g<br \/>W\u0119glowodany: 28 g<br \/>w tym cukry: 0,1 g<br \/>Bia\u0142ko: 8,5 g<br \/>S\u00f3l: 0,8 g<\/p>\n<p>ZALECANE WARUNKI PRZECHOWYWANIA<br \/>Przechowywa\u0107 w temperaturze +2 \u00b0C do +8 \u00b0C. Po otwarciu przechowywa\u0107 w lod\u00f3wce i spo\u017cy\u0107 w ci\u0105gu 2 dni<\/p>","protected":false},"excerpt":{"rendered":"<p>SK\u0141ADNIKIpestki dyni* (49 %), kaszka kukurydziana*, olej rzepakowy*, olej kokosowy*, otr\u0119by gryczane*, cebula*, majeranek*, ga\u0142ka muszkato\u0142owa*, pieprz*, s\u00f3l. (*certyfikowany sk\u0142adnik ekologiczny) OPISDo spo\u017cycia na ciep\u0142o i na zimno. WARTO\u015a\u0106 OD\u017bYWCZA w 100 g Warto\u015b\u0107 energetyczna: 1394 kJ \/ 332 kcalT\u0142uszcz: 20 gw tym kwasy t\u0142uszczowe nasycone: 4,2 gW\u0119glowodany: 28 gw tym cukry: 0,1 gBia\u0142ko: 8,5 [&hellip;]<\/p>","protected":false},"featured_media":11608,"comment_status":"closed","ping_status":"open","template":"","meta":{"_acf_changed":false},"product_brand":[],"product_cat":[274,753],"product_tag":[],"class_list":{"0":"post-11607","1":"product","2":"type-product","3":"status-publish","4":"has-post-thumbnail","6":"product_cat-lodowka-inne","7":"product_cat-majonezy-hummusy-sosy-pasty","8":"pa_ean-matka-8721","9":"pa_gwarancja-przydatnosci-535","10":"pa_ilosc-w-opakowaniu-374","11":"pa_jednostka-podstawowa-szt","12":"pa_kod-cn-2005-99-50","13":"pa_masa-netto-354","14":"pa_objetosc-brutto-2530","15":"pa_producent-poloniak-produkty-vege-majonezy","16":"pa_producent-nazwa-adres-poloniak-pl-irena-szymczykiewicz-tyl-sobieskiego-114-17-00-764-warszawa","17":"pa_tagi-bez-cukru-w-skladnikach","18":"pa_tagi-bez-glutenu-w-skladnikach","19":"pa_tagi-certyfikat-bio","20":"pa_tagi-weganski","21":"pa_tagi-wegetarianski","23":"first","24":"instock","25":"taxable","26":"shipping-taxable","27":"purchasable","28":"product-type-simple"},"acf":[],"_links":{"self":[{"href":"https:\/\/wiejskieprzysmaki.estima.site\/en\/wp-json\/wp\/v2\/product\/11607","targetHints":{"allow":["GET"]}}],"collection":[{"href":"https:\/\/wiejskieprzysmaki.estima.site\/en\/wp-json\/wp\/v2\/product"}],"about":[{"href":"https:\/\/wiejskieprzysmaki.estima.site\/en\/wp-json\/wp\/v2\/types\/product"}],"replies":[{"embeddable":true,"href":"https:\/\/wiejskieprzysmaki.estima.site\/en\/wp-json\/wp\/v2\/comments?post=11607"}],"wp:featuredmedia":[{"embeddable":true,"href":"https:\/\/wiejskieprzysmaki.estima.site\/en\/wp-json\/wp\/v2\/media\/11608"}],"wp:attachment":[{"href":"https:\/\/wiejskieprzysmaki.estima.site\/en\/wp-json\/wp\/v2\/media?parent=11607"}],"wp:term":[{"taxonomy":"product_brand","embeddable":true,"href":"https:\/\/wiejskieprzysmaki.estima.site\/en\/wp-json\/wp\/v2\/product_brand?post=11607"},{"taxonomy":"product_cat","embeddable":true,"href":"https:\/\/wiejskieprzysmaki.estima.site\/en\/wp-json\/wp\/v2\/product_cat?post=11607"},{"taxonomy":"product_tag","embeddable":true,"href":"https:\/\/wiejskieprzysmaki.estima.site\/en\/wp-json\/wp\/v2\/product_tag?post=11607"}],"curies":[{"name":"wp","href":"https:\/\/api.w.org\/{rel}","templated":true}]}}