{"id":11625,"date":"2025-02-18T12:36:02","date_gmt":"2025-02-18T11:36:02","guid":{"rendered":"https:\/\/wiejskieprzysmaki.estima.site\/produkt\/dzem-malinowy-o-obnizonej-zawartosci-cukru-235-g-krokus\/"},"modified":"2025-02-18T12:36:04","modified_gmt":"2025-02-18T11:36:04","slug":"dzem-malinowy-o-obnizonej-zawartosci-cukru-235-g-krokus","status":"publish","type":"product","link":"https:\/\/wiejskieprzysmaki.estima.site\/en\/product\/dzem-malinowy-o-obnizonej-zawartosci-cukru-235-g-krokus\/","title":{"rendered":"D\u017bEM MALINOWY O OBNI\u017bONEJ ZAWARTO\u015aCI CUKRU 235 g &#8211; KROKUS"},"content":{"rendered":"<p>SK\u0141ADNIKI<br \/>maliny (51 %), cukier, sok z cytryny, substancja \u017celuj\u0105ca: pektyny.<\/p>\n<p>OPIS<br \/>Produkt zawiera ponad 30 % mniej cukr\u00f3w ni\u017c d\u017cemy o \u0142\u0105cznej zawarto\u015bci cukr\u00f3w 60 g na 100 g produktu. <br \/>Sporz\u0105dzono z 51 g owoc\u00f3w na 100 g produktu. <\/p>\n<p>WARTO\u015a\u0106 OD\u017bYWCZA w 100 g <br \/>Warto\u015b\u0107 energetyczna: 595 kJ \/ 140 kcal<br \/>T\u0142uszcz: 0 g<br \/>w tym kwasy t\u0142uszczowe nasycone: 0 g<br \/>W\u0119glowodany: 35 g<br \/>w tym cukry: 34 g<br \/>Bia\u0142ko: 0 g<br \/>S\u00f3l: 0 g<\/p>\n<p>ZALECANE WARUNKI PRZECHOWYWANIA<br \/>Przechowywa\u0107 w zacienionym miejscu. Po otwarciu przechowywa\u0107 w lod\u00f3wce i spo\u017cy\u0107 w ci\u0105gu 5 dni. <\/p>","protected":false},"excerpt":{"rendered":"<p>SK\u0141ADNIKImaliny (51 %), cukier, sok z cytryny, substancja \u017celuj\u0105ca: pektyny. OPISProdukt zawiera ponad 30 % mniej cukr\u00f3w ni\u017c d\u017cemy o \u0142\u0105cznej zawarto\u015bci cukr\u00f3w 60 g na 100 g produktu. Sporz\u0105dzono z 51 g owoc\u00f3w na 100 g produktu. WARTO\u015a\u0106 OD\u017bYWCZA w 100 g Warto\u015b\u0107 energetyczna: 595 kJ \/ 140 kcalT\u0142uszcz: 0 gw tym kwasy t\u0142uszczowe [&hellip;]<\/p>","protected":false},"featured_media":11626,"comment_status":"closed","ping_status":"open","template":"","meta":{"_acf_changed":false},"product_brand":[],"product_cat":[999,998],"product_tag":[],"class_list":{"0":"post-11625","1":"product","2":"type-product","3":"status-publish","4":"has-post-thumbnail","6":"product_cat-dzemy-konfitury-musy","7":"product_cat-przetwory-warzywne-i-owocowe","8":"pa_ean-matka-8731","9":"pa_gwarancja-przydatnosci-473","10":"pa_ilosc-w-opakowaniu-298","11":"pa_jednostka-podstawowa-szt","12":"pa_kod-cn-2007-99-35","13":"pa_kraj-pochodzenia-skladnikow-polska","14":"pa_masa-netto-5900","15":"pa_objetosc-brutto-5901","16":"pa_producent-krokus-przetwory-owocowe-i-warzywne","17":"pa_producent-nazwa-adres-krokus-przetwornia-owocow-i-warzyw-czeslaw-caryk-sp-j-pajakow-25-b-26-704-przylek","18":"pa_tagi-bez-glutenu-w-skladnikach","19":"pa_tagi-weganski","20":"pa_tagi-wegetarianski","22":"first","23":"instock","24":"taxable","25":"shipping-taxable","26":"purchasable","27":"product-type-simple"},"acf":[],"_links":{"self":[{"href":"https:\/\/wiejskieprzysmaki.estima.site\/en\/wp-json\/wp\/v2\/product\/11625","targetHints":{"allow":["GET"]}}],"collection":[{"href":"https:\/\/wiejskieprzysmaki.estima.site\/en\/wp-json\/wp\/v2\/product"}],"about":[{"href":"https:\/\/wiejskieprzysmaki.estima.site\/en\/wp-json\/wp\/v2\/types\/product"}],"replies":[{"embeddable":true,"href":"https:\/\/wiejskieprzysmaki.estima.site\/en\/wp-json\/wp\/v2\/comments?post=11625"}],"wp:featuredmedia":[{"embeddable":true,"href":"https:\/\/wiejskieprzysmaki.estima.site\/en\/wp-json\/wp\/v2\/media\/11626"}],"wp:attachment":[{"href":"https:\/\/wiejskieprzysmaki.estima.site\/en\/wp-json\/wp\/v2\/media?parent=11625"}],"wp:term":[{"taxonomy":"product_brand","embeddable":true,"href":"https:\/\/wiejskieprzysmaki.estima.site\/en\/wp-json\/wp\/v2\/product_brand?post=11625"},{"taxonomy":"product_cat","embeddable":true,"href":"https:\/\/wiejskieprzysmaki.estima.site\/en\/wp-json\/wp\/v2\/product_cat?post=11625"},{"taxonomy":"product_tag","embeddable":true,"href":"https:\/\/wiejskieprzysmaki.estima.site\/en\/wp-json\/wp\/v2\/product_tag?post=11625"}],"curies":[{"name":"wp","href":"https:\/\/api.w.org\/{rel}","templated":true}]}}