{"id":11631,"date":"2025-02-18T12:36:02","date_gmt":"2025-02-18T11:36:02","guid":{"rendered":"https:\/\/wiejskieprzysmaki.estima.site\/produkt\/roslinna-alternatywa-sera-zoltego-plastry-100-g-bezmiesny\/"},"modified":"2025-02-18T12:36:10","modified_gmt":"2025-02-18T11:36:10","slug":"roslinna-alternatywa-sera-zoltego-plastry-100-g-bezmiesny","status":"publish","type":"product","link":"https:\/\/wiejskieprzysmaki.estima.site\/en\/product\/roslinna-alternatywa-sera-zoltego-plastry-100-g-bezmiesny\/","title":{"rendered":"RO\u015aLINNA ALTERNATYWA SERA \u017b\u00d3\u0141TEGO PLASTRY 100 g  &#8211; BEZMI\u0118SNY"},"content":{"rendered":"<p>SK\u0141ADNIKI<br \/>woda, t\u0142uszcz kokosowy 21 %, skrobia modyfikowana, bia\u0142ko bobu 5 %, s\u00f3l, aromaty, regulator kwasowo\u015bci: kwas mlekowy; barwnik: karoteny; skrobia ziemniaczana<\/p>\n<p>OPIS<br \/>Ro\u015blinna alternatywa sera \u017c\u00f3\u0142tego na bazie t\u0142uszczu kokosowego. Produkt pakowany w atmosferze ochronnej<\/p>\n<p>WARTO\u015a\u0106 OD\u017bYWCZA w 100 g<br \/>Warto\u015b\u0107 energetyczna: 1126 kJ \/ 271 kcal<br \/>T\u0142uszcz: 21 g<br \/>w tym kwasy t\u0142uszczowe nasycone: 19 g<br \/>W\u0119glowodany: 16 g<br \/>w tym cukry: &lt;0,5 g<br \/>Bia\u0142ko: 4,5 g<br \/>S\u00f3l: 2,1 g<\/p>\n<p>ZALECANE WARUNKI PRZECHOWYWANIA<br \/>Przechowywa\u0107 w temperaturze od + 2\u00b0C do + 6\u00b0C<\/p>","protected":false},"excerpt":{"rendered":"<p>SK\u0141ADNIKIwoda, t\u0142uszcz kokosowy 21 %, skrobia modyfikowana, bia\u0142ko bobu 5 %, s\u00f3l, aromaty, regulator kwasowo\u015bci: kwas mlekowy; barwnik: karoteny; skrobia ziemniaczana OPISRo\u015blinna alternatywa sera \u017c\u00f3\u0142tego na bazie t\u0142uszczu kokosowego. Produkt pakowany w atmosferze ochronnej WARTO\u015a\u0106 OD\u017bYWCZA w 100 gWarto\u015b\u0107 energetyczna: 1126 kJ \/ 271 kcalT\u0142uszcz: 21 gw tym kwasy t\u0142uszczowe nasycone: 19 gW\u0119glowodany: 16 gw [&hellip;]<\/p>","protected":false},"featured_media":11632,"comment_status":"closed","ping_status":"open","template":"","meta":{"_acf_changed":false},"product_brand":[],"product_cat":[274,484],"product_tag":[],"class_list":{"0":"post-11631","1":"product","2":"type-product","3":"status-publish","4":"has-post-thumbnail","6":"product_cat-lodowka-inne","7":"product_cat-roslinne-alternatywy-sera-miesa","8":"pa_ean-matka-8734","9":"pa_gwarancja-przydatnosci-7864","10":"pa_ilosc-w-opakowaniu-350","11":"pa_jednostka-podstawowa-szt","12":"pa_kod-cn-2106-90-98","13":"pa_masa-netto-242","14":"pa_objetosc-brutto-5391","15":"pa_producent-bezmiesny-vege-wedliny","16":"pa_producent-nazwa-adres-bvtcher-sp-z-o-o-ul-flory-9-lok-8-00-586-warszawa","17":"pa_tagi-bez-cukru-w-skladnikach","18":"pa_tagi-bez-glutenu-w-skladnikach","19":"pa_tagi-weganski","20":"pa_tagi-wegetarianski","22":"first","23":"instock","24":"taxable","25":"shipping-taxable","26":"purchasable","27":"product-type-simple"},"acf":[],"_links":{"self":[{"href":"https:\/\/wiejskieprzysmaki.estima.site\/en\/wp-json\/wp\/v2\/product\/11631","targetHints":{"allow":["GET"]}}],"collection":[{"href":"https:\/\/wiejskieprzysmaki.estima.site\/en\/wp-json\/wp\/v2\/product"}],"about":[{"href":"https:\/\/wiejskieprzysmaki.estima.site\/en\/wp-json\/wp\/v2\/types\/product"}],"replies":[{"embeddable":true,"href":"https:\/\/wiejskieprzysmaki.estima.site\/en\/wp-json\/wp\/v2\/comments?post=11631"}],"wp:featuredmedia":[{"embeddable":true,"href":"https:\/\/wiejskieprzysmaki.estima.site\/en\/wp-json\/wp\/v2\/media\/11632"}],"wp:attachment":[{"href":"https:\/\/wiejskieprzysmaki.estima.site\/en\/wp-json\/wp\/v2\/media?parent=11631"}],"wp:term":[{"taxonomy":"product_brand","embeddable":true,"href":"https:\/\/wiejskieprzysmaki.estima.site\/en\/wp-json\/wp\/v2\/product_brand?post=11631"},{"taxonomy":"product_cat","embeddable":true,"href":"https:\/\/wiejskieprzysmaki.estima.site\/en\/wp-json\/wp\/v2\/product_cat?post=11631"},{"taxonomy":"product_tag","embeddable":true,"href":"https:\/\/wiejskieprzysmaki.estima.site\/en\/wp-json\/wp\/v2\/product_tag?post=11631"}],"curies":[{"name":"wp","href":"https:\/\/api.w.org\/{rel}","templated":true}]}}