{"id":1169,"date":"2025-02-18T10:34:47","date_gmt":"2025-02-18T09:34:47","guid":{"rendered":"https:\/\/wiejskieprzysmaki.estima.site\/produkt\/migdaly-w-czekoladzie-gorzkiej-bezglutenowe-bio-50-g-doti\/"},"modified":"2025-02-18T10:34:59","modified_gmt":"2025-02-18T09:34:59","slug":"migdaly-w-czekoladzie-gorzkiej-bezglutenowe-bio-50-g-doti","status":"publish","type":"product","link":"https:\/\/wiejskieprzysmaki.estima.site\/en\/product\/migdaly-w-czekoladzie-gorzkiej-bezglutenowe-bio-50-g-doti\/","title":{"rendered":"MIGDA\u0141Y W CZEKOLADZIE GORZKIEJ BEZGLUTENOWE BIO 50 g &#8211; DOTI"},"content":{"rendered":"<p>SK\u0141ADNIKI<br \/>czekolada* 69 % [miazga kakaowa*, cukier trzcinowy*, t\u0142uszcz kakaowy*, kakao o obni\u017conej zawarto\u015bci t\u0142uszczu*, emulgator: lecytyny (z SOI*)], MIGDA\u0141Y* 30 %, substancja glazuruj\u0105ca: guma arabska*, cukier*. (*certyfikowany sk\u0142adnik ekologiczny)<br \/>Czekolada: masa kakaowa minimum: 60 %. <\/p>\n<p>OPIS<br \/>Chrupi\u0105ce po\u0142\u0105czenie surowego ekologicznego migda\u0142a oraz organicznej, belgijskiej czekolady. Wysoka zawarto\u015b\u0107 b\u0142onnika. Opakowanie zawiera 2 sugerowane porcje produktu.<\/p>\n<p>WARTO\u015a\u0106 OD\u017bYWCZA W 100 g<br \/>Warto\u015b\u0107 energetyczna 2368 kJ\/571 kcal  <br \/>T\u0142uszcz: 44 g  <br \/>w tym kwasy t\u0142uszczowe nasycone: 18 g  <br \/>W\u0119glowodany: 30 g  <br \/>w tym cukry: 28 g  <br \/>B\u0142onnik: 9,5 g  <br \/>Bia\u0142ko: 9,8 g  <br \/>S\u00f3l: 0 g<\/p>\n<p>INFORMACJA ALERGENNA<br \/>Mo\u017ce zawiera\u0107 ORZECHY NERKOWCA.<\/p>\n<p>ZALECANE WARUNKI PRZECHOWYWANIA<br \/>Przechowywa\u0107 w suchym i ch\u0142odnym miejscu.  <\/p>","protected":false},"excerpt":{"rendered":"<p>SK\u0141ADNIKIczekolada* 69 % [miazga kakaowa*, cukier trzcinowy*, t\u0142uszcz kakaowy*, kakao o obni\u017conej zawarto\u015bci t\u0142uszczu*, emulgator: lecytyny (z SOI*)], MIGDA\u0141Y* 30 %, substancja glazuruj\u0105ca: guma arabska*, cukier*. (*certyfikowany sk\u0142adnik ekologiczny)Czekolada: masa kakaowa minimum: 60 %. OPISChrupi\u0105ce po\u0142\u0105czenie surowego ekologicznego migda\u0142a oraz organicznej, belgijskiej czekolady. Wysoka zawarto\u015b\u0107 b\u0142onnika. Opakowanie zawiera 2 sugerowane porcje produktu. WARTO\u015a\u0106 OD\u017bYWCZA W [&hellip;]<\/p>","protected":false},"featured_media":1170,"comment_status":"closed","ping_status":"open","template":"","meta":{"_acf_changed":false},"product_brand":[],"product_cat":[700,139],"product_tag":[],"class_list":{"0":"post-1169","1":"product","2":"type-product","3":"status-publish","4":"has-post-thumbnail","6":"product_cat-bakalie-w-czekol-i-kandyz","7":"product_cat-slodycze-i-przekaski","8":"pa_ean-matka-1260","9":"pa_gwarancja-przydatnosci-320","10":"pa_ilosc-w-opakowaniu-674","11":"pa_jednostka-podstawowa-szt","12":"pa_kod-cn-1806-90-19","13":"pa_masa-netto-461","14":"pa_objetosc-brutto-1257","15":"pa_producent-doti-produkty-w-deserowej-czekoladzie","16":"pa_producent-nazwa-adres-doti-spolka-jawna-manufaktura-d-m-mroczkowscy-smolec-starowiejska-39-55-080-katy-wroclawskie","17":"pa_tagi-bez-glutenu-deklaracja","18":"pa_tagi-bez-glutenu-w-skladnikach","19":"pa_tagi-certyfikat-bio","20":"pa_tagi-weganski","21":"pa_tagi-wegetarianski","23":"first","24":"instock","25":"taxable","26":"shipping-taxable","27":"purchasable","28":"product-type-simple"},"acf":[],"_links":{"self":[{"href":"https:\/\/wiejskieprzysmaki.estima.site\/en\/wp-json\/wp\/v2\/product\/1169","targetHints":{"allow":["GET"]}}],"collection":[{"href":"https:\/\/wiejskieprzysmaki.estima.site\/en\/wp-json\/wp\/v2\/product"}],"about":[{"href":"https:\/\/wiejskieprzysmaki.estima.site\/en\/wp-json\/wp\/v2\/types\/product"}],"replies":[{"embeddable":true,"href":"https:\/\/wiejskieprzysmaki.estima.site\/en\/wp-json\/wp\/v2\/comments?post=1169"}],"wp:featuredmedia":[{"embeddable":true,"href":"https:\/\/wiejskieprzysmaki.estima.site\/en\/wp-json\/wp\/v2\/media\/1170"}],"wp:attachment":[{"href":"https:\/\/wiejskieprzysmaki.estima.site\/en\/wp-json\/wp\/v2\/media?parent=1169"}],"wp:term":[{"taxonomy":"product_brand","embeddable":true,"href":"https:\/\/wiejskieprzysmaki.estima.site\/en\/wp-json\/wp\/v2\/product_brand?post=1169"},{"taxonomy":"product_cat","embeddable":true,"href":"https:\/\/wiejskieprzysmaki.estima.site\/en\/wp-json\/wp\/v2\/product_cat?post=1169"},{"taxonomy":"product_tag","embeddable":true,"href":"https:\/\/wiejskieprzysmaki.estima.site\/en\/wp-json\/wp\/v2\/product_tag?post=1169"}],"curies":[{"name":"wp","href":"https:\/\/api.w.org\/{rel}","templated":true}]}}