{"id":11741,"date":"2025-02-18T12:37:46","date_gmt":"2025-02-18T11:37:46","guid":{"rendered":"https:\/\/wiejskieprzysmaki.estima.site\/produkt\/chrupki-proteinowe-o-smaku-smietankowo-cebulowym-60-g-nordcrunch\/"},"modified":"2025-02-18T12:37:50","modified_gmt":"2025-02-18T11:37:50","slug":"chrupki-proteinowe-o-smaku-smietankowo-cebulowym-60-g-nordcrunch","status":"publish","type":"product","link":"https:\/\/wiejskieprzysmaki.estima.site\/en\/product\/chrupki-proteinowe-o-smaku-smietankowo-cebulowym-60-g-nordcrunch\/","title":{"rendered":"CHRUPKI PROTEINOWE O SMAKU \u015aMIETANKOWO &#8211; CEBULOWYM 60 g &#8211; NORDCRUNCH"},"content":{"rendered":"<p>SK\u0141ADNIKI<br \/>m\u0105ka z grochu, olej s\u0142onecznikowy, mieszanka m\u0105ki owsianej 12,5 % (m\u0105ka OWSIANA, bia\u0142ko z m\u0105ki OWSIANEJ), mieszanka przypraw 7 % (MLEKO w proszku, s\u00f3l, LAKTOZA, suszona cebula 10 %, cukier, aromaty, regulator kwasowo\u015bci: kwas askorbinowy, suszony koperek). <\/p>\n<p>OPIS<br \/>Chrupki proteinowe&nbsp;o wspania\u0142ym smaku \u015bmietankowo &#8211; cebulowym. Maj\u0105&nbsp;wysok\u0105 zawarto\u015b\u0107 b\u0142onnika&nbsp;i&nbsp;s\u0105 \u017ar\u00f3d\u0142em bia\u0142ka w por\u00f3wnaniu do zwyk\u0142ych chrupek. Ta kombinacja sprawia, \u017ce s\u0105 one idealnym wyborem&nbsp;dla ka\u017cdego, kto szuka&nbsp;alternatywy dla tradycyjnych chrupek. Mo\u017cna si\u0119 nimi delektowa\u0107 podczas ogl\u0105dania ulubionego filmu lub o ka\u017cdej porze dnia.<\/p>\n<p>WARTO\u015a\u0106 OD\u017bYWCZA w 100 g <br \/>Warto\u015b\u0107 energetyczna: 1649 kJ \/ 394 kcal<br \/>T\u0142uszcz: 17 g<br \/>w tym kwasy t\u0142uszczowe nasycone: 2,1 g<br \/>W\u0119glowodany: 49 g<br \/>w tym cukry: 4,6 g<br \/>B\u0142onnik: 7,8 g<br \/>Bia\u0142ko: 12 g<br \/>S\u00f3l: 1,6 g<\/p>\n<p>ZALECANE WARUNKI PRZECHOWYWANIA<br \/>Przechowywa\u0107 w suchym i ch\u0142odnym miejscu<\/p>","protected":false},"excerpt":{"rendered":"<p>SK\u0141ADNIKIm\u0105ka z grochu, olej s\u0142onecznikowy, mieszanka m\u0105ki owsianej 12,5 % (m\u0105ka OWSIANA, bia\u0142ko z m\u0105ki OWSIANEJ), mieszanka przypraw 7 % (MLEKO w proszku, s\u00f3l, LAKTOZA, suszona cebula 10 %, cukier, aromaty, regulator kwasowo\u015bci: kwas askorbinowy, suszony koperek). OPISChrupki proteinowe&nbsp;o wspania\u0142ym smaku \u015bmietankowo &#8211; cebulowym. Maj\u0105&nbsp;wysok\u0105 zawarto\u015b\u0107 b\u0142onnika&nbsp;i&nbsp;s\u0105 \u017ar\u00f3d\u0142em bia\u0142ka w por\u00f3wnaniu do zwyk\u0142ych chrupek. Ta [&hellip;]<\/p>","protected":false},"featured_media":11742,"comment_status":"closed","ping_status":"open","template":"","meta":{"_acf_changed":false},"product_brand":[],"product_cat":[422,139],"product_tag":[],"class_list":{"0":"post-11741","1":"product","2":"type-product","3":"status-publish","4":"has-post-thumbnail","6":"product_cat-chipsy-chrupki-popcorn","7":"product_cat-slodycze-i-przekaski","8":"pa_ean-matka-8805","9":"pa_gwarancja-przydatnosci-320","10":"pa_ilosc-w-opakowaniu-374","11":"pa_jednostka-podstawowa-szt","12":"pa_kod-cn-1905-90-55","13":"pa_masa-netto-284","14":"pa_objetosc-brutto-5453","15":"pa_producent-nordcrunch-chrupki-chipsy","16":"pa_producent-nazwa-adres-nordcrunch-jelgavas-county-gludas-parish-industrialais-parks-latvia-lv-3040","17":"pa_tagi-wegetarianski","19":"first","20":"instock","21":"taxable","22":"shipping-taxable","23":"purchasable","24":"product-type-simple"},"acf":[],"_links":{"self":[{"href":"https:\/\/wiejskieprzysmaki.estima.site\/en\/wp-json\/wp\/v2\/product\/11741","targetHints":{"allow":["GET"]}}],"collection":[{"href":"https:\/\/wiejskieprzysmaki.estima.site\/en\/wp-json\/wp\/v2\/product"}],"about":[{"href":"https:\/\/wiejskieprzysmaki.estima.site\/en\/wp-json\/wp\/v2\/types\/product"}],"replies":[{"embeddable":true,"href":"https:\/\/wiejskieprzysmaki.estima.site\/en\/wp-json\/wp\/v2\/comments?post=11741"}],"wp:featuredmedia":[{"embeddable":true,"href":"https:\/\/wiejskieprzysmaki.estima.site\/en\/wp-json\/wp\/v2\/media\/11742"}],"wp:attachment":[{"href":"https:\/\/wiejskieprzysmaki.estima.site\/en\/wp-json\/wp\/v2\/media?parent=11741"}],"wp:term":[{"taxonomy":"product_brand","embeddable":true,"href":"https:\/\/wiejskieprzysmaki.estima.site\/en\/wp-json\/wp\/v2\/product_brand?post=11741"},{"taxonomy":"product_cat","embeddable":true,"href":"https:\/\/wiejskieprzysmaki.estima.site\/en\/wp-json\/wp\/v2\/product_cat?post=11741"},{"taxonomy":"product_tag","embeddable":true,"href":"https:\/\/wiejskieprzysmaki.estima.site\/en\/wp-json\/wp\/v2\/product_tag?post=11741"}],"curies":[{"name":"wp","href":"https:\/\/api.w.org\/{rel}","templated":true}]}}