{"id":11743,"date":"2025-02-18T12:37:46","date_gmt":"2025-02-18T11:37:46","guid":{"rendered":"https:\/\/wiejskieprzysmaki.estima.site\/produkt\/beta-karoten-complex-bezglutenowy-60-kapsulek-pharmovit-clean-label\/"},"modified":"2025-02-20T15:11:33","modified_gmt":"2025-02-20T14:11:33","slug":"beta-karoten-complex-bezglutenowy-60-kapsulek-pharmovit-clean-label","status":"publish","type":"product","link":"https:\/\/wiejskieprzysmaki.estima.site\/en\/product\/beta-karoten-complex-bezglutenowy-60-kapsulek-pharmovit-clean-label\/","title":{"rendered":"BETA-KAROTEN COMPLEX BEZGLUTENOWY 60 KAPSU\u0141EK &#8211; PHARMOVIT (CLEAN LABEL)"},"content":{"rendered":"<p>SK\u0141ADNIKI <br \/>Inulina ORAFTI\u00aeGR; beta-karoten pochodzacy z biofermentacji; kapsu\u0142ka celulozowa: hydroksypropylometyloceluloza; witamina E (bursztynian D-alfa-tokoferylu); BioPerine\u00ae \u2013 ekstrakt z owoc\u00f3w pieprzu czarnego standaryzowany na 95 % piperyny.&nbsp;BioPerine\u00ae jest zastrze\u017conym znakiem towarowym firmy SABINSA.<\/p>\n<p>Sk\u0142adniki w porcji dziennej &#8211; 1 kapsu\u0142ka<br \/>Beta-karoten &#8211; 7 mg\/11 667 IU<br \/>Witamina E &#8211; 12 mg (100 % RWS)*<br \/>BioPerine\u00ae ekstrakt z owoc\u00f3w pieprzu czarnego (Piper nigrum) &#8211; 2 mg<br \/>w tym piperyna &#8211; 1,9 mg<br \/>Inulina Orafti\u00aeGR &#8211; 182 mg<\/p>\n<p>*RWS &#8211; Referencyjne warto\u015bci spo\u017cycia<\/p>\n<p>OPIS <br \/>Beta-karoten Complex to suplement diety zawieraj\u0105cy beta-karoten pochodzenia naturalnego, powstaj\u0105cy w procesie biofermentacji Blakeslea trispora. Jest substancj\u0105 zaliczan\u0105 do karotenoid\u00f3w. Beta-karoten jest prekursorem witaminy A, odpowiada w organizmie za jej produkcj\u0119. Z tego powodu beta-karoten cz\u0119sto nazywany jest Prowitamin\u0105 A. Ca\u0142y proces odbywa si\u0119 w jelitach oraz w w\u0105trobie na skutek dzia\u0142ania wyspecjalizowanych cz\u0105steczek. Witamina A pomaga w zachowaniu zdrowej sk\u00f3ry, w utrzymaniu prawid\u0142owego widzenia oraz pomaga w prawid\u0142owym funkcjonowaniu uk\u0142adu odporno\u015bciowego. Witamina E pomaga w ochronie kom\u00f3rek przed stresem oksydacyjnym. <br \/>Produkt nie zawiera substancji wype\u0142niaj\u0105cych, przeciwzbrylaj\u0105cych, barwnik\u00f3w.<\/p>\n<p>ZALECANE SPO\u017bYCIE I INNE UWAGI <br \/>Zalecana porcja produktu do spo\u017cycia w ci\u0105gu dnia niezb\u0119dna do uzyskania korzystnego dzia\u0142ania produktu: Spo\u017cywa\u0107 1 kapsu\u0142k\u0119 dziennie w trakcie posi\u0142ku. Popi\u0107 wod\u0105 (250 ml). Zalecana porcja dzienna to 1 kapsu\u0142ka. <br \/>Nie nale\u017cy przekracza\u0107 zalecanej porcji do spo\u017cycia w ci\u0105gu dnia. Nie stosowa\u0107 w przypadku uczulenia na kt\u00f3rykolwiek ze sk\u0142adnik\u00f3w. Produkt dla doros\u0142ych. Nie stosowa\u0107 u dzieci,&nbsp;kobiet w ci\u0105\u017cy i w trakcie laktacji. Produkt nie mo\u017ce by\u0107 stosowany jako substytut zr\u00f3\u017cnicowanej diety. Wa\u017cne jest prowadzenie zdrowego trybu \u017cycia i zr\u00f3wnowa\u017conego sposobu \u017cywienia.<br \/>Produkt cechuje si\u0119 charakterystycznym zapachem. <\/p>\n<p>ZALECANE WARUNKI PRZECHOWYWANIA<br \/>Chroni\u0107 przed \u015bwiat\u0142em. Przechowywa\u0107 w szczelnie zamkni\u0119tym opakowaniu, w temperaturze pokojowej, w suchym miejscu, w spos\u00f3b niedost\u0119pny dla ma\u0142ych dzieci. <\/p>","protected":false},"excerpt":{"rendered":"<p>SK\u0141ADNIKI Inulina ORAFTI\u00aeGR; beta-karoten pochodzacy z biofermentacji; kapsu\u0142ka celulozowa: hydroksypropylometyloceluloza; witamina E (bursztynian D-alfa-tokoferylu); BioPerine\u00ae \u2013 ekstrakt z owoc\u00f3w pieprzu czarnego standaryzowany na 95 % piperyny.&nbsp;BioPerine\u00ae jest zastrze\u017conym znakiem towarowym firmy SABINSA. Sk\u0142adniki w porcji dziennej &#8211; 1 kapsu\u0142kaBeta-karoten &#8211; 7 mg\/11 667 IUWitamina E &#8211; 12 mg (100 % RWS)*BioPerine\u00ae ekstrakt z owoc\u00f3w pieprzu [&hellip;]<\/p>","protected":false},"featured_media":11744,"comment_status":"closed","ping_status":"open","template":"","meta":{"_acf_changed":false},"product_brand":[],"product_cat":[1497,9057],"product_tag":[],"class_list":{"0":"post-11743","1":"product","2":"type-product","3":"status-publish","4":"has-post-thumbnail","6":"product_cat-kapsulki-tabletki","7":"product_cat-suplementy-diety","8":"pa_ean-matka-8807","9":"pa_gwarancja-przydatnosci-320","10":"pa_ilosc-w-opakowaniu-331","11":"pa_jednostka-podstawowa-szt","12":"pa_kod-cn-2106-90-92","13":"pa_masa-netto-737","14":"pa_objetosc-brutto-1332","15":"pa_producent-pharmovit-suplementy-diety","16":"pa_producent-nazwa-adres-pharmovit-dystrybucja-spolka-z-ograniczona-odpowiedzialnoscia-ul-kostrogaj-9d-09-400-plock","17":"pa_tagi-bez-cukru-w-skladnikach","18":"pa_tagi-bez-glutenu-deklaracja","19":"pa_tagi-bez-glutenu-w-skladnikach","20":"pa_tagi-weganski","21":"pa_tagi-wegetarianski","23":"first","24":"instock","25":"taxable","26":"shipping-taxable","27":"purchasable","28":"product-type-simple"},"acf":[],"_links":{"self":[{"href":"https:\/\/wiejskieprzysmaki.estima.site\/en\/wp-json\/wp\/v2\/product\/11743","targetHints":{"allow":["GET"]}}],"collection":[{"href":"https:\/\/wiejskieprzysmaki.estima.site\/en\/wp-json\/wp\/v2\/product"}],"about":[{"href":"https:\/\/wiejskieprzysmaki.estima.site\/en\/wp-json\/wp\/v2\/types\/product"}],"replies":[{"embeddable":true,"href":"https:\/\/wiejskieprzysmaki.estima.site\/en\/wp-json\/wp\/v2\/comments?post=11743"}],"wp:featuredmedia":[{"embeddable":true,"href":"https:\/\/wiejskieprzysmaki.estima.site\/en\/wp-json\/wp\/v2\/media\/11744"}],"wp:attachment":[{"href":"https:\/\/wiejskieprzysmaki.estima.site\/en\/wp-json\/wp\/v2\/media?parent=11743"}],"wp:term":[{"taxonomy":"product_brand","embeddable":true,"href":"https:\/\/wiejskieprzysmaki.estima.site\/en\/wp-json\/wp\/v2\/product_brand?post=11743"},{"taxonomy":"product_cat","embeddable":true,"href":"https:\/\/wiejskieprzysmaki.estima.site\/en\/wp-json\/wp\/v2\/product_cat?post=11743"},{"taxonomy":"product_tag","embeddable":true,"href":"https:\/\/wiejskieprzysmaki.estima.site\/en\/wp-json\/wp\/v2\/product_tag?post=11743"}],"curies":[{"name":"wp","href":"https:\/\/api.w.org\/{rel}","templated":true}]}}