{"id":11759,"date":"2025-02-18T12:38:00","date_gmt":"2025-02-18T11:38:00","guid":{"rendered":"https:\/\/wiejskieprzysmaki.estima.site\/produkt\/omega-3-max-bezglutenowe-60-kapsulek-pharmovit-clean-label\/"},"modified":"2025-02-20T15:11:33","modified_gmt":"2025-02-20T14:11:33","slug":"omega-3-max-bezglutenowe-60-kapsulek-pharmovit-clean-label","status":"publish","type":"product","link":"https:\/\/wiejskieprzysmaki.estima.site\/en\/product\/omega-3-max-bezglutenowe-60-kapsulek-pharmovit-clean-label\/","title":{"rendered":"OMEGA-3 MAX BEZGLUTENOWE 60 KAPSU\u0141EK &#8211; PHARMOVIT (CLEAN LABEL)"},"content":{"rendered":"<p>SK\u0141ADNIKI <br \/>Olej rybi (RYBY) standaryzowany na 33 % kwasu eikozapentaenowego (EPA) i 22 % kwasu dokozaheksaenowego (DHA), otoczka kapsu\u0142ki: \u017celatyna, substancja utrzymuj\u0105ca wilgo\u0107: glicerol, woda, przeciwutleniacz: mieszanina tokoferoli.<\/p>\n<p>Sk\u0142adniki w porcji dziennej &#8211; 1 kapsu\u0142ka<br \/>Olej rybi &#8211; 1000 mg<br \/>w tym kwas eikozapentaenowy (EPA) &#8211; 330 mg<br \/>w tym kwas dokozaheksaenowy (DHA) &#8211; 220 mg<\/p>\n<p>OPIS <br \/>To suplement diety zawieraj\u0105cy nienasycone kwasy t\u0142uszczowe omega 3 pochodz\u0105ce z oleju rybiego. Olej rybi zawarty w mi\u0119kkich kapsu\u0142kach softgel jest \u017ar\u00f3d\u0142em kwas\u00f3w EPA i DHA. Kwasy EPA i DHA przyczyniaj\u0105 si\u0119 do prawid\u0142owego funkcjonowania serca. Korzystne dzia\u0142anie wyst\u0119puje w przypadku spo\u017cywania 250 mg EPA i DHA dziennie. Dodatkowo kwas DHA przyczynia si\u0119 do utrzymania prawid\u0142owego funkcjonowania m\u00f3zgu i utrzymania prawid\u0142owego widzenia. Korzystne dzia\u0142anie wyst\u0119puje w przypadku spo\u017cywania 250 mg DHA dziennie. <\/p>\n<p>ZALECANE SPO\u017bYCIE I INNE UWAGI <br \/>Zalecana porcja produktu do spo\u017cycia w ci\u0105gu dnia niezb\u0119dna do uzyskania korzystnego dzia\u0142ania produktu: Spo\u017cywa\u0107 1 kapsu\u0142k\u0119 dziennie w trakcie posi\u0142ku. Popi\u0107 wod\u0105 (250 ml). Zalecana porcja dzienna to 1 kapsu\u0142ka. <br \/>Nie nale\u017cy przekracza\u0107 zalecanej porcji do spo\u017cycia w ci\u0105gu dnia. Nie stosowa\u0107 w przypadku uczulenia na kt\u00f3rykolwiek ze sk\u0142adnik\u00f3w. Produkt dla doros\u0142ych. Spo\u017cywania produktu nie zaleca si\u0119 kobietom w ci\u0105\u017cy i karmi\u0105cym piersi\u0105. Produkt nie mo\u017ce by\u0107 stosowany jako substytut zr\u00f3\u017cnicowanej diety. Wa\u017cne jest prowadzenie zdrowego trybu \u017cycia i zr\u00f3wnowa\u017conego sposobu \u017cywienia.<\/p>\n<p>ZALECANE WARUNKI PRZECHOWYWANIA<br \/>Chroni\u0107 przed \u015bwiat\u0142em. Przechowywa\u0107 w szczelnie zamkni\u0119tym opakowaniu, w temperaturze pokojowej, w suchym miejscu, w spos\u00f3b niedost\u0119pny dla ma\u0142ych dzieci. <\/p>","protected":false},"excerpt":{"rendered":"<p>SK\u0141ADNIKI Olej rybi (RYBY) standaryzowany na 33 % kwasu eikozapentaenowego (EPA) i 22 % kwasu dokozaheksaenowego (DHA), otoczka kapsu\u0142ki: \u017celatyna, substancja utrzymuj\u0105ca wilgo\u0107: glicerol, woda, przeciwutleniacz: mieszanina tokoferoli. Sk\u0142adniki w porcji dziennej &#8211; 1 kapsu\u0142kaOlej rybi &#8211; 1000 mgw tym kwas eikozapentaenowy (EPA) &#8211; 330 mgw tym kwas dokozaheksaenowy (DHA) &#8211; 220 mg OPIS To [&hellip;]<\/p>","protected":false},"featured_media":11760,"comment_status":"closed","ping_status":"open","template":"","meta":{"_acf_changed":false},"product_brand":[],"product_cat":[1497,9057],"product_tag":[],"class_list":{"0":"post-11759","1":"product","2":"type-product","3":"status-publish","4":"has-post-thumbnail","6":"product_cat-kapsulki-tabletki","7":"product_cat-suplementy-diety","8":"pa_ean-matka-8815","9":"pa_gwarancja-przydatnosci-320","10":"pa_ilosc-w-opakowaniu-331","11":"pa_jednostka-podstawowa-szt","12":"pa_kod-cn-2106-90-92","13":"pa_masa-netto-7406","14":"pa_objetosc-brutto-2530","15":"pa_producent-pharmovit-suplementy-diety","16":"pa_producent-nazwa-adres-pharmovit-dystrybucja-spolka-z-ograniczona-odpowiedzialnoscia-ul-kostrogaj-9d-09-400-plock","17":"pa_tagi-bez-cukru-w-skladnikach","18":"pa_tagi-bez-glutenu-deklaracja","19":"pa_tagi-bez-glutenu-w-skladnikach","21":"first","22":"instock","23":"taxable","24":"shipping-taxable","25":"purchasable","26":"product-type-simple"},"acf":[],"_links":{"self":[{"href":"https:\/\/wiejskieprzysmaki.estima.site\/en\/wp-json\/wp\/v2\/product\/11759","targetHints":{"allow":["GET"]}}],"collection":[{"href":"https:\/\/wiejskieprzysmaki.estima.site\/en\/wp-json\/wp\/v2\/product"}],"about":[{"href":"https:\/\/wiejskieprzysmaki.estima.site\/en\/wp-json\/wp\/v2\/types\/product"}],"replies":[{"embeddable":true,"href":"https:\/\/wiejskieprzysmaki.estima.site\/en\/wp-json\/wp\/v2\/comments?post=11759"}],"wp:featuredmedia":[{"embeddable":true,"href":"https:\/\/wiejskieprzysmaki.estima.site\/en\/wp-json\/wp\/v2\/media\/11760"}],"wp:attachment":[{"href":"https:\/\/wiejskieprzysmaki.estima.site\/en\/wp-json\/wp\/v2\/media?parent=11759"}],"wp:term":[{"taxonomy":"product_brand","embeddable":true,"href":"https:\/\/wiejskieprzysmaki.estima.site\/en\/wp-json\/wp\/v2\/product_brand?post=11759"},{"taxonomy":"product_cat","embeddable":true,"href":"https:\/\/wiejskieprzysmaki.estima.site\/en\/wp-json\/wp\/v2\/product_cat?post=11759"},{"taxonomy":"product_tag","embeddable":true,"href":"https:\/\/wiejskieprzysmaki.estima.site\/en\/wp-json\/wp\/v2\/product_tag?post=11759"}],"curies":[{"name":"wp","href":"https:\/\/api.w.org\/{rel}","templated":true}]}}